{"id":1028,"date":"2024-11-29T21:01:59","date_gmt":"2024-11-29T21:01:59","guid":{"rendered":"https:\/\/salamrassi.com\/?page_id=1028"},"modified":"2024-11-29T21:28:53","modified_gmt":"2024-11-29T21:28:53","slug":"a-propos","status":"publish","type":"page","link":"https:\/\/salamrassi.com\/en\/a-propos\/","title":{"rendered":"ABOUT"},"content":{"rendered":"<div style=\"height:75px\" aria-hidden=\"true\" class=\"wp-block-spacer colored-spacer\"><\/div>\n\n\n\n<div style=\"height:30px\" aria-hidden=\"true\" class=\"wp-block-spacer\"><\/div>\n\n\n\n<p class=\"has-text-align-center\"><\/p>\n\n\n<style>.kb-row-layout-id1028_113ef3-f4 > .kt-row-column-wrap{align-content:start;}:where(.kb-row-layout-id1028_113ef3-f4 > .kt-row-column-wrap) > .wp-block-kadence-column{justify-content:start;}.kb-row-layout-id1028_113ef3-f4 > .kt-row-column-wrap{column-gap:var(--global-kb-gap-md, 2rem);row-gap:var(--global-kb-gap-md, 2rem);padding-top:var(--global-kb-spacing-sm, 1.5rem);padding-bottom:var(--global-kb-spacing-sm, 1.5rem);grid-template-columns:minmax(0, calc(10% - ((var(--global-kb-gap-md, 2rem) * 2 )\/3)))minmax(0, calc(75% - ((var(--global-kb-gap-md, 2rem) * 2 )\/3)))minmax(0, calc(15% - ((var(--global-kb-gap-md, 2rem) * 2 )\/3)));}.kb-row-layout-id1028_113ef3-f4 > .kt-row-layout-overlay{opacity:0.30;}@media all and (max-width: 1024px){.kb-row-layout-id1028_113ef3-f4 > .kt-row-column-wrap > div:not(.added-for-specificity){grid-column:initial;}}@media all and (max-width: 1024px){.kb-row-layout-id1028_113ef3-f4 > .kt-row-column-wrap{grid-template-columns:minmax(0, 1fr) minmax(0, 6fr) minmax(0, 1fr);}}@media all and (max-width: 767px){.kb-row-layout-id1028_113ef3-f4 > .kt-row-column-wrap > div:not(.added-for-specificity){grid-column:initial;}.kb-row-layout-id1028_113ef3-f4 > .kt-row-column-wrap{grid-template-columns:minmax(0, 1fr);}}<\/style><div class=\"kb-row-layout-wrap kb-row-layout-id1028_113ef3-f4 alignnone wp-block-kadence-rowlayout\"><div class=\"kt-row-column-wrap kt-has-3-columns kt-row-layout-center-exwide kt-tab-layout-inherit kt-mobile-layout-row kt-row-valign-top\">\n<style>.kadence-column1028_b39d97-06 > .kt-inside-inner-col,.kadence-column1028_b39d97-06 > .kt-inside-inner-col:before{border-top-left-radius:0px;border-top-right-radius:0px;border-bottom-right-radius:0px;border-bottom-left-radius:0px;}.kadence-column1028_b39d97-06 > .kt-inside-inner-col{column-gap:var(--global-kb-gap-sm, 1rem);}.kadence-column1028_b39d97-06 > .kt-inside-inner-col{flex-direction:column;}.kadence-column1028_b39d97-06 > .kt-inside-inner-col > .aligncenter{width:100%;}.kadence-column1028_b39d97-06 > .kt-inside-inner-col:before{opacity:0.3;}.kadence-column1028_b39d97-06{position:relative;}@media all and (max-width: 1024px){.kadence-column1028_b39d97-06 > .kt-inside-inner-col{flex-direction:column;justify-content:center;}}@media all and (max-width: 767px){.kadence-column1028_b39d97-06 > .kt-inside-inner-col{flex-direction:column;justify-content:center;}}<\/style>\n<div class=\"wp-block-kadence-column kadence-column1028_b39d97-06\"><div class=\"kt-inside-inner-col\"><\/div><\/div>\n\n\n<style>.kadence-column1028_cb2169-48 > .kt-inside-inner-col,.kadence-column1028_cb2169-48 > .kt-inside-inner-col:before{border-top-left-radius:0px;border-top-right-radius:0px;border-bottom-right-radius:0px;border-bottom-left-radius:0px;}.kadence-column1028_cb2169-48 > .kt-inside-inner-col{column-gap:var(--global-kb-gap-sm, 1rem);}.kadence-column1028_cb2169-48 > .kt-inside-inner-col{flex-direction:column;}.kadence-column1028_cb2169-48 > .kt-inside-inner-col > .aligncenter{width:100%;}.kadence-column1028_cb2169-48 > .kt-inside-inner-col:before{opacity:0.3;}.kadence-column1028_cb2169-48{position:relative;}@media all and (max-width: 1024px){.kadence-column1028_cb2169-48 > .kt-inside-inner-col{flex-direction:column;justify-content:center;}}@media all and (max-width: 767px){.kadence-column1028_cb2169-48 > .kt-inside-inner-col{padding-left:var(--global-kb-spacing-sm, 1.5rem);flex-direction:column;justify-content:center;}}<\/style>\n<div class=\"wp-block-kadence-column kadence-column1028_cb2169-48\"><div class=\"kt-inside-inner-col\"><div class=\"aioseo-breadcrumbs\"><span class=\"aioseo-breadcrumb\">\n\t\t\t<a href=\"https:\/\/salamrassi.com\/en\" title=\"Home\">Home<\/a>\n\t\t<\/span><\/div><\/div><\/div>\n\n\n<style>.kadence-column1028_d8234a-39 > .kt-inside-inner-col,.kadence-column1028_d8234a-39 > .kt-inside-inner-col:before{border-top-left-radius:0px;border-top-right-radius:0px;border-bottom-right-radius:0px;border-bottom-left-radius:0px;}.kadence-column1028_d8234a-39 > .kt-inside-inner-col{column-gap:var(--global-kb-gap-sm, 1rem);}.kadence-column1028_d8234a-39 > .kt-inside-inner-col{flex-direction:column;}.kadence-column1028_d8234a-39 > .kt-inside-inner-col > .aligncenter{width:100%;}.kadence-column1028_d8234a-39 > .kt-inside-inner-col:before{opacity:0.3;}.kadence-column1028_d8234a-39{position:relative;}@media all and (max-width: 1024px){.kadence-column1028_d8234a-39 > .kt-inside-inner-col{flex-direction:column;justify-content:center;}}@media all and (max-width: 767px){.kadence-column1028_d8234a-39 > .kt-inside-inner-col{flex-direction:column;justify-content:center;}}<\/style>\n<div class=\"wp-block-kadence-column kadence-column1028_d8234a-39\"><div class=\"kt-inside-inner-col\"><\/div><\/div>\n\n<\/div><\/div>\n\n<style>.kb-row-layout-id1028_d68cda-29 > .kt-row-column-wrap{align-content:start;}:where(.kb-row-layout-id1028_d68cda-29 > .kt-row-column-wrap) > .wp-block-kadence-column{justify-content:start;}.kb-row-layout-id1028_d68cda-29 > .kt-row-column-wrap{column-gap:var(--global-kb-gap-md, 2rem);row-gap:var(--global-kb-gap-md, 2rem);padding-top:var(--global-kb-spacing-sm, 1.5rem);padding-bottom:var(--global-kb-spacing-sm, 1.5rem);grid-template-columns:minmax(0, calc(10% - ((var(--global-kb-gap-md, 2rem) * 3 )\/4)))minmax(0, calc(57.4% - ((var(--global-kb-gap-md, 2rem) * 3 )\/4)))minmax(0, calc(22.6% - ((var(--global-kb-gap-md, 2rem) * 3 )\/4)))minmax(0, calc(10% - ((var(--global-kb-gap-md, 2rem) * 3 )\/4)));}.kb-row-layout-id1028_d68cda-29 > .kt-row-layout-overlay{opacity:0.30;}@media all and (max-width: 1024px){.kb-row-layout-id1028_d68cda-29 > .kt-row-column-wrap > div:not(.added-for-specificity){grid-column:initial;}}@media all and (max-width: 1024px){.kb-row-layout-id1028_d68cda-29 > .kt-row-column-wrap{grid-template-columns:repeat(4, minmax(0, 1fr));}}@media all and (max-width: 767px){.kb-row-layout-id1028_d68cda-29 > .kt-row-column-wrap{padding-right:var(--global-kb-spacing-xs, 1rem);padding-left:var(--global-kb-spacing-xs, 1rem);grid-template-columns:minmax(0, 1fr);}.kb-row-layout-id1028_d68cda-29 > .kt-row-column-wrap > div:not(.added-for-specificity){grid-column:initial;}}<\/style><div class=\"kb-row-layout-wrap kb-row-layout-id1028_d68cda-29 alignnone wp-block-kadence-rowlayout\"><div class=\"kt-row-column-wrap kt-has-4-columns kt-row-layout-equal kt-tab-layout-inherit kt-mobile-layout-row kt-row-valign-top\">\n<style>.kadence-column1028_f952b6-87 > .kt-inside-inner-col,.kadence-column1028_f952b6-87 > .kt-inside-inner-col:before{border-top-left-radius:0px;border-top-right-radius:0px;border-bottom-right-radius:0px;border-bottom-left-radius:0px;}.kadence-column1028_f952b6-87 > .kt-inside-inner-col{column-gap:var(--global-kb-gap-sm, 1rem);}.kadence-column1028_f952b6-87 > .kt-inside-inner-col{flex-direction:column;}.kadence-column1028_f952b6-87 > .kt-inside-inner-col > .aligncenter{width:100%;}.kadence-column1028_f952b6-87 > .kt-inside-inner-col:before{opacity:0.3;}.kadence-column1028_f952b6-87{position:relative;}@media all and (max-width: 1024px){.kadence-column1028_f952b6-87 > .kt-inside-inner-col{flex-direction:column;justify-content:center;}}@media all and (max-width: 767px){.kadence-column1028_f952b6-87 > .kt-inside-inner-col{flex-direction:column;justify-content:center;}}<\/style>\n<div class=\"wp-block-kadence-column kadence-column1028_f952b6-87\"><div class=\"kt-inside-inner-col\"><\/div><\/div>\n\n\n<style>.kadence-column1028_f90f0a-d6 > .kt-inside-inner-col,.kadence-column1028_f90f0a-d6 > .kt-inside-inner-col:before{border-top-left-radius:0px;border-top-right-radius:0px;border-bottom-right-radius:0px;border-bottom-left-radius:0px;}.kadence-column1028_f90f0a-d6 > .kt-inside-inner-col{column-gap:var(--global-kb-gap-sm, 1rem);}.kadence-column1028_f90f0a-d6 > .kt-inside-inner-col{flex-direction:column;}.kadence-column1028_f90f0a-d6 > .kt-inside-inner-col > .aligncenter{width:100%;}.kadence-column1028_f90f0a-d6 > .kt-inside-inner-col:before{opacity:0.3;}.kadence-column1028_f90f0a-d6{position:relative;}@media all and (max-width: 1024px){.kadence-column1028_f90f0a-d6 > .kt-inside-inner-col{flex-direction:column;justify-content:center;}}@media all and (max-width: 767px){.kadence-column1028_f90f0a-d6 > .kt-inside-inner-col{flex-direction:column;justify-content:center;}}<\/style>\n<div class=\"wp-block-kadence-column kadence-column1028_f90f0a-d6\"><div class=\"kt-inside-inner-col\"><style>.kadence-column1028_76b300-d7 > .kt-inside-inner-col,.kadence-column1028_76b300-d7 > .kt-inside-inner-col:before{border-top-left-radius:0px;border-top-right-radius:0px;border-bottom-right-radius:0px;border-bottom-left-radius:0px;}.kadence-column1028_76b300-d7 > .kt-inside-inner-col{column-gap:var(--global-kb-gap-sm, 1rem);}.kadence-column1028_76b300-d7 > .kt-inside-inner-col{flex-direction:column;}.kadence-column1028_76b300-d7 > .kt-inside-inner-col > .aligncenter{width:100%;}.kadence-column1028_76b300-d7 > .kt-inside-inner-col:before{opacity:0.3;}.kadence-column1028_76b300-d7{position:relative;}@media all and (max-width: 1024px){.kadence-column1028_76b300-d7 > .kt-inside-inner-col{flex-direction:column;justify-content:center;}}@media all and (max-width: 767px){.kadence-column1028_76b300-d7 > .kt-inside-inner-col{flex-direction:column;justify-content:center;}}<\/style>\n<div class=\"wp-block-kadence-column kadence-column1028_76b300-d7\"><div class=\"kt-inside-inner-col\">\n<figure data-wp-context=\"{&quot;imageId&quot;:&quot;69e3952a0c9b3&quot;}\" data-wp-interactive=\"core\/image\" data-wp-key=\"69e3952a0c9b3\" class=\"wp-block-image size-large wp-lightbox-container\"><img loading=\"lazy\" decoding=\"async\" width=\"1024\" height=\"550\" data-wp-class--hide=\"state.isContentHidden\" data-wp-class--show=\"state.isContentVisible\" data-wp-init=\"callbacks.setButtonStyles\" data-wp-on--click=\"actions.showLightbox\" data-wp-on--load=\"callbacks.setButtonStyles\" data-wp-on-window--resize=\"callbacks.setButtonStyles\" src=\"https:\/\/salamrassi.com\/wp-content\/uploads\/2024\/11\/Salam_Rassi_artisan-1024x550.jpg\" alt=\"\" class=\"wp-image-914\" srcset=\"https:\/\/salamrassi.com\/wp-content\/uploads\/2024\/11\/Salam_Rassi_artisan-1024x550.jpg 1024w, https:\/\/salamrassi.com\/wp-content\/uploads\/2024\/11\/Salam_Rassi_artisan-300x161.jpg 300w, https:\/\/salamrassi.com\/wp-content\/uploads\/2024\/11\/Salam_Rassi_artisan-768x412.jpg 768w, https:\/\/salamrassi.com\/wp-content\/uploads\/2024\/11\/Salam_Rassi_artisan-18x10.jpg 18w, https:\/\/salamrassi.com\/wp-content\/uploads\/2024\/11\/Salam_Rassi_artisan.jpg 1500w\" sizes=\"auto, (max-width: 1024px) 100vw, 1024px\" \/><button\n\t\t\tclass=\"lightbox-trigger\"\n\t\t\ttype=\"button\"\n\t\t\taria-haspopup=\"dialog\"\n\t\t\taria-label=\"Enlarge\"\n\t\t\tdata-wp-init=\"callbacks.initTriggerButton\"\n\t\t\tdata-wp-on--click=\"actions.showLightbox\"\n\t\t\tdata-wp-style--right=\"state.imageButtonRight\"\n\t\t\tdata-wp-style--top=\"state.imageButtonTop\"\n\t\t>\n\t\t\t<svg xmlns=\"http:\/\/www.w3.org\/2000\/svg\" width=\"12\" height=\"12\" fill=\"none\" viewbox=\"0 0 12 12\">\n\t\t\t\t<path fill=\"#fff\" d=\"M2 0a2 2 0 0 0-2 2v2h1.5V2a.5.5 0 0 1 .5-.5h2V0H2Zm2 10.5H2a.5.5 0 0 1-.5-.5V8H0v2a2 2 0 0 0 2 2h2v-1.5ZM8 12v-1.5h2a.5.5 0 0 0 .5-.5V8H12v2a2 2 0 0 1-2 2H8Zm2-12a2 2 0 0 1 2 2v2h-1.5V2a.5.5 0 0 0-.5-.5H8V0h2Z\" \/>\n\t\t\t<\/svg>\n\t\t<\/button><\/figure>\n<\/div><\/div>\n\n\n<style>.kadence-column1028_379f17-3f > .kt-inside-inner-col,.kadence-column1028_379f17-3f > .kt-inside-inner-col:before{border-top-left-radius:0px;border-top-right-radius:0px;border-bottom-right-radius:0px;border-bottom-left-radius:0px;}.kadence-column1028_379f17-3f > .kt-inside-inner-col{column-gap:var(--global-kb-gap-sm, 1rem);}.kadence-column1028_379f17-3f > .kt-inside-inner-col{flex-direction:column;}.kadence-column1028_379f17-3f > .kt-inside-inner-col > .aligncenter{width:100%;}.kadence-column1028_379f17-3f > .kt-inside-inner-col:before{opacity:0.3;}.kadence-column1028_379f17-3f{position:relative;}@media all and (max-width: 1024px){.kadence-column1028_379f17-3f > .kt-inside-inner-col{flex-direction:column;justify-content:center;}}@media all and (max-width: 767px){.kadence-column1028_379f17-3f > .kt-inside-inner-col{flex-direction:column;justify-content:center;}}<\/style>\n<div class=\"wp-block-kadence-column kadence-column1028_379f17-3f\"><div class=\"kt-inside-inner-col\">\n<div style=\"height:50px\" aria-hidden=\"true\" class=\"wp-block-spacer\"><\/div>\n\n\n\n<p class=\"has-small-font-size\" style=\"padding-top:0;padding-right:var(--wp--preset--spacing--30);padding-bottom:0;padding-left:var(--wp--preset--spacing--30)\">I take great pride in working exclusively with top-quality noble materials that embody character and soul. Each piece I create is unique, carrying its own indelible story. Designed for everyday use and portability, my leather bags and accessories are built to last a lifetime. This commitment to quality extends to my butcher blocks and presentation boards; they will only improve with age.<\/p>\n\n\n\n<p class=\"has-theme-palette-6-color has-text-color has-link-color has-medium-font-size wp-elements-432a7164b169e05300f42520d5991d4a\" style=\"padding-top:0;padding-right:var(--wp--preset--spacing--30);padding-bottom:0;padding-left:var(--wp--preset--spacing--30)\">Leather and Repurposed Fur<\/p>\n\n\n\n<p class=\"has-small-font-size\" style=\"padding-right:var(--wp--preset--spacing--30);padding-left:var(--wp--preset--spacing--30)\">My collection showcases meticulously designed leather handbags and accessories, some elegantly adorned with the perfect touch of repurposed fur. All hardware is crafted from solid brass or stainless steel, guaranteeing both durability and refined elegance. The thoughtful re-purposing of well-maintained furs adds a distinguished character to my leather handbags and accessories, elevating their distinctive appeal.<\/p>\n\n\n\n<p class=\"has-theme-palette-6-color has-text-color has-link-color has-medium-font-size wp-elements-f5594c51bb9114ab445653371fab7b1d\" style=\"padding-top:0;padding-right:var(--wp--preset--spacing--30);padding-bottom:0;padding-left:var(--wp--preset--spacing--30)\">Woodwork<\/p>\n\n\n\n<p class=\"has-small-font-size\" style=\"padding-right:var(--wp--preset--spacing--30);padding-left:var(--wp--preset--spacing--30)\">Every item is entirely handmade and finished in my studio, using repurposed antique and vintage hardwood tables\u2014walnut, cherry, maple, and oak\u2014aged to perfection over decades. Some pieces even date back to the mid to late 19th century. Occasionally, I source materials directly from my forest, utilizing fallen hardwood trees. All items have a food safe finish applied before being sold.<\/p>\n\n\n\n<p class=\"has-theme-palette-6-color has-text-color has-link-color has-medium-font-size wp-elements-a3fc465064f9afc53373193367750d74\" style=\"padding-right:var(--wp--preset--spacing--30);padding-left:var(--wp--preset--spacing--30)\">About Salam El Rassi<\/p>\n\n\n\n<p class=\"has-small-font-size\" style=\"padding-right:var(--wp--preset--spacing--30);padding-left:var(--wp--preset--spacing--30)\">I am Salam El Rassi, a designer whose journey began collaborating with various Montreal designers, including Mariouche Gagn\u00e9 during her startup years from 1994 to 1995. I distinctly remember my interview when she showed me a sample cut from a fur coat.  Reluctantly touching and running my fingers through that sample, it evoked an image of an animal running freely through a field. She said, \"We are giving new life to the animal so its existence would not be in vain, offering it a second chance, resuscitating it.\"  This beautiful philosophy inspired me to become an artisan leather worker and furrier, launching my own business in 1996.<\/p>\n\n\n\n<p class=\"has-theme-palette-6-color has-text-color has-link-color has-medium-font-size wp-elements-a2322bc5f71ebc8dd9dc772ecd8a961b\" style=\"padding-right:var(--wp--preset--spacing--30);padding-left:var(--wp--preset--spacing--30)\">Custom Orders<\/p>\n\n\n\n<p class=\"has-small-font-size\" style=\"padding-right:var(--wp--preset--spacing--30);padding-left:var(--wp--preset--spacing--30)\">I accept special orders! Please contact me via <a href=\"https:\/\/salamrassi.com\/en\/contact\/\" title=\"\">contac<\/a>t page to set up a consultation for your personalized product. Open communication is key to achieving the best results.<\/p>\n\n\n\n<p class=\"has-theme-palette-6-color has-text-color has-link-color has-medium-font-size wp-elements-8f09d0efc58ecdbee89503941379304d\" style=\"padding-right:var(--wp--preset--spacing--30);padding-left:var(--wp--preset--spacing--30)\">&nbsp;<\/p>\n\n\n\n<p class=\"has-small-font-size\" style=\"padding-right:var(--wp--preset--spacing--30);padding-left:var(--wp--preset--spacing--30)\"><\/p>\n<\/div><\/div>\n<\/div><\/div>\n\n\n<style>.kadence-column1028_32d276-95 > .kt-inside-inner-col,.kadence-column1028_32d276-95 > .kt-inside-inner-col:before{border-top-left-radius:0px;border-top-right-radius:0px;border-bottom-right-radius:0px;border-bottom-left-radius:0px;}.kadence-column1028_32d276-95 > .kt-inside-inner-col{column-gap:var(--global-kb-gap-sm, 1rem);}.kadence-column1028_32d276-95 > .kt-inside-inner-col{flex-direction:column;}.kadence-column1028_32d276-95 > .kt-inside-inner-col > .aligncenter{width:100%;}.kadence-column1028_32d276-95 > .kt-inside-inner-col:before{opacity:0.3;}.kadence-column1028_32d276-95{position:relative;}@media all and (max-width: 1024px){.kadence-column1028_32d276-95 > .kt-inside-inner-col{flex-direction:column;justify-content:center;}}@media all and (max-width: 767px){.kadence-column1028_32d276-95 > .kt-inside-inner-col{flex-direction:column;justify-content:center;}}<\/style>\n<div class=\"wp-block-kadence-column kadence-column1028_32d276-95\"><div class=\"kt-inside-inner-col\">\n<div style=\"height:50px\" aria-hidden=\"true\" class=\"wp-block-spacer\"><\/div>\n\n\n\n<p class=\"has-text-align-center has-large-font-size\" style=\"padding-top:var(--wp--preset--spacing--20);padding-right:0;padding-bottom:var(--wp--preset--spacing--20);padding-left:0;line-height:0.1\">Salam El Rassi<\/p>\n\n\n\n<p class=\"has-text-align-center has-medium-font-size\" style=\"font-style:normal;font-weight:300\">Woodwork and Fur Accents on Leatherwork<\/p>\n\n\n\n<figure class=\"wp-block-pullquote\" style=\"margin-top:0;padding-top:var(--wp--preset--spacing--30);padding-bottom:0.67rem;font-style:italic;font-weight:500\"><blockquote><p><strong>\u00ab\u00a0Noblesse oblige\u00a0\u00bb<\/strong><\/p><cite>\u201cTo make a thing beautifully and fitted for real service is a noble act that requires wise effort.\u201d \u2014 W.R. Lethaby<\/cite><\/blockquote><\/figure>\n\n\n\n<p class=\"has-text-align-left has-small-font-size\" style=\"font-style:normal;font-weight:300\"><\/p>\n\n\n\n<p class=\"has-small-font-size\" style=\"font-style:normal;font-weight:400\"><\/p>\n<\/div><\/div>\n\n\n<style>.kadence-column1028_f1913c-40 > .kt-inside-inner-col,.kadence-column1028_f1913c-40 > .kt-inside-inner-col:before{border-top-left-radius:0px;border-top-right-radius:0px;border-bottom-right-radius:0px;border-bottom-left-radius:0px;}.kadence-column1028_f1913c-40 > .kt-inside-inner-col{column-gap:var(--global-kb-gap-sm, 1rem);}.kadence-column1028_f1913c-40 > .kt-inside-inner-col{flex-direction:column;}.kadence-column1028_f1913c-40 > .kt-inside-inner-col > .aligncenter{width:100%;}.kadence-column1028_f1913c-40 > .kt-inside-inner-col:before{opacity:0.3;}.kadence-column1028_f1913c-40{position:relative;}@media all and (max-width: 1024px){.kadence-column1028_f1913c-40 > .kt-inside-inner-col{flex-direction:column;justify-content:center;}}@media all and (max-width: 767px){.kadence-column1028_f1913c-40 > .kt-inside-inner-col{flex-direction:column;justify-content:center;}}<\/style>\n<div class=\"wp-block-kadence-column kadence-column1028_f1913c-40\"><div class=\"kt-inside-inner-col\"><\/div><\/div>\n\n<\/div><\/div>\n\n\n<p><\/p>","protected":false},"excerpt":{"rendered":"<p>Je suis fier de travailler exclusivement avec des mat\u00e9riaux nobles de haute qualit\u00e9 qui incarnent le caract\u00e8re et l&rsquo;\u00e2me. Chaque pi\u00e8ce cr\u00e9\u00e9e est unique et porte sa propre histoire ind\u00e9l\u00e9bile. Con\u00e7us pour un usage quotidien et la portabilit\u00e9, mes sacs et accessoires en cuir sont fabriqu\u00e9s pour durer toute une vie. Cet engagement envers la&#8230;<\/p>","protected":false},"author":2,"featured_media":0,"parent":0,"menu_order":0,"comment_status":"closed","ping_status":"closed","template":"","meta":{"om_disable_all_campaigns":false,"_monsterinsights_skip_tracking":false,"_monsterinsights_sitenote_active":false,"_monsterinsights_sitenote_note":"","_monsterinsights_sitenote_category":0,"_kad_post_transparent":"","_kad_post_title":"","_kad_post_layout":"","_kad_post_sidebar_id":"","_kad_post_content_style":"","_kad_post_vertical_padding":"","_kad_post_feature":"","_kad_post_feature_position":"","_kad_post_header":false,"_kad_post_footer":false,"_kad_post_classname":"","footnotes":""},"class_list":["post-1028","page","type-page","status-publish","hentry"],"aioseo_notices":[],"_links":{"self":[{"href":"https:\/\/salamrassi.com\/en\/wp-json\/wp\/v2\/pages\/1028","targetHints":{"allow":["GET"]}}],"collection":[{"href":"https:\/\/salamrassi.com\/en\/wp-json\/wp\/v2\/pages"}],"about":[{"href":"https:\/\/salamrassi.com\/en\/wp-json\/wp\/v2\/types\/page"}],"author":[{"embeddable":true,"href":"https:\/\/salamrassi.com\/en\/wp-json\/wp\/v2\/users\/2"}],"replies":[{"embeddable":true,"href":"https:\/\/salamrassi.com\/en\/wp-json\/wp\/v2\/comments?post=1028"}],"version-history":[{"count":2,"href":"https:\/\/salamrassi.com\/en\/wp-json\/wp\/v2\/pages\/1028\/revisions"}],"predecessor-version":[{"id":1041,"href":"https:\/\/salamrassi.com\/en\/wp-json\/wp\/v2\/pages\/1028\/revisions\/1041"}],"wp:attachment":[{"href":"https:\/\/salamrassi.com\/en\/wp-json\/wp\/v2\/media?parent=1028"}],"curies":[{"name":"wp","href":"https:\/\/api.w.org\/{rel}","templated":true}]}}