{"id":1153,"date":"2025-01-03T16:57:46","date_gmt":"2025-01-03T16:57:46","guid":{"rendered":"https:\/\/salamrassi.com\/?page_id=1153"},"modified":"2025-01-11T15:16:24","modified_gmt":"2025-01-11T15:16:24","slug":"sous-verres-carres","status":"publish","type":"page","link":"https:\/\/salamrassi.com\/en\/sous-verres\/sous-verres-carres\/","title":{"rendered":"SQUARE COASTERS"},"content":{"rendered":"<div style=\"height:75px\" aria-hidden=\"true\" class=\"wp-block-spacer colored-spacer\"><\/div>\n\n\n\n<div style=\"height:30px\" aria-hidden=\"true\" class=\"wp-block-spacer\"><\/div>\n\n\n\n<p class=\"has-text-align-center\"><\/p>\n\n\n<style>.kb-row-layout-id1153_324c41-15 > .kt-row-column-wrap{align-content:start;}:where(.kb-row-layout-id1153_324c41-15 > .kt-row-column-wrap) > .wp-block-kadence-column{justify-content:start;}.kb-row-layout-id1153_324c41-15 > .kt-row-column-wrap{column-gap:var(--global-kb-gap-md, 2rem);row-gap:var(--global-kb-gap-md, 2rem);padding-top:var(--global-kb-spacing-sm, 1.5rem);padding-bottom:var(--global-kb-spacing-sm, 1.5rem);grid-template-columns:minmax(0, calc(10% - ((var(--global-kb-gap-md, 2rem) * 2 )\/3)))minmax(0, calc(75% - ((var(--global-kb-gap-md, 2rem) * 2 )\/3)))minmax(0, calc(15% - ((var(--global-kb-gap-md, 2rem) * 2 )\/3)));}.kb-row-layout-id1153_324c41-15 > .kt-row-layout-overlay{opacity:0.30;}@media all and (max-width: 1024px){.kb-row-layout-id1153_324c41-15 > .kt-row-column-wrap > div:not(.added-for-specificity){grid-column:initial;}}@media all and (max-width: 1024px){.kb-row-layout-id1153_324c41-15 > .kt-row-column-wrap{grid-template-columns:minmax(0, 1fr) minmax(0, 6fr) minmax(0, 1fr);}}@media all and (max-width: 767px){.kb-row-layout-id1153_324c41-15 > .kt-row-column-wrap > div:not(.added-for-specificity){grid-column:initial;}.kb-row-layout-id1153_324c41-15 > .kt-row-column-wrap{grid-template-columns:minmax(0, 1fr);}}<\/style><div class=\"kb-row-layout-wrap kb-row-layout-id1153_324c41-15 alignnone wp-block-kadence-rowlayout\"><div class=\"kt-row-column-wrap kt-has-3-columns kt-row-layout-center-exwide kt-tab-layout-inherit kt-mobile-layout-row kt-row-valign-top\">\n<style>.kadence-column1153_4f394a-e4 > .kt-inside-inner-col,.kadence-column1153_4f394a-e4 > .kt-inside-inner-col:before{border-top-left-radius:0px;border-top-right-radius:0px;border-bottom-right-radius:0px;border-bottom-left-radius:0px;}.kadence-column1153_4f394a-e4 > .kt-inside-inner-col{column-gap:var(--global-kb-gap-sm, 1rem);}.kadence-column1153_4f394a-e4 > .kt-inside-inner-col{flex-direction:column;}.kadence-column1153_4f394a-e4 > .kt-inside-inner-col > .aligncenter{width:100%;}.kadence-column1153_4f394a-e4 > .kt-inside-inner-col:before{opacity:0.3;}.kadence-column1153_4f394a-e4{position:relative;}@media all and (max-width: 1024px){.kadence-column1153_4f394a-e4 > .kt-inside-inner-col{flex-direction:column;justify-content:center;}}@media all and (max-width: 767px){.kadence-column1153_4f394a-e4 > .kt-inside-inner-col{flex-direction:column;justify-content:center;}}<\/style>\n<div class=\"wp-block-kadence-column kadence-column1153_4f394a-e4\"><div class=\"kt-inside-inner-col\"><\/div><\/div>\n\n\n<style>.kadence-column1153_eeeed0-51 > .kt-inside-inner-col,.kadence-column1153_eeeed0-51 > .kt-inside-inner-col:before{border-top-left-radius:0px;border-top-right-radius:0px;border-bottom-right-radius:0px;border-bottom-left-radius:0px;}.kadence-column1153_eeeed0-51 > .kt-inside-inner-col{column-gap:var(--global-kb-gap-sm, 1rem);}.kadence-column1153_eeeed0-51 > .kt-inside-inner-col{flex-direction:column;}.kadence-column1153_eeeed0-51 > .kt-inside-inner-col > .aligncenter{width:100%;}.kadence-column1153_eeeed0-51 > .kt-inside-inner-col:before{opacity:0.3;}.kadence-column1153_eeeed0-51{position:relative;}@media all and (max-width: 1024px){.kadence-column1153_eeeed0-51 > .kt-inside-inner-col{flex-direction:column;justify-content:center;}}@media all and (max-width: 767px){.kadence-column1153_eeeed0-51 > .kt-inside-inner-col{padding-left:var(--global-kb-spacing-sm, 1.5rem);flex-direction:column;justify-content:center;}}<\/style>\n<div class=\"wp-block-kadence-column kadence-column1153_eeeed0-51\"><div class=\"kt-inside-inner-col\"><div class=\"aioseo-breadcrumbs\"><span class=\"aioseo-breadcrumb\">\n\t\t\t<a href=\"https:\/\/salamrassi.com\/en\" title=\"Home\">Home<\/a>\n\t\t<\/span><\/div><\/div><\/div>\n\n\n<style>.kadence-column1153_52a14e-49 > .kt-inside-inner-col,.kadence-column1153_52a14e-49 > .kt-inside-inner-col:before{border-top-left-radius:0px;border-top-right-radius:0px;border-bottom-right-radius:0px;border-bottom-left-radius:0px;}.kadence-column1153_52a14e-49 > .kt-inside-inner-col{column-gap:var(--global-kb-gap-sm, 1rem);}.kadence-column1153_52a14e-49 > .kt-inside-inner-col{flex-direction:column;}.kadence-column1153_52a14e-49 > .kt-inside-inner-col > .aligncenter{width:100%;}.kadence-column1153_52a14e-49 > .kt-inside-inner-col:before{opacity:0.3;}.kadence-column1153_52a14e-49{position:relative;}@media all and (max-width: 1024px){.kadence-column1153_52a14e-49 > .kt-inside-inner-col{flex-direction:column;justify-content:center;}}@media all and (max-width: 767px){.kadence-column1153_52a14e-49 > .kt-inside-inner-col{flex-direction:column;justify-content:center;}}<\/style>\n<div class=\"wp-block-kadence-column kadence-column1153_52a14e-49\"><div class=\"kt-inside-inner-col\"><\/div><\/div>\n\n<\/div><\/div>\n\n<style>.kb-row-layout-id1153_129940-a3 > .kt-row-column-wrap{align-content:start;}:where(.kb-row-layout-id1153_129940-a3 > .kt-row-column-wrap) > .wp-block-kadence-column{justify-content:start;}.kb-row-layout-id1153_129940-a3 > .kt-row-column-wrap{column-gap:var(--global-kb-gap-md, 2rem);row-gap:var(--global-kb-gap-md, 2rem);padding-top:var(--global-kb-spacing-sm, 1.5rem);padding-right:0px;padding-bottom:var(--global-kb-spacing-sm, 1.5rem);grid-template-columns:minmax(0, calc(10% - ((var(--global-kb-gap-md, 2rem) * 3 )\/4)))minmax(0, calc(57.4% - ((var(--global-kb-gap-md, 2rem) * 3 )\/4)))minmax(0, calc(22.6% - ((var(--global-kb-gap-md, 2rem) * 3 )\/4)))minmax(0, calc(10% - ((var(--global-kb-gap-md, 2rem) * 3 )\/4)));}.kb-row-layout-id1153_129940-a3 > .kt-row-layout-overlay{opacity:0.30;}@media all and (max-width: 1024px){.kb-row-layout-id1153_129940-a3 > .kt-row-column-wrap > div:not(.added-for-specificity){grid-column:initial;}}@media all and (max-width: 1024px){.kb-row-layout-id1153_129940-a3 > .kt-row-column-wrap{grid-template-columns:repeat(4, minmax(0, 1fr));}}@media all and (max-width: 767px){.kb-row-layout-id1153_129940-a3 > .kt-row-column-wrap{padding-right:var(--global-kb-spacing-sm, 1.5rem);padding-left:var(--global-kb-spacing-sm, 1.5rem);grid-template-columns:minmax(0, 1fr);}.kb-row-layout-id1153_129940-a3 > .kt-row-column-wrap > div:not(.added-for-specificity){grid-column:initial;}}<\/style><div class=\"kb-row-layout-wrap kb-row-layout-id1153_129940-a3 alignnone wp-block-kadence-rowlayout\"><div class=\"kt-row-column-wrap kt-has-4-columns kt-row-layout-equal kt-tab-layout-inherit kt-mobile-layout-row kt-row-valign-top\">\n<style>.kadence-column1153_618f39-10 > .kt-inside-inner-col,.kadence-column1153_618f39-10 > .kt-inside-inner-col:before{border-top-left-radius:0px;border-top-right-radius:0px;border-bottom-right-radius:0px;border-bottom-left-radius:0px;}.kadence-column1153_618f39-10 > .kt-inside-inner-col{column-gap:var(--global-kb-gap-sm, 1rem);}.kadence-column1153_618f39-10 > .kt-inside-inner-col{flex-direction:column;}.kadence-column1153_618f39-10 > .kt-inside-inner-col > .aligncenter{width:100%;}.kadence-column1153_618f39-10 > .kt-inside-inner-col:before{opacity:0.3;}.kadence-column1153_618f39-10{position:relative;}@media all and (max-width: 1024px){.kadence-column1153_618f39-10 > .kt-inside-inner-col{flex-direction:column;justify-content:center;}}@media all and (max-width: 767px){.kadence-column1153_618f39-10 > .kt-inside-inner-col{flex-direction:column;justify-content:center;}}<\/style>\n<div class=\"wp-block-kadence-column kadence-column1153_618f39-10\"><div class=\"kt-inside-inner-col\"><\/div><\/div>\n\n\n<style>.kadence-column1153_a1ef9b-24 > .kt-inside-inner-col,.kadence-column1153_a1ef9b-24 > .kt-inside-inner-col:before{border-top-left-radius:0px;border-top-right-radius:0px;border-bottom-right-radius:0px;border-bottom-left-radius:0px;}.kadence-column1153_a1ef9b-24 > .kt-inside-inner-col{column-gap:var(--global-kb-gap-sm, 1rem);}.kadence-column1153_a1ef9b-24 > .kt-inside-inner-col{flex-direction:column;}.kadence-column1153_a1ef9b-24 > .kt-inside-inner-col > .aligncenter{width:100%;}.kadence-column1153_a1ef9b-24 > .kt-inside-inner-col:before{opacity:0.3;}.kadence-column1153_a1ef9b-24{position:relative;}@media all and (max-width: 1024px){.kadence-column1153_a1ef9b-24 > .kt-inside-inner-col{flex-direction:column;justify-content:center;}}@media all and (max-width: 767px){.kadence-column1153_a1ef9b-24 > .kt-inside-inner-col{flex-direction:column;justify-content:center;}}<\/style>\n<div class=\"wp-block-kadence-column kadence-column1153_a1ef9b-24\"><div class=\"kt-inside-inner-col\"><style>.kadence-column1153_2caf10-a1 > .kt-inside-inner-col,.kadence-column1153_2caf10-a1 > .kt-inside-inner-col:before{border-top-left-radius:0px;border-top-right-radius:0px;border-bottom-right-radius:0px;border-bottom-left-radius:0px;}.kadence-column1153_2caf10-a1 > .kt-inside-inner-col{column-gap:var(--global-kb-gap-sm, 1rem);}.kadence-column1153_2caf10-a1 > .kt-inside-inner-col{flex-direction:column;}.kadence-column1153_2caf10-a1 > .kt-inside-inner-col > .aligncenter{width:100%;}.kadence-column1153_2caf10-a1 > .kt-inside-inner-col:before{opacity:0.3;}.kadence-column1153_2caf10-a1{position:relative;}@media all and (max-width: 1024px){.kadence-column1153_2caf10-a1 > .kt-inside-inner-col{flex-direction:column;justify-content:center;}}@media all and (max-width: 767px){.kadence-column1153_2caf10-a1 > .kt-inside-inner-col{flex-direction:column;justify-content:center;}}<\/style>\n<div class=\"wp-block-kadence-column kadence-column1153_2caf10-a1\"><div class=\"kt-inside-inner-col\">\n<figure class=\"wp-block-image size-full\"><img loading=\"lazy\" decoding=\"async\" width=\"1000\" height=\"1000\" src=\"https:\/\/salamrassi.com\/wp-content\/uploads\/2025\/01\/sous_verres.jpg\" alt=\"\" class=\"wp-image-1149\" srcset=\"https:\/\/salamrassi.com\/wp-content\/uploads\/2025\/01\/sous_verres.jpg 1000w, https:\/\/salamrassi.com\/wp-content\/uploads\/2025\/01\/sous_verres-300x300.jpg 300w, https:\/\/salamrassi.com\/wp-content\/uploads\/2025\/01\/sous_verres-150x150.jpg 150w, https:\/\/salamrassi.com\/wp-content\/uploads\/2025\/01\/sous_verres-768x768.jpg 768w, https:\/\/salamrassi.com\/wp-content\/uploads\/2025\/01\/sous_verres-12x12.jpg 12w\" sizes=\"auto, (max-width: 1000px) 100vw, 1000px\" \/><\/figure>\n<\/div><\/div>\n\n\n<style>.wp-block-kadence-spacer.kt-block-spacer-1153_083009-f4 .kt-block-spacer{height:15px;}.wp-block-kadence-spacer.kt-block-spacer-1153_083009-f4 .kt-divider{border-top-width:1px;height:1px;border-top-color:#eee;width:80%;border-top-style:solid;}<\/style>\n<div class=\"wp-block-kadence-spacer aligncenter kt-block-spacer-1153_083009-f4\"><div class=\"kt-block-spacer kt-block-spacer-halign-center\"><\/div><\/div>\n\n\n\n<figure class=\"wp-block-image size-large\"><img loading=\"lazy\" decoding=\"async\" width=\"1024\" height=\"532\" src=\"https:\/\/salamrassi.com\/wp-content\/uploads\/2025\/01\/sous_verres2-1024x532.jpg\" alt=\"\" class=\"wp-image-1154\" srcset=\"https:\/\/salamrassi.com\/wp-content\/uploads\/2025\/01\/sous_verres2-1024x532.jpg 1024w, https:\/\/salamrassi.com\/wp-content\/uploads\/2025\/01\/sous_verres2-300x156.jpg 300w, https:\/\/salamrassi.com\/wp-content\/uploads\/2025\/01\/sous_verres2-768x399.jpg 768w, https:\/\/salamrassi.com\/wp-content\/uploads\/2025\/01\/sous_verres2-18x9.jpg 18w, https:\/\/salamrassi.com\/wp-content\/uploads\/2025\/01\/sous_verres2.jpg 1333w\" sizes=\"auto, (max-width: 1024px) 100vw, 1024px\" \/><\/figure>\n<\/div><\/div>\n\n\n<style>.kadence-column1153_1fc91f-7c > .kt-inside-inner-col,.kadence-column1153_1fc91f-7c > .kt-inside-inner-col:before{border-top-left-radius:0px;border-top-right-radius:0px;border-bottom-right-radius:0px;border-bottom-left-radius:0px;}.kadence-column1153_1fc91f-7c > .kt-inside-inner-col{column-gap:var(--global-kb-gap-sm, 1rem);}.kadence-column1153_1fc91f-7c > .kt-inside-inner-col{flex-direction:column;}.kadence-column1153_1fc91f-7c > .kt-inside-inner-col > .aligncenter{width:100%;}.kadence-column1153_1fc91f-7c > .kt-inside-inner-col:before{opacity:0.3;}.kadence-column1153_1fc91f-7c{position:relative;}@media all and (max-width: 1024px){.kadence-column1153_1fc91f-7c > .kt-inside-inner-col{flex-direction:column;justify-content:center;}}@media all and (max-width: 767px){.kadence-column1153_1fc91f-7c > .kt-inside-inner-col{flex-direction:column;justify-content:center;}}<\/style>\n<div class=\"wp-block-kadence-column kadence-column1153_1fc91f-7c\"><div class=\"kt-inside-inner-col\">\n<div style=\"height:24px\" aria-hidden=\"true\" class=\"wp-block-spacer\"><\/div>\n\n\n\n<h2 class=\"wp-block-heading has-large-font-size\">Square Coasters<\/h2>\n\n\n\n<p class=\"has-text-align-left has-medium-font-size\">CA$ 45.00<\/p>\n\n\n\n<p class=\"has-text-align-left has-small-font-size\" style=\"font-style:normal;font-weight:300\">Coasters are very practical when having drinks to protect any surface. Made entirely from reclaimed wood of old tables, these coasters with distinct grain patterns come in a pack of 5 units. They are available in 3 themes: \"square\", \"round\", and \"patched\". Sizes vary depending on the availability of raw materials.<\/p>\n\n\n\n<ul class=\"wp-block-list\">\n<li class=\"has-small-font-size\" style=\"font-style:normal;font-weight:400\">Composition: Black Walnut and Cherry<\/li>\n\n\n\n<li class=\"has-small-font-size\" style=\"font-style:normal;font-weight:400\">Dimensions: 4&Prime; X 4&Prime;<\/li>\n\n\n\n<li class=\"has-small-font-size\" style=\"font-style:normal;font-weight:400\">Cleaning: Wash with mild soap and wipe dry<\/li>\n<\/ul>\n<\/div><\/div>\n\n\n<style>.kadence-column1153_d3b6b3-02 > .kt-inside-inner-col,.kadence-column1153_d3b6b3-02 > .kt-inside-inner-col:before{border-top-left-radius:0px;border-top-right-radius:0px;border-bottom-right-radius:0px;border-bottom-left-radius:0px;}.kadence-column1153_d3b6b3-02 > .kt-inside-inner-col{column-gap:var(--global-kb-gap-sm, 1rem);}.kadence-column1153_d3b6b3-02 > .kt-inside-inner-col{flex-direction:column;}.kadence-column1153_d3b6b3-02 > .kt-inside-inner-col > .aligncenter{width:100%;}.kadence-column1153_d3b6b3-02 > .kt-inside-inner-col:before{opacity:0.3;}.kadence-column1153_d3b6b3-02{position:relative;}@media all and (max-width: 1024px){.kadence-column1153_d3b6b3-02 > .kt-inside-inner-col{flex-direction:column;justify-content:center;}}@media all and (max-width: 767px){.kadence-column1153_d3b6b3-02 > .kt-inside-inner-col{flex-direction:column;justify-content:center;}}<\/style>\n<div class=\"wp-block-kadence-column kadence-column1153_d3b6b3-02\"><div class=\"kt-inside-inner-col\"><\/div><\/div>\n\n<\/div><\/div>","protected":false},"excerpt":{"rendered":"<p>Sous-Verres Carr\u00e9s CA$ 45.00 Les sous-verres sont bien pratiques lorsqu\u2019on prend l\u2019ap\u00e9ro afin de prot\u00e9ger toute surface. Faits de bois enti\u00e8rement r\u00e9cup\u00e9r\u00e9 d\u2019anciennes tables, ces sous-verres avec veinage distinct viennent en paquet de 5 unit\u00e9s. Ils sont disponibles sous 3 th\u00e9matiques : \u00ab&nbsp;carr\u00e9&nbsp;\u00bb, \u00ab&nbsp;rond&nbsp;\u00bb et \u00ab&nbsp;rapi\u00e9c\u00e9&nbsp;\u00bb. &nbsp;Les grandeurs variables selon la disponibilit\u00e9 de la mati\u00e8re&#8230;<\/p>","protected":false},"author":2,"featured_media":0,"parent":1148,"menu_order":0,"comment_status":"closed","ping_status":"closed","template":"","meta":{"om_disable_all_campaigns":false,"_monsterinsights_skip_tracking":false,"_monsterinsights_sitenote_active":false,"_monsterinsights_sitenote_note":"","_monsterinsights_sitenote_category":0,"_kad_post_transparent":"","_kad_post_title":"","_kad_post_layout":"","_kad_post_sidebar_id":"","_kad_post_content_style":"","_kad_post_vertical_padding":"","_kad_post_feature":"","_kad_post_feature_position":"","_kad_post_header":false,"_kad_post_footer":false,"_kad_post_classname":"","footnotes":""},"class_list":["post-1153","page","type-page","status-publish","hentry"],"aioseo_notices":[],"_links":{"self":[{"href":"https:\/\/salamrassi.com\/en\/wp-json\/wp\/v2\/pages\/1153","targetHints":{"allow":["GET"]}}],"collection":[{"href":"https:\/\/salamrassi.com\/en\/wp-json\/wp\/v2\/pages"}],"about":[{"href":"https:\/\/salamrassi.com\/en\/wp-json\/wp\/v2\/types\/page"}],"author":[{"embeddable":true,"href":"https:\/\/salamrassi.com\/en\/wp-json\/wp\/v2\/users\/2"}],"replies":[{"embeddable":true,"href":"https:\/\/salamrassi.com\/en\/wp-json\/wp\/v2\/comments?post=1153"}],"version-history":[{"count":12,"href":"https:\/\/salamrassi.com\/en\/wp-json\/wp\/v2\/pages\/1153\/revisions"}],"predecessor-version":[{"id":1467,"href":"https:\/\/salamrassi.com\/en\/wp-json\/wp\/v2\/pages\/1153\/revisions\/1467"}],"up":[{"embeddable":true,"href":"https:\/\/salamrassi.com\/en\/wp-json\/wp\/v2\/pages\/1148"}],"wp:attachment":[{"href":"https:\/\/salamrassi.com\/en\/wp-json\/wp\/v2\/media?parent=1153"}],"curies":[{"name":"wp","href":"https:\/\/api.w.org\/{rel}","templated":true}]}}