{"id":121,"date":"2024-11-03T17:35:21","date_gmt":"2024-11-03T17:35:21","guid":{"rendered":"https:\/\/salamrassi.com\/?page_id=121"},"modified":"2026-04-07T21:43:26","modified_gmt":"2026-04-07T21:43:26","slug":"home-2","status":"publish","type":"page","link":"https:\/\/salamrassi.com\/en\/","title":{"rendered":"HOME"},"content":{"rendered":"<div class=\"wp-block-group\"><div class=\"wp-block-group__inner-container is-layout-constrained wp-block-group-is-layout-constrained\">\n<div class=\"wp-block-group\"><div class=\"wp-block-group__inner-container is-layout-constrained wp-block-group-is-layout-constrained\">\n<div class=\"wp-block-group\"><div class=\"wp-block-group__inner-container is-layout-constrained wp-block-group-is-layout-constrained\">\n<div class=\"wp-block-group\"><div class=\"wp-block-group__inner-container is-layout-constrained wp-block-group-is-layout-constrained\"><style>.kb-row-layout-id121_9174b9-df > .kt-row-column-wrap{align-content:start;}:where(.kb-row-layout-id121_9174b9-df > .kt-row-column-wrap) > .wp-block-kadence-column{justify-content:start;}.kb-row-layout-id121_9174b9-df > .kt-row-column-wrap{column-gap:var(--global-kb-gap-md, 2rem);row-gap:var(--global-kb-gap-md, 2rem);padding-top:var(--global-kb-spacing-sm, 1.5rem);padding-bottom:var(--global-kb-spacing-sm, 1.5rem);grid-template-columns:minmax(0, 1fr);}.kb-row-layout-id121_9174b9-df > .kt-row-layout-overlay{opacity:0.30;}@media all and (max-width: 1024px){.kb-row-layout-id121_9174b9-df > .kt-row-column-wrap{grid-template-columns:minmax(0, 1fr);}}@media all and (max-width: 767px){.kb-row-layout-id121_9174b9-df > .kt-row-column-wrap{grid-template-columns:minmax(0, 1fr);}}<\/style><div class=\"kb-row-layout-wrap kb-row-layout-id121_9174b9-df alignnone wp-block-kadence-rowlayout\"><div class=\"kt-row-column-wrap kt-has-1-columns kt-row-layout-equal kt-tab-layout-inherit kt-mobile-layout-row kt-row-valign-top\">\n<style>.kadence-column121_3d5b04-8a > .kt-inside-inner-col,.kadence-column121_3d5b04-8a > .kt-inside-inner-col:before{border-top-left-radius:0px;border-top-right-radius:0px;border-bottom-right-radius:0px;border-bottom-left-radius:0px;}.kadence-column121_3d5b04-8a > .kt-inside-inner-col{column-gap:var(--global-kb-gap-sm, 1rem);}.kadence-column121_3d5b04-8a > .kt-inside-inner-col{flex-direction:column;}.kadence-column121_3d5b04-8a > .kt-inside-inner-col > .aligncenter{width:100%;}.kadence-column121_3d5b04-8a > .kt-inside-inner-col:before{opacity:0.3;}.kadence-column121_3d5b04-8a{position:relative;}@media all and (max-width: 1024px){.kadence-column121_3d5b04-8a > .kt-inside-inner-col{flex-direction:column;justify-content:center;}}@media all and (max-width: 767px){.kadence-column121_3d5b04-8a > .kt-inside-inner-col{flex-direction:column;justify-content:center;}}<\/style>\n<div class=\"wp-block-kadence-column kadence-column121_3d5b04-8a\"><div class=\"kt-inside-inner-col\">\n<div class=\"wp-block-group\"><div class=\"wp-block-group__inner-container is-layout-constrained wp-block-group-is-layout-constrained\">\n<figure class=\"wp-block-image size-full\" style=\"margin-top:0px;margin-right:0px;margin-bottom:0px;margin-left:0px\"><a href=\"https:\/\/salamrassi.com\/en\/planches\/\"><img loading=\"lazy\" decoding=\"async\" width=\"1600\" height=\"859\" src=\"https:\/\/salamrassi.com\/wp-content\/uploads\/2024\/11\/creations_ecoluxes_uniques.png\" alt=\"\" class=\"wp-image-735\" srcset=\"https:\/\/salamrassi.com\/wp-content\/uploads\/2024\/11\/creations_ecoluxes_uniques.png 1600w, https:\/\/salamrassi.com\/wp-content\/uploads\/2024\/11\/creations_ecoluxes_uniques-300x161.png 300w, https:\/\/salamrassi.com\/wp-content\/uploads\/2024\/11\/creations_ecoluxes_uniques-1024x550.png 1024w, https:\/\/salamrassi.com\/wp-content\/uploads\/2024\/11\/creations_ecoluxes_uniques-768x412.png 768w, https:\/\/salamrassi.com\/wp-content\/uploads\/2024\/11\/creations_ecoluxes_uniques-1536x825.png 1536w, https:\/\/salamrassi.com\/wp-content\/uploads\/2024\/11\/creations_ecoluxes_uniques-18x10.png 18w\" sizes=\"auto, (max-width: 1600px) 100vw, 1600px\" \/><\/a><\/figure>\n\n\n\n<figure class=\"wp-block-image size-full\" style=\"margin-top:0px;margin-right:0px;margin-bottom:0px;margin-left:0px\"><a href=\"https:\/\/salamrassi.com\/en\/sacs\/\"><img loading=\"lazy\" decoding=\"async\" width=\"1600\" height=\"1793\" src=\"https:\/\/salamrassi.com\/wp-content\/uploads\/2024\/11\/planche_sac_bloc.jpg\" alt=\"\" class=\"wp-image-824\" srcset=\"https:\/\/salamrassi.com\/wp-content\/uploads\/2024\/11\/planche_sac_bloc.jpg 1600w, https:\/\/salamrassi.com\/wp-content\/uploads\/2024\/11\/planche_sac_bloc-268x300.jpg 268w, https:\/\/salamrassi.com\/wp-content\/uploads\/2024\/11\/planche_sac_bloc-914x1024.jpg 914w, https:\/\/salamrassi.com\/wp-content\/uploads\/2024\/11\/planche_sac_bloc-768x861.jpg 768w, https:\/\/salamrassi.com\/wp-content\/uploads\/2024\/11\/planche_sac_bloc-1371x1536.jpg 1371w, https:\/\/salamrassi.com\/wp-content\/uploads\/2024\/11\/planche_sac_bloc-11x12.jpg 11w\" sizes=\"auto, (max-width: 1600px) 100vw, 1600px\" \/><\/a><\/figure>\n<\/div><\/div>\n<\/div><\/div>\n\n<\/div><\/div><\/div><\/div>\n<\/div><\/div>\n<\/div><\/div>\n<\/div><\/div>\n\n\n\n<p class=\"has-text-align-center has-theme-palette-1-color has-text-color has-link-color has-medium-font-size wp-elements-2cf7a666480875a940b3d477c69954fd\">UPCOMING MARKETS<\/p>\n\n\n\n<p class=\"has-text-align-center has-theme-palette-3-color has-text-color has-large-font-size wp-elements-657a1e89544e25a37a4258985ce5268e\"><a href=\"https:\/\/vdmt.ca\/activites-et-installations-culturelles-et-sportives\/marches-publics\" target=\"_blank\" rel=\"noopener\" title=\"\">March\u00e9 d&rsquo;\u00e9t\u00e9 de Mont-Tremblant<\/a><\/p>\n\n\n\n<h2 class=\"wp-block-heading has-text-align-center has-theme-palette-5-color has-text-color has-link-color has-medium-font-size wp-elements-ea41499c483648c3a915198b87ee61f1\">Espace public, les samedis de 9h \u00e0 13h<\/h2>\n\n\n\n<p><\/p>\n\n\n\n<p class=\"has-text-align-center has-medium-font-size\">20 Juin 2026<\/p>\n\n\n\n<p class=\"has-text-align-center has-medium-font-size\">27 juin  2026 <\/p>\n\n\n\n<p class=\"has-text-align-center has-medium-font-size\">4 juillet  2026<\/p>\n\n\n\n<p class=\"has-text-align-center has-medium-font-size\">11 juillet  2026<\/p>\n\n\n\n<p class=\"has-text-align-center has-medium-font-size\">18 juillet  2026 <\/p>\n\n\n\n<p class=\"has-text-align-center has-medium-font-size\">25 juillet 2026 <\/p>\n\n\n\n<p class=\"has-text-align-center has-medium-font-size\">1er ao\u00fbt 2026 <\/p>\n\n\n\n<p class=\"has-text-align-center has-medium-font-size\">8 ao\u00fbt 2026<\/p>\n\n\n\n<p><\/p>\n\n\n\n<p class=\"has-text-align-center has-small-font-size\"><\/p>\n\n\n\n<p><\/p>","protected":false},"excerpt":{"rendered":"<p>PROCHAINS MARCH\u00c9S: March\u00e9 d&rsquo;\u00e9t\u00e9 de Mont-Tremblant Espace public, les samedis de 9h \u00e0 13h 20 Juin 2026 27 juin 2026 4 juillet 2026 11 juillet 2026 18 juillet 2026 25 juillet 2026 1er ao\u00fbt 2026 8 ao\u00fbt 2026<\/p>","protected":false},"author":2,"featured_media":0,"parent":0,"menu_order":0,"comment_status":"closed","ping_status":"closed","template":"","meta":{"om_disable_all_campaigns":false,"_monsterinsights_skip_tracking":false,"_monsterinsights_sitenote_active":false,"_monsterinsights_sitenote_note":"","_monsterinsights_sitenote_category":0,"_kad_post_transparent":"","_kad_post_title":"","_kad_post_layout":"","_kad_post_sidebar_id":"","_kad_post_content_style":"","_kad_post_vertical_padding":"","_kad_post_feature":"","_kad_post_feature_position":"","_kad_post_header":false,"_kad_post_footer":false,"_kad_post_classname":"","footnotes":""},"class_list":["post-121","page","type-page","status-publish","hentry"],"aioseo_notices":[],"_links":{"self":[{"href":"https:\/\/salamrassi.com\/en\/wp-json\/wp\/v2\/pages\/121","targetHints":{"allow":["GET"]}}],"collection":[{"href":"https:\/\/salamrassi.com\/en\/wp-json\/wp\/v2\/pages"}],"about":[{"href":"https:\/\/salamrassi.com\/en\/wp-json\/wp\/v2\/types\/page"}],"author":[{"embeddable":true,"href":"https:\/\/salamrassi.com\/en\/wp-json\/wp\/v2\/users\/2"}],"replies":[{"embeddable":true,"href":"https:\/\/salamrassi.com\/en\/wp-json\/wp\/v2\/comments?post=121"}],"version-history":[{"count":59,"href":"https:\/\/salamrassi.com\/en\/wp-json\/wp\/v2\/pages\/121\/revisions"}],"predecessor-version":[{"id":1636,"href":"https:\/\/salamrassi.com\/en\/wp-json\/wp\/v2\/pages\/121\/revisions\/1636"}],"wp:attachment":[{"href":"https:\/\/salamrassi.com\/en\/wp-json\/wp\/v2\/media?parent=121"}],"curies":[{"name":"wp","href":"https:\/\/api.w.org\/{rel}","templated":true}]}}