{"id":1254,"date":"2025-01-03T22:35:10","date_gmt":"2025-01-03T22:35:10","guid":{"rendered":"https:\/\/salamrassi.com\/?page_id=1254"},"modified":"2025-01-16T19:11:03","modified_gmt":"2025-01-16T19:11:03","slug":"col-renard-bleu","status":"publish","type":"page","link":"https:\/\/salamrassi.com\/en\/accessoires\/col-renard-bleu\/","title":{"rendered":"NORWEGIAN BLUE FOX"},"content":{"rendered":"<div style=\"height:75px\" aria-hidden=\"true\" class=\"wp-block-spacer colored-spacer\"><\/div>\n\n\n\n<div style=\"height:30px\" aria-hidden=\"true\" class=\"wp-block-spacer\"><\/div>\n\n\n\n<p class=\"has-text-align-center\"><\/p>\n\n\n<style>.kb-row-layout-id1254_864f1a-85 > .kt-row-column-wrap{align-content:start;}:where(.kb-row-layout-id1254_864f1a-85 > .kt-row-column-wrap) > .wp-block-kadence-column{justify-content:start;}.kb-row-layout-id1254_864f1a-85 > .kt-row-column-wrap{column-gap:var(--global-kb-gap-md, 2rem);row-gap:var(--global-kb-gap-md, 2rem);padding-top:var(--global-kb-spacing-sm, 1.5rem);padding-bottom:var(--global-kb-spacing-sm, 1.5rem);grid-template-columns:minmax(0, calc(10% - ((var(--global-kb-gap-md, 2rem) * 2 )\/3)))minmax(0, calc(75% - ((var(--global-kb-gap-md, 2rem) * 2 )\/3)))minmax(0, calc(15% - ((var(--global-kb-gap-md, 2rem) * 2 )\/3)));}.kb-row-layout-id1254_864f1a-85 > .kt-row-layout-overlay{opacity:0.30;}@media all and (max-width: 1024px){.kb-row-layout-id1254_864f1a-85 > .kt-row-column-wrap > div:not(.added-for-specificity){grid-column:initial;}}@media all and (max-width: 1024px){.kb-row-layout-id1254_864f1a-85 > .kt-row-column-wrap{grid-template-columns:minmax(0, 1fr) minmax(0, 6fr) minmax(0, 1fr);}}@media all and (max-width: 767px){.kb-row-layout-id1254_864f1a-85 > .kt-row-column-wrap > div:not(.added-for-specificity){grid-column:initial;}.kb-row-layout-id1254_864f1a-85 > .kt-row-column-wrap{grid-template-columns:minmax(0, 1fr);}}<\/style><div class=\"kb-row-layout-wrap kb-row-layout-id1254_864f1a-85 alignnone wp-block-kadence-rowlayout\"><div class=\"kt-row-column-wrap kt-has-3-columns kt-row-layout-center-exwide kt-tab-layout-inherit kt-mobile-layout-row kt-row-valign-top\">\n<style>.kadence-column1254_42f158-a6 > .kt-inside-inner-col,.kadence-column1254_42f158-a6 > .kt-inside-inner-col:before{border-top-left-radius:0px;border-top-right-radius:0px;border-bottom-right-radius:0px;border-bottom-left-radius:0px;}.kadence-column1254_42f158-a6 > .kt-inside-inner-col{column-gap:var(--global-kb-gap-sm, 1rem);}.kadence-column1254_42f158-a6 > .kt-inside-inner-col{flex-direction:column;}.kadence-column1254_42f158-a6 > .kt-inside-inner-col > .aligncenter{width:100%;}.kadence-column1254_42f158-a6 > .kt-inside-inner-col:before{opacity:0.3;}.kadence-column1254_42f158-a6{position:relative;}@media all and (max-width: 1024px){.kadence-column1254_42f158-a6 > .kt-inside-inner-col{flex-direction:column;justify-content:center;}}@media all and (max-width: 767px){.kadence-column1254_42f158-a6 > .kt-inside-inner-col{flex-direction:column;justify-content:center;}}<\/style>\n<div class=\"wp-block-kadence-column kadence-column1254_42f158-a6\"><div class=\"kt-inside-inner-col\"><\/div><\/div>\n\n\n<style>.kadence-column1254_4bcc22-44 > .kt-inside-inner-col,.kadence-column1254_4bcc22-44 > .kt-inside-inner-col:before{border-top-left-radius:0px;border-top-right-radius:0px;border-bottom-right-radius:0px;border-bottom-left-radius:0px;}.kadence-column1254_4bcc22-44 > .kt-inside-inner-col{column-gap:var(--global-kb-gap-sm, 1rem);}.kadence-column1254_4bcc22-44 > .kt-inside-inner-col{flex-direction:column;}.kadence-column1254_4bcc22-44 > .kt-inside-inner-col > .aligncenter{width:100%;}.kadence-column1254_4bcc22-44 > .kt-inside-inner-col:before{opacity:0.3;}.kadence-column1254_4bcc22-44{position:relative;}@media all and (max-width: 1024px){.kadence-column1254_4bcc22-44 > .kt-inside-inner-col{flex-direction:column;justify-content:center;}}@media all and (max-width: 767px){.kadence-column1254_4bcc22-44 > .kt-inside-inner-col{padding-left:var(--global-kb-spacing-sm, 1.5rem);flex-direction:column;justify-content:center;}}<\/style>\n<div class=\"wp-block-kadence-column kadence-column1254_4bcc22-44\"><div class=\"kt-inside-inner-col\"><div class=\"aioseo-breadcrumbs\"><span class=\"aioseo-breadcrumb\">\n\t\t\t<a href=\"https:\/\/salamrassi.com\/en\" title=\"Home\">Home<\/a>\n\t\t<\/span><\/div><\/div><\/div>\n\n\n<style>.kadence-column1254_6daa30-e4 > .kt-inside-inner-col,.kadence-column1254_6daa30-e4 > .kt-inside-inner-col:before{border-top-left-radius:0px;border-top-right-radius:0px;border-bottom-right-radius:0px;border-bottom-left-radius:0px;}.kadence-column1254_6daa30-e4 > .kt-inside-inner-col{column-gap:var(--global-kb-gap-sm, 1rem);}.kadence-column1254_6daa30-e4 > .kt-inside-inner-col{flex-direction:column;}.kadence-column1254_6daa30-e4 > .kt-inside-inner-col > .aligncenter{width:100%;}.kadence-column1254_6daa30-e4 > .kt-inside-inner-col:before{opacity:0.3;}.kadence-column1254_6daa30-e4{position:relative;}@media all and (max-width: 1024px){.kadence-column1254_6daa30-e4 > .kt-inside-inner-col{flex-direction:column;justify-content:center;}}@media all and (max-width: 767px){.kadence-column1254_6daa30-e4 > .kt-inside-inner-col{flex-direction:column;justify-content:center;}}<\/style>\n<div class=\"wp-block-kadence-column kadence-column1254_6daa30-e4\"><div class=\"kt-inside-inner-col\"><\/div><\/div>\n\n<\/div><\/div>\n\n<style>.kb-row-layout-id1254_e4c822-f3 > .kt-row-column-wrap{align-content:start;}:where(.kb-row-layout-id1254_e4c822-f3 > .kt-row-column-wrap) > .wp-block-kadence-column{justify-content:start;}.kb-row-layout-id1254_e4c822-f3 > .kt-row-column-wrap{column-gap:var(--global-kb-gap-md, 2rem);row-gap:var(--global-kb-gap-md, 2rem);padding-top:var(--global-kb-spacing-sm, 1.5rem);padding-bottom:var(--global-kb-spacing-sm, 1.5rem);grid-template-columns:minmax(0, calc(10% - ((var(--global-kb-gap-md, 2rem) * 3 )\/4)))minmax(0, calc(57.4% - ((var(--global-kb-gap-md, 2rem) * 3 )\/4)))minmax(0, calc(22.6% - ((var(--global-kb-gap-md, 2rem) * 3 )\/4)))minmax(0, calc(10% - ((var(--global-kb-gap-md, 2rem) * 3 )\/4)));}.kb-row-layout-id1254_e4c822-f3 > .kt-row-layout-overlay{opacity:0.30;}@media all and (max-width: 1024px){.kb-row-layout-id1254_e4c822-f3 > .kt-row-column-wrap > div:not(.added-for-specificity){grid-column:initial;}}@media all and (max-width: 1024px){.kb-row-layout-id1254_e4c822-f3 > .kt-row-column-wrap{grid-template-columns:repeat(4, minmax(0, 1fr));}}@media all and (max-width: 767px){.kb-row-layout-id1254_e4c822-f3 > .kt-row-column-wrap{padding-right:var(--global-kb-spacing-xs, 1rem);padding-left:var(--global-kb-spacing-xs, 1rem);grid-template-columns:minmax(0, 1fr);}.kb-row-layout-id1254_e4c822-f3 > .kt-row-column-wrap > div:not(.added-for-specificity){grid-column:initial;}}<\/style><div class=\"kb-row-layout-wrap kb-row-layout-id1254_e4c822-f3 alignnone wp-block-kadence-rowlayout\"><div class=\"kt-row-column-wrap kt-has-4-columns kt-row-layout-equal kt-tab-layout-inherit kt-mobile-layout-row kt-row-valign-top\">\n<style>.kadence-column1254_948fd7-38 > .kt-inside-inner-col,.kadence-column1254_948fd7-38 > .kt-inside-inner-col:before{border-top-left-radius:0px;border-top-right-radius:0px;border-bottom-right-radius:0px;border-bottom-left-radius:0px;}.kadence-column1254_948fd7-38 > .kt-inside-inner-col{column-gap:var(--global-kb-gap-sm, 1rem);}.kadence-column1254_948fd7-38 > .kt-inside-inner-col{flex-direction:column;}.kadence-column1254_948fd7-38 > .kt-inside-inner-col > .aligncenter{width:100%;}.kadence-column1254_948fd7-38 > .kt-inside-inner-col:before{opacity:0.3;}.kadence-column1254_948fd7-38{position:relative;}@media all and (max-width: 1024px){.kadence-column1254_948fd7-38 > .kt-inside-inner-col{flex-direction:column;justify-content:center;}}@media all and (max-width: 767px){.kadence-column1254_948fd7-38 > .kt-inside-inner-col{flex-direction:column;justify-content:center;}}<\/style>\n<div class=\"wp-block-kadence-column kadence-column1254_948fd7-38\"><div class=\"kt-inside-inner-col\"><\/div><\/div>\n\n\n<style>.kadence-column1254_fa1426-d6 > .kt-inside-inner-col,.kadence-column1254_fa1426-d6 > .kt-inside-inner-col:before{border-top-left-radius:0px;border-top-right-radius:0px;border-bottom-right-radius:0px;border-bottom-left-radius:0px;}.kadence-column1254_fa1426-d6 > .kt-inside-inner-col{column-gap:var(--global-kb-gap-sm, 1rem);}.kadence-column1254_fa1426-d6 > .kt-inside-inner-col{flex-direction:column;}.kadence-column1254_fa1426-d6 > .kt-inside-inner-col > .aligncenter{width:100%;}.kadence-column1254_fa1426-d6 > .kt-inside-inner-col:before{opacity:0.3;}.kadence-column1254_fa1426-d6{position:relative;}@media all and (max-width: 1024px){.kadence-column1254_fa1426-d6 > .kt-inside-inner-col{flex-direction:column;justify-content:center;}}@media all and (max-width: 767px){.kadence-column1254_fa1426-d6 > .kt-inside-inner-col{flex-direction:column;justify-content:center;}}<\/style>\n<div class=\"wp-block-kadence-column kadence-column1254_fa1426-d6\"><div class=\"kt-inside-inner-col\"><style>.kadence-column1254_c67287-62 > .kt-inside-inner-col,.kadence-column1254_c67287-62 > .kt-inside-inner-col:before{border-top-left-radius:0px;border-top-right-radius:0px;border-bottom-right-radius:0px;border-bottom-left-radius:0px;}.kadence-column1254_c67287-62 > .kt-inside-inner-col{column-gap:var(--global-kb-gap-sm, 1rem);}.kadence-column1254_c67287-62 > .kt-inside-inner-col{flex-direction:column;}.kadence-column1254_c67287-62 > .kt-inside-inner-col > .aligncenter{width:100%;}.kadence-column1254_c67287-62 > .kt-inside-inner-col:before{opacity:0.3;}.kadence-column1254_c67287-62{position:relative;}@media all and (max-width: 1024px){.kadence-column1254_c67287-62 > .kt-inside-inner-col{flex-direction:column;justify-content:center;}}@media all and (max-width: 767px){.kadence-column1254_c67287-62 > .kt-inside-inner-col{flex-direction:column;justify-content:center;}}<\/style>\n<div class=\"wp-block-kadence-column kadence-column1254_c67287-62\"><div class=\"kt-inside-inner-col\">\n<figure data-wp-context=\"{&quot;imageId&quot;:&quot;69e3c62071994&quot;}\" data-wp-interactive=\"core\/image\" data-wp-key=\"69e3c62071994\" class=\"wp-block-image size-full wp-lightbox-container\"><img loading=\"lazy\" decoding=\"async\" width=\"1000\" height=\"1000\" data-wp-class--hide=\"state.isContentHidden\" data-wp-class--show=\"state.isContentVisible\" data-wp-init=\"callbacks.setButtonStyles\" data-wp-on--click=\"actions.showLightbox\" data-wp-on--load=\"callbacks.setButtonStyles\" data-wp-on-window--resize=\"callbacks.setButtonStyles\" src=\"https:\/\/salamrassi.com\/wp-content\/uploads\/2025\/01\/col_03.jpg\" alt=\"\" class=\"wp-image-1131\" srcset=\"https:\/\/salamrassi.com\/wp-content\/uploads\/2025\/01\/col_03.jpg 1000w, https:\/\/salamrassi.com\/wp-content\/uploads\/2025\/01\/col_03-300x300.jpg 300w, https:\/\/salamrassi.com\/wp-content\/uploads\/2025\/01\/col_03-150x150.jpg 150w, https:\/\/salamrassi.com\/wp-content\/uploads\/2025\/01\/col_03-768x768.jpg 768w, https:\/\/salamrassi.com\/wp-content\/uploads\/2025\/01\/col_03-12x12.jpg 12w\" sizes=\"auto, (max-width: 1000px) 100vw, 1000px\" \/><button\n\t\t\tclass=\"lightbox-trigger\"\n\t\t\ttype=\"button\"\n\t\t\taria-haspopup=\"dialog\"\n\t\t\taria-label=\"Enlarge\"\n\t\t\tdata-wp-init=\"callbacks.initTriggerButton\"\n\t\t\tdata-wp-on--click=\"actions.showLightbox\"\n\t\t\tdata-wp-style--right=\"state.imageButtonRight\"\n\t\t\tdata-wp-style--top=\"state.imageButtonTop\"\n\t\t>\n\t\t\t<svg xmlns=\"http:\/\/www.w3.org\/2000\/svg\" width=\"12\" height=\"12\" fill=\"none\" viewbox=\"0 0 12 12\">\n\t\t\t\t<path fill=\"#fff\" d=\"M2 0a2 2 0 0 0-2 2v2h1.5V2a.5.5 0 0 1 .5-.5h2V0H2Zm2 10.5H2a.5.5 0 0 1-.5-.5V8H0v2a2 2 0 0 0 2 2h2v-1.5ZM8 12v-1.5h2a.5.5 0 0 0 .5-.5V8H12v2a2 2 0 0 1-2 2H8Zm2-12a2 2 0 0 1 2 2v2h-1.5V2a.5.5 0 0 0-.5-.5H8V0h2Z\" \/>\n\t\t\t<\/svg>\n\t\t<\/button><\/figure>\n<\/div><\/div>\n\n\n<style>.wp-block-kadence-spacer.kt-block-spacer-1254_12726e-db .kt-block-spacer{height:15px;}.wp-block-kadence-spacer.kt-block-spacer-1254_12726e-db .kt-divider{border-top-width:1px;height:1px;border-top-color:#eee;width:80%;border-top-style:solid;}<\/style>\n<div class=\"wp-block-kadence-spacer aligncenter kt-block-spacer-1254_12726e-db\"><div class=\"kt-block-spacer kt-block-spacer-halign-center\"><\/div><\/div>\n\n\n\n<figure class=\"wp-block-image size-full\"><img loading=\"lazy\" decoding=\"async\" width=\"1000\" height=\"1000\" src=\"https:\/\/salamrassi.com\/wp-content\/uploads\/2025\/01\/col_05.jpg\" alt=\"\" class=\"wp-image-1302\" srcset=\"https:\/\/salamrassi.com\/wp-content\/uploads\/2025\/01\/col_05.jpg 1000w, https:\/\/salamrassi.com\/wp-content\/uploads\/2025\/01\/col_05-300x300.jpg 300w, https:\/\/salamrassi.com\/wp-content\/uploads\/2025\/01\/col_05-150x150.jpg 150w, https:\/\/salamrassi.com\/wp-content\/uploads\/2025\/01\/col_05-768x768.jpg 768w, https:\/\/salamrassi.com\/wp-content\/uploads\/2025\/01\/col_05-12x12.jpg 12w\" sizes=\"auto, (max-width: 1000px) 100vw, 1000px\" \/><\/figure>\n\n\n<style>.kadence-column1254_c26621-08 > .kt-inside-inner-col,.kadence-column1254_c26621-08 > .kt-inside-inner-col:before{border-top-left-radius:0px;border-top-right-radius:0px;border-bottom-right-radius:0px;border-bottom-left-radius:0px;}.kadence-column1254_c26621-08 > .kt-inside-inner-col{column-gap:var(--global-kb-gap-sm, 1rem);}.kadence-column1254_c26621-08 > .kt-inside-inner-col{flex-direction:column;}.kadence-column1254_c26621-08 > .kt-inside-inner-col > .aligncenter{width:100%;}.kadence-column1254_c26621-08 > .kt-inside-inner-col:before{opacity:0.3;}.kadence-column1254_c26621-08{position:relative;}@media all and (max-width: 1024px){.kadence-column1254_c26621-08 > .kt-inside-inner-col{flex-direction:column;justify-content:center;}}@media all and (max-width: 767px){.kadence-column1254_c26621-08 > .kt-inside-inner-col{flex-direction:column;justify-content:center;}}<\/style>\n<div class=\"wp-block-kadence-column kadence-column1254_c26621-08\"><div class=\"kt-inside-inner-col\"><\/div><\/div>\n<\/div><\/div>\n\n\n<style>.kadence-column1254_06d307-7b > .kt-inside-inner-col,.kadence-column1254_06d307-7b > .kt-inside-inner-col:before{border-top-left-radius:0px;border-top-right-radius:0px;border-bottom-right-radius:0px;border-bottom-left-radius:0px;}.kadence-column1254_06d307-7b > .kt-inside-inner-col{column-gap:var(--global-kb-gap-sm, 1rem);}.kadence-column1254_06d307-7b > .kt-inside-inner-col{flex-direction:column;}.kadence-column1254_06d307-7b > .kt-inside-inner-col > .aligncenter{width:100%;}.kadence-column1254_06d307-7b > .kt-inside-inner-col:before{opacity:0.3;}.kadence-column1254_06d307-7b{position:relative;}@media all and (max-width: 1024px){.kadence-column1254_06d307-7b > .kt-inside-inner-col{flex-direction:column;justify-content:center;}}@media all and (max-width: 767px){.kadence-column1254_06d307-7b > .kt-inside-inner-col{flex-direction:column;justify-content:center;}}<\/style>\n<div class=\"wp-block-kadence-column kadence-column1254_06d307-7b\"><div class=\"kt-inside-inner-col\">\n<div style=\"height:24px\" aria-hidden=\"true\" class=\"wp-block-spacer\"><\/div>\n\n\n\n<h2 class=\"wp-block-heading has-large-font-size\">Blue Fox<\/h2>\n\n\n\n<p><\/p>\n\n\n\n<p><\/p>\n\n\n\n<p><\/p>\n\n\n\n<p class=\"has-text-align-left has-medium-font-size\">CA$ 200.00<\/p>\n\n\n\n<p class=\"has-text-align-left has-small-font-size\" style=\"font-style:normal;font-weight:300\">Collar made of repurposed fur. Easy to use, it can also serve as a headband to keep your head warm.<\/p>\n\n\n\n<ul class=\"wp-block-list\">\n<li class=\"has-small-font-size\" style=\"font-style:normal;font-weight:400\">Composition: Norwegian Blue Fox, fabric and velcro<\/li>\n\n\n\n<li class=\"has-small-font-size\" style=\"font-style:normal;font-weight:400\">Dimensions: 3-1\/4&Prime; X 22-1\/2<\/li>\n<\/ul>\n<\/div><\/div>\n\n\n<style>.kadence-column1254_0c0816-df > .kt-inside-inner-col,.kadence-column1254_0c0816-df > .kt-inside-inner-col:before{border-top-left-radius:0px;border-top-right-radius:0px;border-bottom-right-radius:0px;border-bottom-left-radius:0px;}.kadence-column1254_0c0816-df > .kt-inside-inner-col{column-gap:var(--global-kb-gap-sm, 1rem);}.kadence-column1254_0c0816-df > .kt-inside-inner-col{flex-direction:column;}.kadence-column1254_0c0816-df > .kt-inside-inner-col > .aligncenter{width:100%;}.kadence-column1254_0c0816-df > .kt-inside-inner-col:before{opacity:0.3;}.kadence-column1254_0c0816-df{position:relative;}@media all and (max-width: 1024px){.kadence-column1254_0c0816-df > .kt-inside-inner-col{flex-direction:column;justify-content:center;}}@media all and (max-width: 767px){.kadence-column1254_0c0816-df > .kt-inside-inner-col{flex-direction:column;justify-content:center;}}<\/style>\n<div class=\"wp-block-kadence-column kadence-column1254_0c0816-df\"><div class=\"kt-inside-inner-col\"><\/div><\/div>\n\n<\/div><\/div>","protected":false},"excerpt":{"rendered":"<p>Renard Bleu CA$ 200.00 Col fait de fourrure revaloris\u00e9e. Facile d&rsquo;utilisation, il peut aussi bien servir de bandeau pour vous r\u00e9chauffer la t\u00eate.<\/p>","protected":false},"author":2,"featured_media":0,"parent":185,"menu_order":0,"comment_status":"closed","ping_status":"closed","template":"","meta":{"om_disable_all_campaigns":false,"_monsterinsights_skip_tracking":false,"_monsterinsights_sitenote_active":false,"_monsterinsights_sitenote_note":"","_monsterinsights_sitenote_category":0,"_kad_post_transparent":"","_kad_post_title":"","_kad_post_layout":"","_kad_post_sidebar_id":"","_kad_post_content_style":"","_kad_post_vertical_padding":"","_kad_post_feature":"","_kad_post_feature_position":"","_kad_post_header":false,"_kad_post_footer":false,"_kad_post_classname":"","footnotes":""},"class_list":["post-1254","page","type-page","status-publish","hentry"],"aioseo_notices":[],"_links":{"self":[{"href":"https:\/\/salamrassi.com\/en\/wp-json\/wp\/v2\/pages\/1254","targetHints":{"allow":["GET"]}}],"collection":[{"href":"https:\/\/salamrassi.com\/en\/wp-json\/wp\/v2\/pages"}],"about":[{"href":"https:\/\/salamrassi.com\/en\/wp-json\/wp\/v2\/types\/page"}],"author":[{"embeddable":true,"href":"https:\/\/salamrassi.com\/en\/wp-json\/wp\/v2\/users\/2"}],"replies":[{"embeddable":true,"href":"https:\/\/salamrassi.com\/en\/wp-json\/wp\/v2\/comments?post=1254"}],"version-history":[{"count":8,"href":"https:\/\/salamrassi.com\/en\/wp-json\/wp\/v2\/pages\/1254\/revisions"}],"predecessor-version":[{"id":1482,"href":"https:\/\/salamrassi.com\/en\/wp-json\/wp\/v2\/pages\/1254\/revisions\/1482"}],"up":[{"embeddable":true,"href":"https:\/\/salamrassi.com\/en\/wp-json\/wp\/v2\/pages\/185"}],"wp:attachment":[{"href":"https:\/\/salamrassi.com\/en\/wp-json\/wp\/v2\/media?parent=1254"}],"curies":[{"name":"wp","href":"https:\/\/api.w.org\/{rel}","templated":true}]}}