{"id":1279,"date":"2025-01-03T22:52:20","date_gmt":"2025-01-03T22:52:20","guid":{"rendered":"https:\/\/salamrassi.com\/?page_id=1279"},"modified":"2025-01-16T20:19:22","modified_gmt":"2025-01-16T20:19:22","slug":"autruche-5","status":"publish","type":"page","link":"https:\/\/salamrassi.com\/en\/porte-cartes\/autruche-5\/","title":{"rendered":"OSTRICH 5"},"content":{"rendered":"<div style=\"height:75px\" aria-hidden=\"true\" class=\"wp-block-spacer colored-spacer\"><\/div>\n\n\n\n<div style=\"height:30px\" aria-hidden=\"true\" class=\"wp-block-spacer\"><\/div>\n\n\n\n<p class=\"has-text-align-center\"><\/p>\n\n\n<style>.kb-row-layout-id1279_1bae9a-b7 > .kt-row-column-wrap{align-content:start;}:where(.kb-row-layout-id1279_1bae9a-b7 > .kt-row-column-wrap) > .wp-block-kadence-column{justify-content:start;}.kb-row-layout-id1279_1bae9a-b7 > .kt-row-column-wrap{column-gap:var(--global-kb-gap-md, 2rem);row-gap:var(--global-kb-gap-md, 2rem);padding-top:var(--global-kb-spacing-sm, 1.5rem);padding-bottom:var(--global-kb-spacing-sm, 1.5rem);grid-template-columns:minmax(0, calc(10% - ((var(--global-kb-gap-md, 2rem) * 2 )\/3)))minmax(0, calc(75% - ((var(--global-kb-gap-md, 2rem) * 2 )\/3)))minmax(0, calc(15% - ((var(--global-kb-gap-md, 2rem) * 2 )\/3)));}.kb-row-layout-id1279_1bae9a-b7 > .kt-row-layout-overlay{opacity:0.30;}@media all and (max-width: 1024px){.kb-row-layout-id1279_1bae9a-b7 > .kt-row-column-wrap > div:not(.added-for-specificity){grid-column:initial;}}@media all and (max-width: 1024px){.kb-row-layout-id1279_1bae9a-b7 > .kt-row-column-wrap{grid-template-columns:minmax(0, 1fr) minmax(0, 6fr) minmax(0, 1fr);}}@media all and (max-width: 767px){.kb-row-layout-id1279_1bae9a-b7 > .kt-row-column-wrap > div:not(.added-for-specificity){grid-column:initial;}.kb-row-layout-id1279_1bae9a-b7 > .kt-row-column-wrap{grid-template-columns:minmax(0, 1fr);}}<\/style><div class=\"kb-row-layout-wrap kb-row-layout-id1279_1bae9a-b7 alignnone wp-block-kadence-rowlayout\"><div class=\"kt-row-column-wrap kt-has-3-columns kt-row-layout-center-exwide kt-tab-layout-inherit kt-mobile-layout-row kt-row-valign-top\">\n<style>.kadence-column1279_07f368-cf > .kt-inside-inner-col,.kadence-column1279_07f368-cf > .kt-inside-inner-col:before{border-top-left-radius:0px;border-top-right-radius:0px;border-bottom-right-radius:0px;border-bottom-left-radius:0px;}.kadence-column1279_07f368-cf > .kt-inside-inner-col{column-gap:var(--global-kb-gap-sm, 1rem);}.kadence-column1279_07f368-cf > .kt-inside-inner-col{flex-direction:column;}.kadence-column1279_07f368-cf > .kt-inside-inner-col > .aligncenter{width:100%;}.kadence-column1279_07f368-cf > .kt-inside-inner-col:before{opacity:0.3;}.kadence-column1279_07f368-cf{position:relative;}@media all and (max-width: 1024px){.kadence-column1279_07f368-cf > .kt-inside-inner-col{flex-direction:column;justify-content:center;}}@media all and (max-width: 767px){.kadence-column1279_07f368-cf > .kt-inside-inner-col{flex-direction:column;justify-content:center;}}<\/style>\n<div class=\"wp-block-kadence-column kadence-column1279_07f368-cf\"><div class=\"kt-inside-inner-col\"><\/div><\/div>\n\n\n<style>.kadence-column1279_18e869-88 > .kt-inside-inner-col,.kadence-column1279_18e869-88 > .kt-inside-inner-col:before{border-top-left-radius:0px;border-top-right-radius:0px;border-bottom-right-radius:0px;border-bottom-left-radius:0px;}.kadence-column1279_18e869-88 > .kt-inside-inner-col{column-gap:var(--global-kb-gap-sm, 1rem);}.kadence-column1279_18e869-88 > .kt-inside-inner-col{flex-direction:column;}.kadence-column1279_18e869-88 > .kt-inside-inner-col > .aligncenter{width:100%;}.kadence-column1279_18e869-88 > .kt-inside-inner-col:before{opacity:0.3;}.kadence-column1279_18e869-88{position:relative;}@media all and (max-width: 1024px){.kadence-column1279_18e869-88 > .kt-inside-inner-col{flex-direction:column;justify-content:center;}}@media all and (max-width: 767px){.kadence-column1279_18e869-88 > .kt-inside-inner-col{padding-left:var(--global-kb-spacing-sm, 1.5rem);flex-direction:column;justify-content:center;}}<\/style>\n<div class=\"wp-block-kadence-column kadence-column1279_18e869-88\"><div class=\"kt-inside-inner-col\"><div class=\"aioseo-breadcrumbs\"><span class=\"aioseo-breadcrumb\">\n\t\t\t<a href=\"https:\/\/salamrassi.com\/en\" title=\"Home\">Home<\/a>\n\t\t<\/span><\/div><\/div><\/div>\n\n\n<style>.kadence-column1279_5f5824-56 > .kt-inside-inner-col,.kadence-column1279_5f5824-56 > .kt-inside-inner-col:before{border-top-left-radius:0px;border-top-right-radius:0px;border-bottom-right-radius:0px;border-bottom-left-radius:0px;}.kadence-column1279_5f5824-56 > .kt-inside-inner-col{column-gap:var(--global-kb-gap-sm, 1rem);}.kadence-column1279_5f5824-56 > .kt-inside-inner-col{flex-direction:column;}.kadence-column1279_5f5824-56 > .kt-inside-inner-col > .aligncenter{width:100%;}.kadence-column1279_5f5824-56 > .kt-inside-inner-col:before{opacity:0.3;}.kadence-column1279_5f5824-56{position:relative;}@media all and (max-width: 1024px){.kadence-column1279_5f5824-56 > .kt-inside-inner-col{flex-direction:column;justify-content:center;}}@media all and (max-width: 767px){.kadence-column1279_5f5824-56 > .kt-inside-inner-col{flex-direction:column;justify-content:center;}}<\/style>\n<div class=\"wp-block-kadence-column kadence-column1279_5f5824-56\"><div class=\"kt-inside-inner-col\"><\/div><\/div>\n\n<\/div><\/div>\n\n<style>.kb-row-layout-id1279_8c936b-60 > .kt-row-column-wrap{align-content:start;}:where(.kb-row-layout-id1279_8c936b-60 > .kt-row-column-wrap) > .wp-block-kadence-column{justify-content:start;}.kb-row-layout-id1279_8c936b-60 > .kt-row-column-wrap{column-gap:var(--global-kb-gap-md, 2rem);row-gap:var(--global-kb-gap-md, 2rem);padding-top:var(--global-kb-spacing-sm, 1.5rem);padding-bottom:var(--global-kb-spacing-sm, 1.5rem);grid-template-columns:minmax(0, calc(10% - ((var(--global-kb-gap-md, 2rem) * 3 )\/4)))minmax(0, calc(57.4% - ((var(--global-kb-gap-md, 2rem) * 3 )\/4)))minmax(0, calc(22.6% - ((var(--global-kb-gap-md, 2rem) * 3 )\/4)))minmax(0, calc(10% - ((var(--global-kb-gap-md, 2rem) * 3 )\/4)));}.kb-row-layout-id1279_8c936b-60 > .kt-row-layout-overlay{opacity:0.30;}@media all and (max-width: 1024px){.kb-row-layout-id1279_8c936b-60 > .kt-row-column-wrap > div:not(.added-for-specificity){grid-column:initial;}}@media all and (max-width: 1024px){.kb-row-layout-id1279_8c936b-60 > .kt-row-column-wrap{grid-template-columns:repeat(4, minmax(0, 1fr));}}@media all and (max-width: 767px){.kb-row-layout-id1279_8c936b-60 > .kt-row-column-wrap{padding-right:var(--global-kb-spacing-xs, 1rem);padding-left:var(--global-kb-spacing-xs, 1rem);grid-template-columns:minmax(0, 1fr);}.kb-row-layout-id1279_8c936b-60 > .kt-row-column-wrap > div:not(.added-for-specificity){grid-column:initial;}}<\/style><div class=\"kb-row-layout-wrap kb-row-layout-id1279_8c936b-60 alignnone wp-block-kadence-rowlayout\"><div class=\"kt-row-column-wrap kt-has-4-columns kt-row-layout-equal kt-tab-layout-inherit kt-mobile-layout-row kt-row-valign-top\">\n<style>.kadence-column1279_c8fe01-95 > .kt-inside-inner-col,.kadence-column1279_c8fe01-95 > .kt-inside-inner-col:before{border-top-left-radius:0px;border-top-right-radius:0px;border-bottom-right-radius:0px;border-bottom-left-radius:0px;}.kadence-column1279_c8fe01-95 > .kt-inside-inner-col{column-gap:var(--global-kb-gap-sm, 1rem);}.kadence-column1279_c8fe01-95 > .kt-inside-inner-col{flex-direction:column;}.kadence-column1279_c8fe01-95 > .kt-inside-inner-col > .aligncenter{width:100%;}.kadence-column1279_c8fe01-95 > .kt-inside-inner-col:before{opacity:0.3;}.kadence-column1279_c8fe01-95{position:relative;}@media all and (max-width: 1024px){.kadence-column1279_c8fe01-95 > .kt-inside-inner-col{flex-direction:column;justify-content:center;}}@media all and (max-width: 767px){.kadence-column1279_c8fe01-95 > .kt-inside-inner-col{flex-direction:column;justify-content:center;}}<\/style>\n<div class=\"wp-block-kadence-column kadence-column1279_c8fe01-95\"><div class=\"kt-inside-inner-col\"><\/div><\/div>\n\n\n<style>.kadence-column1279_b9784f-02 > .kt-inside-inner-col,.kadence-column1279_b9784f-02 > .kt-inside-inner-col:before{border-top-left-radius:0px;border-top-right-radius:0px;border-bottom-right-radius:0px;border-bottom-left-radius:0px;}.kadence-column1279_b9784f-02 > .kt-inside-inner-col{column-gap:var(--global-kb-gap-sm, 1rem);}.kadence-column1279_b9784f-02 > .kt-inside-inner-col{flex-direction:column;}.kadence-column1279_b9784f-02 > .kt-inside-inner-col > .aligncenter{width:100%;}.kadence-column1279_b9784f-02 > .kt-inside-inner-col:before{opacity:0.3;}.kadence-column1279_b9784f-02{position:relative;}@media all and (max-width: 1024px){.kadence-column1279_b9784f-02 > .kt-inside-inner-col{flex-direction:column;justify-content:center;}}@media all and (max-width: 767px){.kadence-column1279_b9784f-02 > .kt-inside-inner-col{flex-direction:column;justify-content:center;}}<\/style>\n<div class=\"wp-block-kadence-column kadence-column1279_b9784f-02\"><div class=\"kt-inside-inner-col\"><style>.kadence-column1279_ed680b-d8 > .kt-inside-inner-col,.kadence-column1279_ed680b-d8 > .kt-inside-inner-col:before{border-top-left-radius:0px;border-top-right-radius:0px;border-bottom-right-radius:0px;border-bottom-left-radius:0px;}.kadence-column1279_ed680b-d8 > .kt-inside-inner-col{column-gap:var(--global-kb-gap-sm, 1rem);}.kadence-column1279_ed680b-d8 > .kt-inside-inner-col{flex-direction:column;}.kadence-column1279_ed680b-d8 > .kt-inside-inner-col > .aligncenter{width:100%;}.kadence-column1279_ed680b-d8 > .kt-inside-inner-col:before{opacity:0.3;}.kadence-column1279_ed680b-d8{position:relative;}@media all and (max-width: 1024px){.kadence-column1279_ed680b-d8 > .kt-inside-inner-col{flex-direction:column;justify-content:center;}}@media all and (max-width: 767px){.kadence-column1279_ed680b-d8 > .kt-inside-inner-col{flex-direction:column;justify-content:center;}}<\/style>\n<div class=\"wp-block-kadence-column kadence-column1279_ed680b-d8\"><div class=\"kt-inside-inner-col\">\n<figure data-wp-context=\"{&quot;imageId&quot;:&quot;69e3c5e966a79&quot;}\" data-wp-interactive=\"core\/image\" data-wp-key=\"69e3c5e966a79\" class=\"wp-block-image size-full wp-lightbox-container\"><img loading=\"lazy\" decoding=\"async\" width=\"1000\" height=\"1000\" data-wp-class--hide=\"state.isContentHidden\" data-wp-class--show=\"state.isContentVisible\" data-wp-init=\"callbacks.setButtonStyles\" data-wp-on--click=\"actions.showLightbox\" data-wp-on--load=\"callbacks.setButtonStyles\" data-wp-on-window--resize=\"callbacks.setButtonStyles\" src=\"https:\/\/salamrassi.com\/wp-content\/uploads\/2025\/01\/etui_07.jpg\" alt=\"\" class=\"wp-image-1120\" srcset=\"https:\/\/salamrassi.com\/wp-content\/uploads\/2025\/01\/etui_07.jpg 1000w, https:\/\/salamrassi.com\/wp-content\/uploads\/2025\/01\/etui_07-300x300.jpg 300w, https:\/\/salamrassi.com\/wp-content\/uploads\/2025\/01\/etui_07-150x150.jpg 150w, https:\/\/salamrassi.com\/wp-content\/uploads\/2025\/01\/etui_07-768x768.jpg 768w, https:\/\/salamrassi.com\/wp-content\/uploads\/2025\/01\/etui_07-12x12.jpg 12w\" sizes=\"auto, (max-width: 1000px) 100vw, 1000px\" \/><button\n\t\t\tclass=\"lightbox-trigger\"\n\t\t\ttype=\"button\"\n\t\t\taria-haspopup=\"dialog\"\n\t\t\taria-label=\"Enlarge\"\n\t\t\tdata-wp-init=\"callbacks.initTriggerButton\"\n\t\t\tdata-wp-on--click=\"actions.showLightbox\"\n\t\t\tdata-wp-style--right=\"state.imageButtonRight\"\n\t\t\tdata-wp-style--top=\"state.imageButtonTop\"\n\t\t>\n\t\t\t<svg xmlns=\"http:\/\/www.w3.org\/2000\/svg\" width=\"12\" height=\"12\" fill=\"none\" viewbox=\"0 0 12 12\">\n\t\t\t\t<path fill=\"#fff\" d=\"M2 0a2 2 0 0 0-2 2v2h1.5V2a.5.5 0 0 1 .5-.5h2V0H2Zm2 10.5H2a.5.5 0 0 1-.5-.5V8H0v2a2 2 0 0 0 2 2h2v-1.5ZM8 12v-1.5h2a.5.5 0 0 0 .5-.5V8H12v2a2 2 0 0 1-2 2H8Zm2-12a2 2 0 0 1 2 2v2h-1.5V2a.5.5 0 0 0-.5-.5H8V0h2Z\" \/>\n\t\t\t<\/svg>\n\t\t<\/button><\/figure>\n<\/div><\/div>\n\n\n<style>.wp-block-kadence-spacer.kt-block-spacer-1279_9a450a-1a .kt-block-spacer{height:15px;}.wp-block-kadence-spacer.kt-block-spacer-1279_9a450a-1a .kt-divider{border-top-width:1px;height:1px;border-top-color:#eee;width:80%;border-top-style:solid;}<\/style>\n<div class=\"wp-block-kadence-spacer aligncenter kt-block-spacer-1279_9a450a-1a\"><div class=\"kt-block-spacer kt-block-spacer-halign-center\"><\/div><\/div>\n\n\n\n<figure class=\"wp-block-image size-full\"><img loading=\"lazy\" decoding=\"async\" width=\"1000\" height=\"1000\" src=\"https:\/\/salamrassi.com\/wp-content\/uploads\/2025\/01\/etui41.jpg\" alt=\"\" class=\"wp-image-1324\" srcset=\"https:\/\/salamrassi.com\/wp-content\/uploads\/2025\/01\/etui41.jpg 1000w, https:\/\/salamrassi.com\/wp-content\/uploads\/2025\/01\/etui41-300x300.jpg 300w, https:\/\/salamrassi.com\/wp-content\/uploads\/2025\/01\/etui41-150x150.jpg 150w, https:\/\/salamrassi.com\/wp-content\/uploads\/2025\/01\/etui41-768x768.jpg 768w, https:\/\/salamrassi.com\/wp-content\/uploads\/2025\/01\/etui41-12x12.jpg 12w\" sizes=\"auto, (max-width: 1000px) 100vw, 1000px\" \/><\/figure>\n\n\n<style>.kadence-column1279_adbb23-90 > .kt-inside-inner-col,.kadence-column1279_adbb23-90 > .kt-inside-inner-col:before{border-top-left-radius:0px;border-top-right-radius:0px;border-bottom-right-radius:0px;border-bottom-left-radius:0px;}.kadence-column1279_adbb23-90 > .kt-inside-inner-col{column-gap:var(--global-kb-gap-sm, 1rem);}.kadence-column1279_adbb23-90 > .kt-inside-inner-col{flex-direction:column;}.kadence-column1279_adbb23-90 > .kt-inside-inner-col > .aligncenter{width:100%;}.kadence-column1279_adbb23-90 > .kt-inside-inner-col:before{opacity:0.3;}.kadence-column1279_adbb23-90{position:relative;}@media all and (max-width: 1024px){.kadence-column1279_adbb23-90 > .kt-inside-inner-col{flex-direction:column;justify-content:center;}}@media all and (max-width: 767px){.kadence-column1279_adbb23-90 > .kt-inside-inner-col{flex-direction:column;justify-content:center;}}<\/style>\n<div class=\"wp-block-kadence-column kadence-column1279_adbb23-90\"><div class=\"kt-inside-inner-col\"><\/div><\/div>\n<\/div><\/div>\n\n\n<style>.kadence-column1279_6e849e-d5 > .kt-inside-inner-col,.kadence-column1279_6e849e-d5 > .kt-inside-inner-col:before{border-top-left-radius:0px;border-top-right-radius:0px;border-bottom-right-radius:0px;border-bottom-left-radius:0px;}.kadence-column1279_6e849e-d5 > .kt-inside-inner-col{column-gap:var(--global-kb-gap-sm, 1rem);}.kadence-column1279_6e849e-d5 > .kt-inside-inner-col{flex-direction:column;}.kadence-column1279_6e849e-d5 > .kt-inside-inner-col > .aligncenter{width:100%;}.kadence-column1279_6e849e-d5 > .kt-inside-inner-col:before{opacity:0.3;}.kadence-column1279_6e849e-d5{position:relative;}@media all and (max-width: 1024px){.kadence-column1279_6e849e-d5 > .kt-inside-inner-col{flex-direction:column;justify-content:center;}}@media all and (max-width: 767px){.kadence-column1279_6e849e-d5 > .kt-inside-inner-col{flex-direction:column;justify-content:center;}}<\/style>\n<div class=\"wp-block-kadence-column kadence-column1279_6e849e-d5\"><div class=\"kt-inside-inner-col\">\n<div style=\"height:24px\" aria-hidden=\"true\" class=\"wp-block-spacer\"><\/div>\n\n\n\n<h2 class=\"wp-block-heading has-large-font-size\">Ostrich<\/h2>\n\n\n\n<p><\/p>\n\n\n\n<p class=\"has-text-align-left has-medium-font-size\">CA$ 85.00<\/p>\n\n\n\n<p class=\"has-text-align-left has-small-font-size\" style=\"font-style:normal;font-weight:300\">This meticulously crafted card holder, elegantly lined with leather and exquisitely fashioned from exotic leathers, promises to subtly capture the discerning eye of those who appreciate understated refinement.<\/p>\n\n\n\n<ul class=\"wp-block-list\">\n<li class=\"has-small-font-size\" style=\"font-style:normal;font-weight:400\">Composition: Ostrich (leg) and Pig leather<\/li>\n\n\n\n<li class=\"has-small-font-size\" style=\"font-style:normal;font-weight:400\">Dimensions: 4-1\/2&Prime; X 5-5\/8&Prime;<\/li>\n<\/ul>\n<\/div><\/div>\n\n\n<style>.kadence-column1279_85437d-04 > .kt-inside-inner-col,.kadence-column1279_85437d-04 > .kt-inside-inner-col:before{border-top-left-radius:0px;border-top-right-radius:0px;border-bottom-right-radius:0px;border-bottom-left-radius:0px;}.kadence-column1279_85437d-04 > .kt-inside-inner-col{column-gap:var(--global-kb-gap-sm, 1rem);}.kadence-column1279_85437d-04 > .kt-inside-inner-col{flex-direction:column;}.kadence-column1279_85437d-04 > .kt-inside-inner-col > .aligncenter{width:100%;}.kadence-column1279_85437d-04 > .kt-inside-inner-col:before{opacity:0.3;}.kadence-column1279_85437d-04{position:relative;}@media all and (max-width: 1024px){.kadence-column1279_85437d-04 > .kt-inside-inner-col{flex-direction:column;justify-content:center;}}@media all and (max-width: 767px){.kadence-column1279_85437d-04 > .kt-inside-inner-col{flex-direction:column;justify-content:center;}}<\/style>\n<div class=\"wp-block-kadence-column kadence-column1279_85437d-04\"><div class=\"kt-inside-inner-col\"><\/div><\/div>\n\n<\/div><\/div>\n\n\n<p><\/p>","protected":false},"excerpt":{"rendered":"<p>Autruche CA$ 85.00 Ce porte-cartes, soigneusement con\u00e7u, doubl\u00e9 de cuir et fa\u00e7onn\u00e9 avec raffinement \u00e0 partir de cuirs exotiques, promet de captiver subtilement le regard averti de ceux qui appr\u00e9cient une \u00e9l\u00e9gance discr\u00e8te.<\/p>","protected":false},"author":2,"featured_media":0,"parent":1139,"menu_order":0,"comment_status":"closed","ping_status":"closed","template":"","meta":{"om_disable_all_campaigns":false,"_monsterinsights_skip_tracking":false,"_monsterinsights_sitenote_active":false,"_monsterinsights_sitenote_note":"","_monsterinsights_sitenote_category":0,"_kad_post_transparent":"","_kad_post_title":"","_kad_post_layout":"","_kad_post_sidebar_id":"","_kad_post_content_style":"","_kad_post_vertical_padding":"","_kad_post_feature":"","_kad_post_feature_position":"","_kad_post_header":false,"_kad_post_footer":false,"_kad_post_classname":"","footnotes":""},"class_list":["post-1279","page","type-page","status-publish","hentry"],"aioseo_notices":[],"_links":{"self":[{"href":"https:\/\/salamrassi.com\/en\/wp-json\/wp\/v2\/pages\/1279","targetHints":{"allow":["GET"]}}],"collection":[{"href":"https:\/\/salamrassi.com\/en\/wp-json\/wp\/v2\/pages"}],"about":[{"href":"https:\/\/salamrassi.com\/en\/wp-json\/wp\/v2\/types\/page"}],"author":[{"embeddable":true,"href":"https:\/\/salamrassi.com\/en\/wp-json\/wp\/v2\/users\/2"}],"replies":[{"embeddable":true,"href":"https:\/\/salamrassi.com\/en\/wp-json\/wp\/v2\/comments?post=1279"}],"version-history":[{"count":7,"href":"https:\/\/salamrassi.com\/en\/wp-json\/wp\/v2\/pages\/1279\/revisions"}],"predecessor-version":[{"id":1525,"href":"https:\/\/salamrassi.com\/en\/wp-json\/wp\/v2\/pages\/1279\/revisions\/1525"}],"up":[{"embeddable":true,"href":"https:\/\/salamrassi.com\/en\/wp-json\/wp\/v2\/pages\/1139"}],"wp:attachment":[{"href":"https:\/\/salamrassi.com\/en\/wp-json\/wp\/v2\/media?parent=1279"}],"curies":[{"name":"wp","href":"https:\/\/api.w.org\/{rel}","templated":true}]}}