{"id":139,"date":"2024-11-03T18:07:15","date_gmt":"2024-11-03T18:07:15","guid":{"rendered":"https:\/\/salamrassi.com\/?page_id=139"},"modified":"2025-01-07T15:16:12","modified_gmt":"2025-01-07T15:16:12","slug":"info","status":"publish","type":"page","link":"https:\/\/salamrassi.com\/en\/info\/","title":{"rendered":"INFO"},"content":{"rendered":"<div style=\"height:75px\" aria-hidden=\"true\" class=\"wp-block-spacer colored-spacer\"><\/div>\n\n\n\n<div style=\"height:30px\" aria-hidden=\"true\" class=\"wp-block-spacer\"><\/div>\n\n\n\n<p class=\"has-text-align-center\"><\/p>\n\n\n<style>.kb-row-layout-id139_954ba0-ca > .kt-row-column-wrap{align-content:start;}:where(.kb-row-layout-id139_954ba0-ca > .kt-row-column-wrap) > .wp-block-kadence-column{justify-content:start;}.kb-row-layout-id139_954ba0-ca > .kt-row-column-wrap{column-gap:var(--global-kb-gap-md, 2rem);row-gap:var(--global-kb-gap-md, 2rem);padding-top:var(--global-kb-spacing-sm, 1.5rem);padding-bottom:var(--global-kb-spacing-sm, 1.5rem);grid-template-columns:minmax(0, calc(10% - ((var(--global-kb-gap-md, 2rem) * 2 )\/3)))minmax(0, calc(75% - ((var(--global-kb-gap-md, 2rem) * 2 )\/3)))minmax(0, calc(15% - ((var(--global-kb-gap-md, 2rem) * 2 )\/3)));}.kb-row-layout-id139_954ba0-ca > .kt-row-layout-overlay{opacity:0.30;}@media all and (max-width: 1024px){.kb-row-layout-id139_954ba0-ca > .kt-row-column-wrap > div:not(.added-for-specificity){grid-column:initial;}}@media all and (max-width: 1024px){.kb-row-layout-id139_954ba0-ca > .kt-row-column-wrap{grid-template-columns:minmax(0, 1fr) minmax(0, 6fr) minmax(0, 1fr);}}@media all and (max-width: 767px){.kb-row-layout-id139_954ba0-ca > .kt-row-column-wrap > div:not(.added-for-specificity){grid-column:initial;}.kb-row-layout-id139_954ba0-ca > .kt-row-column-wrap{grid-template-columns:minmax(0, 1fr);}}<\/style><div class=\"kb-row-layout-wrap kb-row-layout-id139_954ba0-ca alignnone wp-block-kadence-rowlayout\"><div class=\"kt-row-column-wrap kt-has-3-columns kt-row-layout-center-exwide kt-tab-layout-inherit kt-mobile-layout-row kt-row-valign-top\">\n<style>.kadence-column139_407088-15 > .kt-inside-inner-col,.kadence-column139_407088-15 > .kt-inside-inner-col:before{border-top-left-radius:0px;border-top-right-radius:0px;border-bottom-right-radius:0px;border-bottom-left-radius:0px;}.kadence-column139_407088-15 > .kt-inside-inner-col{column-gap:var(--global-kb-gap-sm, 1rem);}.kadence-column139_407088-15 > .kt-inside-inner-col{flex-direction:column;}.kadence-column139_407088-15 > .kt-inside-inner-col > .aligncenter{width:100%;}.kadence-column139_407088-15 > .kt-inside-inner-col:before{opacity:0.3;}.kadence-column139_407088-15{position:relative;}@media all and (max-width: 1024px){.kadence-column139_407088-15 > .kt-inside-inner-col{flex-direction:column;justify-content:center;}}@media all and (max-width: 767px){.kadence-column139_407088-15 > .kt-inside-inner-col{flex-direction:column;justify-content:center;}}<\/style>\n<div class=\"wp-block-kadence-column kadence-column139_407088-15\"><div class=\"kt-inside-inner-col\"><\/div><\/div>\n\n\n<style>.kadence-column139_700ac6-fc > .kt-inside-inner-col,.kadence-column139_700ac6-fc > .kt-inside-inner-col:before{border-top-left-radius:0px;border-top-right-radius:0px;border-bottom-right-radius:0px;border-bottom-left-radius:0px;}.kadence-column139_700ac6-fc > .kt-inside-inner-col{column-gap:var(--global-kb-gap-sm, 1rem);}.kadence-column139_700ac6-fc > .kt-inside-inner-col{flex-direction:column;}.kadence-column139_700ac6-fc > .kt-inside-inner-col > .aligncenter{width:100%;}.kadence-column139_700ac6-fc > .kt-inside-inner-col:before{opacity:0.3;}.kadence-column139_700ac6-fc{position:relative;}@media all and (max-width: 1024px){.kadence-column139_700ac6-fc > .kt-inside-inner-col{flex-direction:column;justify-content:center;}}@media all and (max-width: 767px){.kadence-column139_700ac6-fc > .kt-inside-inner-col{padding-left:var(--global-kb-spacing-sm, 1.5rem);flex-direction:column;justify-content:center;}}<\/style>\n<div class=\"wp-block-kadence-column kadence-column139_700ac6-fc\"><div class=\"kt-inside-inner-col\"><div class=\"aioseo-breadcrumbs\"><span class=\"aioseo-breadcrumb\">\n\t\t\t<a href=\"https:\/\/salamrassi.com\/en\" title=\"Home\">Home<\/a>\n\t\t<\/span><\/div><\/div><\/div>\n\n\n<style>.kadence-column139_16da1a-34 > .kt-inside-inner-col,.kadence-column139_16da1a-34 > .kt-inside-inner-col:before{border-top-left-radius:0px;border-top-right-radius:0px;border-bottom-right-radius:0px;border-bottom-left-radius:0px;}.kadence-column139_16da1a-34 > .kt-inside-inner-col{column-gap:var(--global-kb-gap-sm, 1rem);}.kadence-column139_16da1a-34 > .kt-inside-inner-col{flex-direction:column;}.kadence-column139_16da1a-34 > .kt-inside-inner-col > .aligncenter{width:100%;}.kadence-column139_16da1a-34 > .kt-inside-inner-col:before{opacity:0.3;}.kadence-column139_16da1a-34{position:relative;}@media all and (max-width: 1024px){.kadence-column139_16da1a-34 > .kt-inside-inner-col{flex-direction:column;justify-content:center;}}@media all and (max-width: 767px){.kadence-column139_16da1a-34 > .kt-inside-inner-col{flex-direction:column;justify-content:center;}}<\/style>\n<div class=\"wp-block-kadence-column kadence-column139_16da1a-34\"><div class=\"kt-inside-inner-col\"><\/div><\/div>\n\n<\/div><\/div>\n\n<style>.kb-row-layout-id139_d2ba72-09 > .kt-row-column-wrap{align-content:start;}:where(.kb-row-layout-id139_d2ba72-09 > .kt-row-column-wrap) > .wp-block-kadence-column{justify-content:start;}.kb-row-layout-id139_d2ba72-09 > .kt-row-column-wrap{column-gap:var(--global-kb-gap-md, 2rem);row-gap:var(--global-kb-gap-md, 2rem);padding-top:var(--global-kb-spacing-sm, 1.5rem);padding-bottom:var(--global-kb-spacing-sm, 1.5rem);grid-template-columns:minmax(0, calc(10% - ((var(--global-kb-gap-md, 2rem) * 3 )\/4)))minmax(0, calc(57.4% - ((var(--global-kb-gap-md, 2rem) * 3 )\/4)))minmax(0, calc(22.6% - ((var(--global-kb-gap-md, 2rem) * 3 )\/4)))minmax(0, calc(10% - ((var(--global-kb-gap-md, 2rem) * 3 )\/4)));}.kb-row-layout-id139_d2ba72-09 > .kt-row-layout-overlay{opacity:0.30;}@media all and (max-width: 1024px){.kb-row-layout-id139_d2ba72-09 > .kt-row-column-wrap > div:not(.added-for-specificity){grid-column:initial;}}@media all and (max-width: 1024px){.kb-row-layout-id139_d2ba72-09 > .kt-row-column-wrap{grid-template-columns:repeat(4, minmax(0, 1fr));}}@media all and (max-width: 767px){.kb-row-layout-id139_d2ba72-09 > .kt-row-column-wrap{padding-right:var(--global-kb-spacing-xs, 1rem);padding-left:var(--global-kb-spacing-xs, 1rem);grid-template-columns:minmax(0, 1fr);}.kb-row-layout-id139_d2ba72-09 > .kt-row-column-wrap > div:not(.added-for-specificity){grid-column:initial;}}<\/style><div class=\"kb-row-layout-wrap kb-row-layout-id139_d2ba72-09 alignnone wp-block-kadence-rowlayout\"><div class=\"kt-row-column-wrap kt-has-4-columns kt-row-layout-equal kt-tab-layout-inherit kt-mobile-layout-row kt-row-valign-top\">\n<style>.kadence-column139_69290e-6a > .kt-inside-inner-col,.kadence-column139_69290e-6a > .kt-inside-inner-col:before{border-top-left-radius:0px;border-top-right-radius:0px;border-bottom-right-radius:0px;border-bottom-left-radius:0px;}.kadence-column139_69290e-6a > .kt-inside-inner-col{column-gap:var(--global-kb-gap-sm, 1rem);}.kadence-column139_69290e-6a > .kt-inside-inner-col{flex-direction:column;}.kadence-column139_69290e-6a > .kt-inside-inner-col > .aligncenter{width:100%;}.kadence-column139_69290e-6a > .kt-inside-inner-col:before{opacity:0.3;}.kadence-column139_69290e-6a{position:relative;}@media all and (max-width: 1024px){.kadence-column139_69290e-6a > .kt-inside-inner-col{flex-direction:column;justify-content:center;}}@media all and (max-width: 767px){.kadence-column139_69290e-6a > .kt-inside-inner-col{flex-direction:column;justify-content:center;}}<\/style>\n<div class=\"wp-block-kadence-column kadence-column139_69290e-6a\"><div class=\"kt-inside-inner-col\"><\/div><\/div>\n\n\n<style>.kadence-column139_78f904-f6 > .kt-inside-inner-col,.kadence-column139_78f904-f6 > .kt-inside-inner-col:before{border-top-left-radius:0px;border-top-right-radius:0px;border-bottom-right-radius:0px;border-bottom-left-radius:0px;}.kadence-column139_78f904-f6 > .kt-inside-inner-col{column-gap:var(--global-kb-gap-sm, 1rem);}.kadence-column139_78f904-f6 > .kt-inside-inner-col{flex-direction:column;}.kadence-column139_78f904-f6 > .kt-inside-inner-col > .aligncenter{width:100%;}.kadence-column139_78f904-f6 > .kt-inside-inner-col:before{opacity:0.3;}.kadence-column139_78f904-f6{position:relative;}@media all and (max-width: 1024px){.kadence-column139_78f904-f6 > .kt-inside-inner-col{flex-direction:column;justify-content:center;}}@media all and (max-width: 767px){.kadence-column139_78f904-f6 > .kt-inside-inner-col{flex-direction:column;justify-content:center;}}<\/style>\n<div class=\"wp-block-kadence-column kadence-column139_78f904-f6\"><div class=\"kt-inside-inner-col\"><style>.kadence-column139_4c75fc-c8 > .kt-inside-inner-col,.kadence-column139_4c75fc-c8 > .kt-inside-inner-col:before{border-top-left-radius:0px;border-top-right-radius:0px;border-bottom-right-radius:0px;border-bottom-left-radius:0px;}.kadence-column139_4c75fc-c8 > .kt-inside-inner-col{column-gap:var(--global-kb-gap-sm, 1rem);}.kadence-column139_4c75fc-c8 > .kt-inside-inner-col{flex-direction:column;}.kadence-column139_4c75fc-c8 > .kt-inside-inner-col > .aligncenter{width:100%;}.kadence-column139_4c75fc-c8 > .kt-inside-inner-col:before{opacity:0.3;}.kadence-column139_4c75fc-c8{position:relative;}@media all and (max-width: 1024px){.kadence-column139_4c75fc-c8 > .kt-inside-inner-col{flex-direction:column;justify-content:center;}}@media all and (max-width: 767px){.kadence-column139_4c75fc-c8 > .kt-inside-inner-col{flex-direction:column;justify-content:center;}}<\/style>\n<div class=\"wp-block-kadence-column kadence-column139_4c75fc-c8\"><div class=\"kt-inside-inner-col\"><\/div><\/div>\n\n\n<style>.kadence-column139_7bd4c9-0d > .kt-inside-inner-col,.kadence-column139_7bd4c9-0d > .kt-inside-inner-col:before{border-top-left-radius:0px;border-top-right-radius:0px;border-bottom-right-radius:0px;border-bottom-left-radius:0px;}.kadence-column139_7bd4c9-0d > .kt-inside-inner-col{column-gap:var(--global-kb-gap-sm, 1rem);}.kadence-column139_7bd4c9-0d > .kt-inside-inner-col{flex-direction:column;}.kadence-column139_7bd4c9-0d > .kt-inside-inner-col > .aligncenter{width:100%;}.kadence-column139_7bd4c9-0d > .kt-inside-inner-col:before{opacity:0.3;}.kadence-column139_7bd4c9-0d{position:relative;}@media all and (max-width: 1024px){.kadence-column139_7bd4c9-0d > .kt-inside-inner-col{flex-direction:column;justify-content:center;}}@media all and (max-width: 767px){.kadence-column139_7bd4c9-0d > .kt-inside-inner-col{flex-direction:column;justify-content:center;}}<\/style>\n<div class=\"wp-block-kadence-column kadence-column139_7bd4c9-0d\"><div class=\"kt-inside-inner-col\">\n<div class=\"wp-block-group\"><div class=\"wp-block-group__inner-container is-layout-constrained wp-block-group-is-layout-constrained\">\n<div class=\"wp-block-group has-background\" style=\"background-color:#f8dfaa3b\"><div class=\"wp-block-group__inner-container is-layout-constrained wp-block-group-is-layout-constrained\">\n<p class=\"has-theme-palette-6-color has-text-color has-link-color has-medium-font-size wp-elements-a2322bc5f71ebc8dd9dc772ecd8a961b\" style=\"padding-right:var(--wp--preset--spacing--30);padding-left:var(--wp--preset--spacing--30)\">Custom Orders<\/p>\n\n\n\n<p class=\"has-small-font-size\" style=\"padding-right:var(--wp--preset--spacing--30);padding-left:var(--wp--preset--spacing--30)\">I accept special orders! Looking for certain items in large quantities? Please write to me via the <a href=\"https:\/\/salamrassi.com\/en\/contact\/\" title=\"\">contact<\/a> page to schedule a consultation about your request. Open communication is essential to obtaining the best results.<\/p>\n\n\n\n<p class=\"has-theme-palette-6-color has-text-color has-link-color has-medium-font-size wp-elements-0f17d809d1339729e491745a84e27b78\" style=\"padding-right:var(--wp--preset--spacing--30);padding-left:var(--wp--preset--spacing--30)\">Information about payment, delivery, and returns.<\/p>\n\n\n\n<ul class=\"wp-block-list has-small-font-size\">\n<li>Accepted payment methods: Interac e-Transfer and Cash.&nbsp;<\/li>\n<\/ul>\n\n\n\n<ul class=\"wp-block-list has-small-font-size\">\n<li>As per fiscal laws, no taxes will be collected on any purchase, as we are considered a small supplier.<\/li>\n<\/ul>\n\n\n\n<ul class=\"wp-block-list has-small-font-size\">\n<li>Shipping of a product (only within Canada) will be done through Canada Post according to rates automatically calculated by the carrier. In-person pickup option is also welcome.<\/li>\n<\/ul>\n\n\n\n<ul class=\"wp-block-list has-small-font-size\">\n<li>For food hygiene reasons, wooden products are not eligible for refund, unless there is a manufacturing defect. Thank you for your understanding in this regard.<\/li>\n<\/ul>\n\n\n\n<ul class=\"wp-block-list has-small-font-size\">\n<li>Please inspect your product upon reception as any return request exceeding 7 days will not be accepted. Please contact us directly as soon as possible via the <a href=\"https:\/\/salamrassi.com\/en\/contact\/\" title=\"\">contact<\/a>. Return shipping charges will be the customer\u2019s responsibility.<\/li>\n<\/ul>\n\n\n\n<ul class=\"wp-block-list has-small-font-size\">\n<li>No returns for special orders.<\/li>\n<\/ul>\n\n\n\n<ul class=\"wp-block-list has-small-font-size\">\n<li>All items are guaranteed to be without defects.<\/li>\n<\/ul>\n<\/div><\/div>\n<\/div><\/div>\n<\/div><\/div>\n<\/div><\/div>\n\n\n<style>.kadence-column139_bc2f06-a0 > .kt-inside-inner-col,.kadence-column139_bc2f06-a0 > .kt-inside-inner-col:before{border-top-left-radius:0px;border-top-right-radius:0px;border-bottom-right-radius:0px;border-bottom-left-radius:0px;}.kadence-column139_bc2f06-a0 > .kt-inside-inner-col{column-gap:var(--global-kb-gap-sm, 1rem);}.kadence-column139_bc2f06-a0 > .kt-inside-inner-col{flex-direction:column;}.kadence-column139_bc2f06-a0 > .kt-inside-inner-col > .aligncenter{width:100%;}.kadence-column139_bc2f06-a0 > .kt-inside-inner-col:before{opacity:0.3;}.kadence-column139_bc2f06-a0{position:relative;}@media all and (max-width: 1024px){.kadence-column139_bc2f06-a0 > .kt-inside-inner-col{flex-direction:column;justify-content:center;}}@media all and (max-width: 767px){.kadence-column139_bc2f06-a0 > .kt-inside-inner-col{flex-direction:column;justify-content:center;}}<\/style>\n<div class=\"wp-block-kadence-column kadence-column139_bc2f06-a0\"><div class=\"kt-inside-inner-col\">\n<div style=\"height:50px\" aria-hidden=\"true\" class=\"wp-block-spacer\"><\/div>\n\n\n\n<p class=\"has-text-align-center has-large-font-size\" style=\"padding-top:var(--wp--preset--spacing--20);padding-right:0;padding-bottom:var(--wp--preset--spacing--20);padding-left:0;line-height:0.1\"><\/p>\n\n\n\n<p class=\"has-text-align-left has-small-font-size\" style=\"font-style:normal;font-weight:300\"><\/p>\n\n\n\n<p class=\"has-small-font-size\" style=\"font-style:normal;font-weight:400\"><\/p>\n<\/div><\/div>\n\n\n<style>.kadence-column139_facdc2-8e > .kt-inside-inner-col,.kadence-column139_facdc2-8e > .kt-inside-inner-col:before{border-top-left-radius:0px;border-top-right-radius:0px;border-bottom-right-radius:0px;border-bottom-left-radius:0px;}.kadence-column139_facdc2-8e > .kt-inside-inner-col{column-gap:var(--global-kb-gap-sm, 1rem);}.kadence-column139_facdc2-8e > .kt-inside-inner-col{flex-direction:column;}.kadence-column139_facdc2-8e > .kt-inside-inner-col > .aligncenter{width:100%;}.kadence-column139_facdc2-8e > .kt-inside-inner-col:before{opacity:0.3;}.kadence-column139_facdc2-8e{position:relative;}@media all and (max-width: 1024px){.kadence-column139_facdc2-8e > .kt-inside-inner-col{flex-direction:column;justify-content:center;}}@media all and (max-width: 767px){.kadence-column139_facdc2-8e > .kt-inside-inner-col{flex-direction:column;justify-content:center;}}<\/style>\n<div class=\"wp-block-kadence-column kadence-column139_facdc2-8e\"><div class=\"kt-inside-inner-col\"><\/div><\/div>\n\n<\/div><\/div>\n\n\n<p><\/p>","protected":false},"excerpt":{"rendered":"<p>Commandes personnalis\u00e9es J&rsquo;accepte les commandes sp\u00e9ciales! Vous d\u00e9sirez certains articles en grande quantit\u00e9? Veuillez m&rsquo;\u00e9crire via la page contact pour organiser une consultation \u00e0 propos de votre requ\u00eate. Une communication ouverte est essentielle pour obtenir les meilleurs r\u00e9sultats. Informations sur le paiement, la livraison et le retour.<\/p>","protected":false},"author":2,"featured_media":0,"parent":0,"menu_order":0,"comment_status":"closed","ping_status":"closed","template":"","meta":{"om_disable_all_campaigns":false,"_monsterinsights_skip_tracking":false,"_monsterinsights_sitenote_active":false,"_monsterinsights_sitenote_note":"","_monsterinsights_sitenote_category":0,"_kad_post_transparent":"","_kad_post_title":"","_kad_post_layout":"","_kad_post_sidebar_id":"","_kad_post_content_style":"","_kad_post_vertical_padding":"","_kad_post_feature":"","_kad_post_feature_position":"","_kad_post_header":false,"_kad_post_footer":false,"_kad_post_classname":"","footnotes":""},"class_list":["post-139","page","type-page","status-publish","hentry"],"aioseo_notices":[],"_links":{"self":[{"href":"https:\/\/salamrassi.com\/en\/wp-json\/wp\/v2\/pages\/139","targetHints":{"allow":["GET"]}}],"collection":[{"href":"https:\/\/salamrassi.com\/en\/wp-json\/wp\/v2\/pages"}],"about":[{"href":"https:\/\/salamrassi.com\/en\/wp-json\/wp\/v2\/types\/page"}],"author":[{"embeddable":true,"href":"https:\/\/salamrassi.com\/en\/wp-json\/wp\/v2\/users\/2"}],"replies":[{"embeddable":true,"href":"https:\/\/salamrassi.com\/en\/wp-json\/wp\/v2\/comments?post=139"}],"version-history":[{"count":26,"href":"https:\/\/salamrassi.com\/en\/wp-json\/wp\/v2\/pages\/139\/revisions"}],"predecessor-version":[{"id":1426,"href":"https:\/\/salamrassi.com\/en\/wp-json\/wp\/v2\/pages\/139\/revisions\/1426"}],"wp:attachment":[{"href":"https:\/\/salamrassi.com\/en\/wp-json\/wp\/v2\/media?parent=139"}],"curies":[{"name":"wp","href":"https:\/\/api.w.org\/{rel}","templated":true}]}}