{"id":716,"date":"2024-11-08T15:26:54","date_gmt":"2024-11-08T15:26:54","guid":{"rendered":"https:\/\/salamrassi.com\/?page_id=716"},"modified":"2025-01-11T15:15:25","modified_gmt":"2025-01-11T15:15:25","slug":"spatule-1","status":"publish","type":"page","link":"https:\/\/salamrassi.com\/en\/spatules\/spatule-1\/","title":{"rendered":"SPATULA 1"},"content":{"rendered":"<div style=\"height:75px\" aria-hidden=\"true\" class=\"wp-block-spacer colored-spacer\"><\/div>\n\n\n\n<div style=\"height:30px\" aria-hidden=\"true\" class=\"wp-block-spacer\"><\/div>\n\n\n\n<p class=\"has-text-align-center\"><\/p>\n\n\n<style>.kb-row-layout-id716_621a47-95 > .kt-row-column-wrap{align-content:start;}:where(.kb-row-layout-id716_621a47-95 > .kt-row-column-wrap) > .wp-block-kadence-column{justify-content:start;}.kb-row-layout-id716_621a47-95 > .kt-row-column-wrap{column-gap:var(--global-kb-gap-md, 2rem);row-gap:var(--global-kb-gap-md, 2rem);padding-top:var(--global-kb-spacing-sm, 1.5rem);padding-bottom:var(--global-kb-spacing-sm, 1.5rem);grid-template-columns:minmax(0, calc(10% - ((var(--global-kb-gap-md, 2rem) * 2 )\/3)))minmax(0, calc(75% - ((var(--global-kb-gap-md, 2rem) * 2 )\/3)))minmax(0, calc(15% - ((var(--global-kb-gap-md, 2rem) * 2 )\/3)));}.kb-row-layout-id716_621a47-95 > .kt-row-layout-overlay{opacity:0.30;}@media all and (max-width: 1024px){.kb-row-layout-id716_621a47-95 > .kt-row-column-wrap > div:not(.added-for-specificity){grid-column:initial;}}@media all and (max-width: 1024px){.kb-row-layout-id716_621a47-95 > .kt-row-column-wrap{grid-template-columns:minmax(0, 1fr) minmax(0, 6fr) minmax(0, 1fr);}}@media all and (max-width: 767px){.kb-row-layout-id716_621a47-95 > .kt-row-column-wrap > div:not(.added-for-specificity){grid-column:initial;}.kb-row-layout-id716_621a47-95 > .kt-row-column-wrap{grid-template-columns:minmax(0, 1fr);}}<\/style><div class=\"kb-row-layout-wrap kb-row-layout-id716_621a47-95 alignnone wp-block-kadence-rowlayout\"><div class=\"kt-row-column-wrap kt-has-3-columns kt-row-layout-center-exwide kt-tab-layout-inherit kt-mobile-layout-row kt-row-valign-top\">\n<style>.kadence-column716_4d5df4-bd > .kt-inside-inner-col,.kadence-column716_4d5df4-bd > .kt-inside-inner-col:before{border-top-left-radius:0px;border-top-right-radius:0px;border-bottom-right-radius:0px;border-bottom-left-radius:0px;}.kadence-column716_4d5df4-bd > .kt-inside-inner-col{column-gap:var(--global-kb-gap-sm, 1rem);}.kadence-column716_4d5df4-bd > .kt-inside-inner-col{flex-direction:column;}.kadence-column716_4d5df4-bd > .kt-inside-inner-col > .aligncenter{width:100%;}.kadence-column716_4d5df4-bd > .kt-inside-inner-col:before{opacity:0.3;}.kadence-column716_4d5df4-bd{position:relative;}@media all and (max-width: 1024px){.kadence-column716_4d5df4-bd > .kt-inside-inner-col{flex-direction:column;justify-content:center;}}@media all and (max-width: 767px){.kadence-column716_4d5df4-bd > .kt-inside-inner-col{flex-direction:column;justify-content:center;}}<\/style>\n<div class=\"wp-block-kadence-column kadence-column716_4d5df4-bd\"><div class=\"kt-inside-inner-col\"><\/div><\/div>\n\n\n<style>.kadence-column716_b3e901-eb > .kt-inside-inner-col,.kadence-column716_b3e901-eb > .kt-inside-inner-col:before{border-top-left-radius:0px;border-top-right-radius:0px;border-bottom-right-radius:0px;border-bottom-left-radius:0px;}.kadence-column716_b3e901-eb > .kt-inside-inner-col{column-gap:var(--global-kb-gap-sm, 1rem);}.kadence-column716_b3e901-eb > .kt-inside-inner-col{flex-direction:column;}.kadence-column716_b3e901-eb > .kt-inside-inner-col > .aligncenter{width:100%;}.kadence-column716_b3e901-eb > .kt-inside-inner-col:before{opacity:0.3;}.kadence-column716_b3e901-eb{position:relative;}@media all and (max-width: 1024px){.kadence-column716_b3e901-eb > .kt-inside-inner-col{flex-direction:column;justify-content:center;}}@media all and (max-width: 767px){.kadence-column716_b3e901-eb > .kt-inside-inner-col{padding-left:var(--global-kb-spacing-sm, 1.5rem);flex-direction:column;justify-content:center;}}<\/style>\n<div class=\"wp-block-kadence-column kadence-column716_b3e901-eb\"><div class=\"kt-inside-inner-col\"><div class=\"aioseo-breadcrumbs\"><span class=\"aioseo-breadcrumb\">\n\t\t\t<a href=\"https:\/\/salamrassi.com\/en\" title=\"Home\">Home<\/a>\n\t\t<\/span><\/div><\/div><\/div>\n\n\n<style>.kadence-column716_673930-dd > .kt-inside-inner-col,.kadence-column716_673930-dd > .kt-inside-inner-col:before{border-top-left-radius:0px;border-top-right-radius:0px;border-bottom-right-radius:0px;border-bottom-left-radius:0px;}.kadence-column716_673930-dd > .kt-inside-inner-col{column-gap:var(--global-kb-gap-sm, 1rem);}.kadence-column716_673930-dd > .kt-inside-inner-col{flex-direction:column;}.kadence-column716_673930-dd > .kt-inside-inner-col > .aligncenter{width:100%;}.kadence-column716_673930-dd > .kt-inside-inner-col:before{opacity:0.3;}.kadence-column716_673930-dd{position:relative;}@media all and (max-width: 1024px){.kadence-column716_673930-dd > .kt-inside-inner-col{flex-direction:column;justify-content:center;}}@media all and (max-width: 767px){.kadence-column716_673930-dd > .kt-inside-inner-col{flex-direction:column;justify-content:center;}}<\/style>\n<div class=\"wp-block-kadence-column kadence-column716_673930-dd\"><div class=\"kt-inside-inner-col\"><\/div><\/div>\n\n<\/div><\/div>\n\n<style>.kb-row-layout-id716_02fbff-b7 > .kt-row-column-wrap{align-content:start;}:where(.kb-row-layout-id716_02fbff-b7 > .kt-row-column-wrap) > .wp-block-kadence-column{justify-content:start;}.kb-row-layout-id716_02fbff-b7 > .kt-row-column-wrap{column-gap:var(--global-kb-gap-md, 2rem);row-gap:var(--global-kb-gap-md, 2rem);padding-top:var(--global-kb-spacing-sm, 1.5rem);padding-right:0px;padding-bottom:var(--global-kb-spacing-sm, 1.5rem);grid-template-columns:minmax(0, calc(10% - ((var(--global-kb-gap-md, 2rem) * 3 )\/4)))minmax(0, calc(57.4% - ((var(--global-kb-gap-md, 2rem) * 3 )\/4)))minmax(0, calc(22.6% - ((var(--global-kb-gap-md, 2rem) * 3 )\/4)))minmax(0, calc(10% - ((var(--global-kb-gap-md, 2rem) * 3 )\/4)));}.kb-row-layout-id716_02fbff-b7 > .kt-row-layout-overlay{opacity:0.30;}@media all and (max-width: 1024px){.kb-row-layout-id716_02fbff-b7 > .kt-row-column-wrap > div:not(.added-for-specificity){grid-column:initial;}}@media all and (max-width: 1024px){.kb-row-layout-id716_02fbff-b7 > .kt-row-column-wrap{grid-template-columns:repeat(4, minmax(0, 1fr));}}@media all and (max-width: 767px){.kb-row-layout-id716_02fbff-b7 > .kt-row-column-wrap{padding-right:var(--global-kb-spacing-sm, 1.5rem);padding-left:var(--global-kb-spacing-sm, 1.5rem);grid-template-columns:minmax(0, 1fr);}.kb-row-layout-id716_02fbff-b7 > .kt-row-column-wrap > div:not(.added-for-specificity){grid-column:initial;}}<\/style><div class=\"kb-row-layout-wrap kb-row-layout-id716_02fbff-b7 alignnone wp-block-kadence-rowlayout\"><div class=\"kt-row-column-wrap kt-has-4-columns kt-row-layout-equal kt-tab-layout-inherit kt-mobile-layout-row kt-row-valign-top\">\n<style>.kadence-column716_774d73-dd > .kt-inside-inner-col,.kadence-column716_774d73-dd > .kt-inside-inner-col:before{border-top-left-radius:0px;border-top-right-radius:0px;border-bottom-right-radius:0px;border-bottom-left-radius:0px;}.kadence-column716_774d73-dd > .kt-inside-inner-col{column-gap:var(--global-kb-gap-sm, 1rem);}.kadence-column716_774d73-dd > .kt-inside-inner-col{flex-direction:column;}.kadence-column716_774d73-dd > .kt-inside-inner-col > .aligncenter{width:100%;}.kadence-column716_774d73-dd > .kt-inside-inner-col:before{opacity:0.3;}.kadence-column716_774d73-dd{position:relative;}@media all and (max-width: 1024px){.kadence-column716_774d73-dd > .kt-inside-inner-col{flex-direction:column;justify-content:center;}}@media all and (max-width: 767px){.kadence-column716_774d73-dd > .kt-inside-inner-col{flex-direction:column;justify-content:center;}}<\/style>\n<div class=\"wp-block-kadence-column kadence-column716_774d73-dd\"><div class=\"kt-inside-inner-col\"><\/div><\/div>\n\n\n<style>.kadence-column716_f0f052-5f > .kt-inside-inner-col,.kadence-column716_f0f052-5f > .kt-inside-inner-col:before{border-top-left-radius:0px;border-top-right-radius:0px;border-bottom-right-radius:0px;border-bottom-left-radius:0px;}.kadence-column716_f0f052-5f > .kt-inside-inner-col{column-gap:var(--global-kb-gap-sm, 1rem);}.kadence-column716_f0f052-5f > .kt-inside-inner-col{flex-direction:column;}.kadence-column716_f0f052-5f > .kt-inside-inner-col > .aligncenter{width:100%;}.kadence-column716_f0f052-5f > .kt-inside-inner-col:before{opacity:0.3;}.kadence-column716_f0f052-5f{position:relative;}@media all and (max-width: 1024px){.kadence-column716_f0f052-5f > .kt-inside-inner-col{flex-direction:column;justify-content:center;}}@media all and (max-width: 767px){.kadence-column716_f0f052-5f > .kt-inside-inner-col{flex-direction:column;justify-content:center;}}<\/style>\n<div class=\"wp-block-kadence-column kadence-column716_f0f052-5f\"><div class=\"kt-inside-inner-col\"><style>.kadence-column716_5cad1e-a4 > .kt-inside-inner-col,.kadence-column716_5cad1e-a4 > .kt-inside-inner-col:before{border-top-left-radius:0px;border-top-right-radius:0px;border-bottom-right-radius:0px;border-bottom-left-radius:0px;}.kadence-column716_5cad1e-a4 > .kt-inside-inner-col{column-gap:var(--global-kb-gap-sm, 1rem);}.kadence-column716_5cad1e-a4 > .kt-inside-inner-col{flex-direction:column;}.kadence-column716_5cad1e-a4 > .kt-inside-inner-col > .aligncenter{width:100%;}.kadence-column716_5cad1e-a4 > .kt-inside-inner-col:before{opacity:0.3;}.kadence-column716_5cad1e-a4{position:relative;}@media all and (max-width: 1024px){.kadence-column716_5cad1e-a4 > .kt-inside-inner-col{flex-direction:column;justify-content:center;}}@media all and (max-width: 767px){.kadence-column716_5cad1e-a4 > .kt-inside-inner-col{flex-direction:column;justify-content:center;}}<\/style>\n<div class=\"wp-block-kadence-column kadence-column716_5cad1e-a4\"><div class=\"kt-inside-inner-col\">\n<figure class=\"wp-block-image size-full\"><img loading=\"lazy\" decoding=\"async\" width=\"839\" height=\"1333\" src=\"https:\/\/salamrassi.com\/wp-content\/uploads\/2024\/11\/sp03-e1730822919316.jpg\" alt=\"\" class=\"wp-image-385\" srcset=\"https:\/\/salamrassi.com\/wp-content\/uploads\/2024\/11\/sp03-e1730822919316.jpg 839w, https:\/\/salamrassi.com\/wp-content\/uploads\/2024\/11\/sp03-e1730822919316-189x300.jpg 189w, https:\/\/salamrassi.com\/wp-content\/uploads\/2024\/11\/sp03-e1730822919316-645x1024.jpg 645w, https:\/\/salamrassi.com\/wp-content\/uploads\/2024\/11\/sp03-e1730822919316-768x1220.jpg 768w, https:\/\/salamrassi.com\/wp-content\/uploads\/2024\/11\/sp03-e1730822919316-8x12.jpg 8w\" sizes=\"auto, (max-width: 839px) 100vw, 839px\" \/><\/figure>\n<\/div><\/div>\n<\/div><\/div>\n\n\n<style>.kadence-column716_bb14c5-35 > .kt-inside-inner-col,.kadence-column716_bb14c5-35 > .kt-inside-inner-col:before{border-top-left-radius:0px;border-top-right-radius:0px;border-bottom-right-radius:0px;border-bottom-left-radius:0px;}.kadence-column716_bb14c5-35 > .kt-inside-inner-col{column-gap:var(--global-kb-gap-sm, 1rem);}.kadence-column716_bb14c5-35 > .kt-inside-inner-col{flex-direction:column;}.kadence-column716_bb14c5-35 > .kt-inside-inner-col > .aligncenter{width:100%;}.kadence-column716_bb14c5-35 > .kt-inside-inner-col:before{opacity:0.3;}.kadence-column716_bb14c5-35{position:relative;}@media all and (max-width: 1024px){.kadence-column716_bb14c5-35 > .kt-inside-inner-col{flex-direction:column;justify-content:center;}}@media all and (max-width: 767px){.kadence-column716_bb14c5-35 > .kt-inside-inner-col{flex-direction:column;justify-content:center;}}<\/style>\n<div class=\"wp-block-kadence-column kadence-column716_bb14c5-35\"><div class=\"kt-inside-inner-col\">\n<div style=\"height:24px\" aria-hidden=\"true\" class=\"wp-block-spacer\"><\/div>\n\n\n\n<h2 class=\"wp-block-heading has-large-font-size\">Spatula 1<\/h2>\n\n\n\n<p class=\"has-text-align-left has-medium-font-size\">CA$ 15.00<\/p>\n\n\n\n<p class=\"has-text-align-left has-small-font-size\" style=\"font-style:normal;font-weight:300\">Unique in style and in shape, all spatulas are crafted from pieces of old tables or naturally fallen trees, giving them a new breath of life.<\/p>\n\n\n\n<ul class=\"wp-block-list\">\n<li class=\"has-small-font-size\" style=\"font-style:normal;font-weight:400\">Composition: Oak, Cherry, Black Walnut and Maple<\/li>\n\n\n\n<li class=\"has-small-font-size\" style=\"font-style:normal;font-weight:400\">Dimensions: 3&Prime; X 16&Prime;<\/li>\n\n\n\n<li class=\"has-small-font-size\" style=\"font-style:normal;font-weight:400\">Cleaning: Wash with mild soap and wipe dry<\/li>\n<\/ul>\n<\/div><\/div>\n\n\n<style>.kadence-column716_bbd500-1c > .kt-inside-inner-col,.kadence-column716_bbd500-1c > .kt-inside-inner-col:before{border-top-left-radius:0px;border-top-right-radius:0px;border-bottom-right-radius:0px;border-bottom-left-radius:0px;}.kadence-column716_bbd500-1c > .kt-inside-inner-col{column-gap:var(--global-kb-gap-sm, 1rem);}.kadence-column716_bbd500-1c > .kt-inside-inner-col{flex-direction:column;}.kadence-column716_bbd500-1c > .kt-inside-inner-col > .aligncenter{width:100%;}.kadence-column716_bbd500-1c > .kt-inside-inner-col:before{opacity:0.3;}.kadence-column716_bbd500-1c{position:relative;}@media all and (max-width: 1024px){.kadence-column716_bbd500-1c > .kt-inside-inner-col{flex-direction:column;justify-content:center;}}@media all and (max-width: 767px){.kadence-column716_bbd500-1c > .kt-inside-inner-col{flex-direction:column;justify-content:center;}}<\/style>\n<div class=\"wp-block-kadence-column kadence-column716_bbd500-1c\"><div class=\"kt-inside-inner-col\"><\/div><\/div>\n\n<\/div><\/div>\n\n\n<p><\/p>","protected":false},"excerpt":{"rendered":"<p>Spatule 1 CA$ 15.00 Uniques en style et en forme, toutes les spatules sont fabriqu\u00e9es \u00e0 partir de pi\u00e8ces d&rsquo;anciennes tables ou d&rsquo;arbres tomb\u00e9s naturellement, leurs donnant un nouveau souffle.<\/p>","protected":false},"author":2,"featured_media":0,"parent":183,"menu_order":0,"comment_status":"closed","ping_status":"closed","template":"","meta":{"om_disable_all_campaigns":false,"_monsterinsights_skip_tracking":false,"_monsterinsights_sitenote_active":false,"_monsterinsights_sitenote_note":"","_monsterinsights_sitenote_category":0,"_kad_post_transparent":"","_kad_post_title":"","_kad_post_layout":"","_kad_post_sidebar_id":"","_kad_post_content_style":"","_kad_post_vertical_padding":"","_kad_post_feature":"","_kad_post_feature_position":"","_kad_post_header":false,"_kad_post_footer":false,"_kad_post_classname":"","footnotes":""},"class_list":["post-716","page","type-page","status-publish","hentry"],"aioseo_notices":[],"_links":{"self":[{"href":"https:\/\/salamrassi.com\/en\/wp-json\/wp\/v2\/pages\/716","targetHints":{"allow":["GET"]}}],"collection":[{"href":"https:\/\/salamrassi.com\/en\/wp-json\/wp\/v2\/pages"}],"about":[{"href":"https:\/\/salamrassi.com\/en\/wp-json\/wp\/v2\/types\/page"}],"author":[{"embeddable":true,"href":"https:\/\/salamrassi.com\/en\/wp-json\/wp\/v2\/users\/2"}],"replies":[{"embeddable":true,"href":"https:\/\/salamrassi.com\/en\/wp-json\/wp\/v2\/comments?post=716"}],"version-history":[{"count":5,"href":"https:\/\/salamrassi.com\/en\/wp-json\/wp\/v2\/pages\/716\/revisions"}],"predecessor-version":[{"id":1465,"href":"https:\/\/salamrassi.com\/en\/wp-json\/wp\/v2\/pages\/716\/revisions\/1465"}],"up":[{"embeddable":true,"href":"https:\/\/salamrassi.com\/en\/wp-json\/wp\/v2\/pages\/183"}],"wp:attachment":[{"href":"https:\/\/salamrassi.com\/en\/wp-json\/wp\/v2\/media?parent=716"}],"curies":[{"name":"wp","href":"https:\/\/api.w.org\/{rel}","templated":true}]}}