{"id":783,"date":"2024-11-22T15:23:37","date_gmt":"2024-11-22T15:23:37","guid":{"rendered":"https:\/\/salamrassi.com\/?page_id=783"},"modified":"2025-01-11T15:20:47","modified_gmt":"2025-01-11T15:20:47","slug":"renard-arctique-blaireau","status":"publish","type":"page","link":"https:\/\/salamrassi.com\/en\/sacs\/renard-arctique-blaireau\/","title":{"rendered":"FLAPBAG ARCTIC FOX BADGER"},"content":{"rendered":"<div style=\"height:75px\" aria-hidden=\"true\" class=\"wp-block-spacer colored-spacer\"><\/div>\n\n\n\n<div style=\"height:30px\" aria-hidden=\"true\" class=\"wp-block-spacer\"><\/div>\n\n\n\n<p class=\"has-text-align-center\"><\/p>\n\n\n<style>.kb-row-layout-id783_95edca-3b > .kt-row-column-wrap{align-content:start;}:where(.kb-row-layout-id783_95edca-3b > .kt-row-column-wrap) > .wp-block-kadence-column{justify-content:start;}.kb-row-layout-id783_95edca-3b > .kt-row-column-wrap{column-gap:var(--global-kb-gap-md, 2rem);row-gap:var(--global-kb-gap-md, 2rem);padding-top:var(--global-kb-spacing-sm, 1.5rem);padding-bottom:var(--global-kb-spacing-sm, 1.5rem);grid-template-columns:minmax(0, calc(10% - ((var(--global-kb-gap-md, 2rem) * 2 )\/3)))minmax(0, calc(75% - ((var(--global-kb-gap-md, 2rem) * 2 )\/3)))minmax(0, calc(15% - ((var(--global-kb-gap-md, 2rem) * 2 )\/3)));}.kb-row-layout-id783_95edca-3b > .kt-row-layout-overlay{opacity:0.30;}@media all and (max-width: 1024px){.kb-row-layout-id783_95edca-3b > .kt-row-column-wrap > div:not(.added-for-specificity){grid-column:initial;}}@media all and (max-width: 1024px){.kb-row-layout-id783_95edca-3b > .kt-row-column-wrap{grid-template-columns:minmax(0, 1fr) minmax(0, 6fr) minmax(0, 1fr);}}@media all and (max-width: 767px){.kb-row-layout-id783_95edca-3b > .kt-row-column-wrap > div:not(.added-for-specificity){grid-column:initial;}.kb-row-layout-id783_95edca-3b > .kt-row-column-wrap{grid-template-columns:minmax(0, 1fr);}}<\/style><div class=\"kb-row-layout-wrap kb-row-layout-id783_95edca-3b alignnone wp-block-kadence-rowlayout\"><div class=\"kt-row-column-wrap kt-has-3-columns kt-row-layout-center-exwide kt-tab-layout-inherit kt-mobile-layout-row kt-row-valign-top\">\n<style>.kadence-column783_47c36c-48 > .kt-inside-inner-col,.kadence-column783_47c36c-48 > .kt-inside-inner-col:before{border-top-left-radius:0px;border-top-right-radius:0px;border-bottom-right-radius:0px;border-bottom-left-radius:0px;}.kadence-column783_47c36c-48 > .kt-inside-inner-col{column-gap:var(--global-kb-gap-sm, 1rem);}.kadence-column783_47c36c-48 > .kt-inside-inner-col{flex-direction:column;}.kadence-column783_47c36c-48 > .kt-inside-inner-col > .aligncenter{width:100%;}.kadence-column783_47c36c-48 > .kt-inside-inner-col:before{opacity:0.3;}.kadence-column783_47c36c-48{position:relative;}@media all and (max-width: 1024px){.kadence-column783_47c36c-48 > .kt-inside-inner-col{flex-direction:column;justify-content:center;}}@media all and (max-width: 767px){.kadence-column783_47c36c-48 > .kt-inside-inner-col{flex-direction:column;justify-content:center;}}<\/style>\n<div class=\"wp-block-kadence-column kadence-column783_47c36c-48\"><div class=\"kt-inside-inner-col\"><\/div><\/div>\n\n\n<style>.kadence-column783_a277ff-98 > .kt-inside-inner-col,.kadence-column783_a277ff-98 > .kt-inside-inner-col:before{border-top-left-radius:0px;border-top-right-radius:0px;border-bottom-right-radius:0px;border-bottom-left-radius:0px;}.kadence-column783_a277ff-98 > .kt-inside-inner-col{column-gap:var(--global-kb-gap-sm, 1rem);}.kadence-column783_a277ff-98 > .kt-inside-inner-col{flex-direction:column;}.kadence-column783_a277ff-98 > .kt-inside-inner-col > .aligncenter{width:100%;}.kadence-column783_a277ff-98 > .kt-inside-inner-col:before{opacity:0.3;}.kadence-column783_a277ff-98{position:relative;}@media all and (max-width: 1024px){.kadence-column783_a277ff-98 > .kt-inside-inner-col{flex-direction:column;justify-content:center;}}@media all and (max-width: 767px){.kadence-column783_a277ff-98 > .kt-inside-inner-col{padding-left:var(--global-kb-spacing-sm, 1.5rem);flex-direction:column;justify-content:center;}}<\/style>\n<div class=\"wp-block-kadence-column kadence-column783_a277ff-98\"><div class=\"kt-inside-inner-col\"><div class=\"aioseo-breadcrumbs\"><span class=\"aioseo-breadcrumb\">\n\t\t\t<a href=\"https:\/\/salamrassi.com\/en\" title=\"Home\">Home<\/a>\n\t\t<\/span><\/div><\/div><\/div>\n\n\n<style>.kadence-column783_6f166d-05 > .kt-inside-inner-col,.kadence-column783_6f166d-05 > .kt-inside-inner-col:before{border-top-left-radius:0px;border-top-right-radius:0px;border-bottom-right-radius:0px;border-bottom-left-radius:0px;}.kadence-column783_6f166d-05 > .kt-inside-inner-col{column-gap:var(--global-kb-gap-sm, 1rem);}.kadence-column783_6f166d-05 > .kt-inside-inner-col{flex-direction:column;}.kadence-column783_6f166d-05 > .kt-inside-inner-col > .aligncenter{width:100%;}.kadence-column783_6f166d-05 > .kt-inside-inner-col:before{opacity:0.3;}.kadence-column783_6f166d-05{position:relative;}@media all and (max-width: 1024px){.kadence-column783_6f166d-05 > .kt-inside-inner-col{flex-direction:column;justify-content:center;}}@media all and (max-width: 767px){.kadence-column783_6f166d-05 > .kt-inside-inner-col{flex-direction:column;justify-content:center;}}<\/style>\n<div class=\"wp-block-kadence-column kadence-column783_6f166d-05\"><div class=\"kt-inside-inner-col\"><\/div><\/div>\n\n<\/div><\/div>\n\n<style>.kb-row-layout-id783_787622-11 > .kt-row-column-wrap{align-content:start;}:where(.kb-row-layout-id783_787622-11 > .kt-row-column-wrap) > .wp-block-kadence-column{justify-content:start;}.kb-row-layout-id783_787622-11 > .kt-row-column-wrap{column-gap:var(--global-kb-gap-md, 2rem);row-gap:var(--global-kb-gap-md, 2rem);padding-top:var(--global-kb-spacing-sm, 1.5rem);padding-bottom:var(--global-kb-spacing-sm, 1.5rem);grid-template-columns:minmax(0, calc(10% - ((var(--global-kb-gap-md, 2rem) * 3 )\/4)))minmax(0, calc(57.4% - ((var(--global-kb-gap-md, 2rem) * 3 )\/4)))minmax(0, calc(22.6% - ((var(--global-kb-gap-md, 2rem) * 3 )\/4)))minmax(0, calc(10% - ((var(--global-kb-gap-md, 2rem) * 3 )\/4)));}.kb-row-layout-id783_787622-11 > .kt-row-layout-overlay{opacity:0.30;}@media all and (max-width: 1024px){.kb-row-layout-id783_787622-11 > .kt-row-column-wrap > div:not(.added-for-specificity){grid-column:initial;}}@media all and (max-width: 1024px){.kb-row-layout-id783_787622-11 > .kt-row-column-wrap{grid-template-columns:repeat(4, minmax(0, 1fr));}}@media all and (max-width: 767px){.kb-row-layout-id783_787622-11 > .kt-row-column-wrap{padding-right:var(--global-kb-spacing-xs, 1rem);padding-left:var(--global-kb-spacing-xs, 1rem);grid-template-columns:minmax(0, 1fr);}.kb-row-layout-id783_787622-11 > .kt-row-column-wrap > div:not(.added-for-specificity){grid-column:initial;}}<\/style><div class=\"kb-row-layout-wrap kb-row-layout-id783_787622-11 alignnone wp-block-kadence-rowlayout\"><div class=\"kt-row-column-wrap kt-has-4-columns kt-row-layout-equal kt-tab-layout-inherit kt-mobile-layout-row kt-row-valign-top\">\n<style>.kadence-column783_02c44a-3f > .kt-inside-inner-col,.kadence-column783_02c44a-3f > .kt-inside-inner-col:before{border-top-left-radius:0px;border-top-right-radius:0px;border-bottom-right-radius:0px;border-bottom-left-radius:0px;}.kadence-column783_02c44a-3f > .kt-inside-inner-col{column-gap:var(--global-kb-gap-sm, 1rem);}.kadence-column783_02c44a-3f > .kt-inside-inner-col{flex-direction:column;}.kadence-column783_02c44a-3f > .kt-inside-inner-col > .aligncenter{width:100%;}.kadence-column783_02c44a-3f > .kt-inside-inner-col:before{opacity:0.3;}.kadence-column783_02c44a-3f{position:relative;}@media all and (max-width: 1024px){.kadence-column783_02c44a-3f > .kt-inside-inner-col{flex-direction:column;justify-content:center;}}@media all and (max-width: 767px){.kadence-column783_02c44a-3f > .kt-inside-inner-col{flex-direction:column;justify-content:center;}}<\/style>\n<div class=\"wp-block-kadence-column kadence-column783_02c44a-3f\"><div class=\"kt-inside-inner-col\"><\/div><\/div>\n\n\n<style>.kadence-column783_5c81b6-e3 > .kt-inside-inner-col,.kadence-column783_5c81b6-e3 > .kt-inside-inner-col:before{border-top-left-radius:0px;border-top-right-radius:0px;border-bottom-right-radius:0px;border-bottom-left-radius:0px;}.kadence-column783_5c81b6-e3 > .kt-inside-inner-col{column-gap:var(--global-kb-gap-sm, 1rem);}.kadence-column783_5c81b6-e3 > .kt-inside-inner-col{flex-direction:column;}.kadence-column783_5c81b6-e3 > .kt-inside-inner-col > .aligncenter{width:100%;}.kadence-column783_5c81b6-e3 > .kt-inside-inner-col:before{opacity:0.3;}.kadence-column783_5c81b6-e3{position:relative;}@media all and (max-width: 1024px){.kadence-column783_5c81b6-e3 > .kt-inside-inner-col{flex-direction:column;justify-content:center;}}@media all and (max-width: 767px){.kadence-column783_5c81b6-e3 > .kt-inside-inner-col{flex-direction:column;justify-content:center;}}<\/style>\n<div class=\"wp-block-kadence-column kadence-column783_5c81b6-e3\"><div class=\"kt-inside-inner-col\"><style>.kadence-column783_6bb076-2e > .kt-inside-inner-col,.kadence-column783_6bb076-2e > .kt-inside-inner-col:before{border-top-left-radius:0px;border-top-right-radius:0px;border-bottom-right-radius:0px;border-bottom-left-radius:0px;}.kadence-column783_6bb076-2e > .kt-inside-inner-col{column-gap:var(--global-kb-gap-sm, 1rem);}.kadence-column783_6bb076-2e > .kt-inside-inner-col{flex-direction:column;}.kadence-column783_6bb076-2e > .kt-inside-inner-col > .aligncenter{width:100%;}.kadence-column783_6bb076-2e > .kt-inside-inner-col:before{opacity:0.3;}.kadence-column783_6bb076-2e{position:relative;}@media all and (max-width: 1024px){.kadence-column783_6bb076-2e > .kt-inside-inner-col{flex-direction:column;justify-content:center;}}@media all and (max-width: 767px){.kadence-column783_6bb076-2e > .kt-inside-inner-col{flex-direction:column;justify-content:center;}}<\/style>\n<div class=\"wp-block-kadence-column kadence-column783_6bb076-2e\"><div class=\"kt-inside-inner-col\">\n<figure data-wp-context=\"{&quot;imageId&quot;:&quot;69e3c580a8d36&quot;}\" data-wp-interactive=\"core\/image\" data-wp-key=\"69e3c580a8d36\" class=\"wp-block-image size-large wp-lightbox-container\"><img loading=\"lazy\" decoding=\"async\" width=\"855\" height=\"1024\" data-wp-class--hide=\"state.isContentHidden\" data-wp-class--show=\"state.isContentVisible\" data-wp-init=\"callbacks.setButtonStyles\" data-wp-on--click=\"actions.showLightbox\" data-wp-on--load=\"callbacks.setButtonStyles\" data-wp-on-window--resize=\"callbacks.setButtonStyles\" src=\"https:\/\/salamrassi.com\/wp-content\/uploads\/2024\/11\/tempImageZtH97z-855x1024.jpg\" alt=\"\" class=\"wp-image-760\" srcset=\"https:\/\/salamrassi.com\/wp-content\/uploads\/2024\/11\/tempImageZtH97z-855x1024.jpg 855w, https:\/\/salamrassi.com\/wp-content\/uploads\/2024\/11\/tempImageZtH97z-250x300.jpg 250w, https:\/\/salamrassi.com\/wp-content\/uploads\/2024\/11\/tempImageZtH97z-768x920.jpg 768w, https:\/\/salamrassi.com\/wp-content\/uploads\/2024\/11\/tempImageZtH97z-1282x1536.jpg 1282w, https:\/\/salamrassi.com\/wp-content\/uploads\/2024\/11\/tempImageZtH97z-10x12.jpg 10w, https:\/\/salamrassi.com\/wp-content\/uploads\/2024\/11\/tempImageZtH97z.jpg 1333w\" sizes=\"auto, (max-width: 855px) 100vw, 855px\" \/><button\n\t\t\tclass=\"lightbox-trigger\"\n\t\t\ttype=\"button\"\n\t\t\taria-haspopup=\"dialog\"\n\t\t\taria-label=\"Enlarge\"\n\t\t\tdata-wp-init=\"callbacks.initTriggerButton\"\n\t\t\tdata-wp-on--click=\"actions.showLightbox\"\n\t\t\tdata-wp-style--right=\"state.imageButtonRight\"\n\t\t\tdata-wp-style--top=\"state.imageButtonTop\"\n\t\t>\n\t\t\t<svg xmlns=\"http:\/\/www.w3.org\/2000\/svg\" width=\"12\" height=\"12\" fill=\"none\" viewbox=\"0 0 12 12\">\n\t\t\t\t<path fill=\"#fff\" d=\"M2 0a2 2 0 0 0-2 2v2h1.5V2a.5.5 0 0 1 .5-.5h2V0H2Zm2 10.5H2a.5.5 0 0 1-.5-.5V8H0v2a2 2 0 0 0 2 2h2v-1.5ZM8 12v-1.5h2a.5.5 0 0 0 .5-.5V8H12v2a2 2 0 0 1-2 2H8Zm2-12a2 2 0 0 1 2 2v2h-1.5V2a.5.5 0 0 0-.5-.5H8V0h2Z\" \/>\n\t\t\t<\/svg>\n\t\t<\/button><\/figure>\n<\/div><\/div>\n\n\n\n<div class=\"wp-block-group\"><div class=\"wp-block-group__inner-container is-layout-constrained wp-block-group-is-layout-constrained\"><style>.kadence-column783_ad29c6-d9 > .kt-inside-inner-col,.kadence-column783_ad29c6-d9 > .kt-inside-inner-col:before{border-top-left-radius:0px;border-top-right-radius:0px;border-bottom-right-radius:0px;border-bottom-left-radius:0px;}.kadence-column783_ad29c6-d9 > .kt-inside-inner-col{column-gap:var(--global-kb-gap-sm, 1rem);}.kadence-column783_ad29c6-d9 > .kt-inside-inner-col{flex-direction:column;}.kadence-column783_ad29c6-d9 > .kt-inside-inner-col > .aligncenter{width:100%;}.kadence-column783_ad29c6-d9 > .kt-inside-inner-col:before{opacity:0.3;}.kadence-column783_ad29c6-d9{position:relative;}@media all and (max-width: 1024px){.kadence-column783_ad29c6-d9 > .kt-inside-inner-col{flex-direction:column;justify-content:center;}}@media all and (max-width: 767px){.kadence-column783_ad29c6-d9 > .kt-inside-inner-col{flex-direction:column;justify-content:center;}}<\/style>\n<div class=\"wp-block-kadence-column kadence-column783_ad29c6-d9\"><div class=\"kt-inside-inner-col\">\n<div class=\"wp-block-group is-layout-grid wp-container-core-group-is-layout-baef362d wp-block-group-is-layout-grid\">\n<figure data-wp-context=\"{&quot;imageId&quot;:&quot;69e3c580a9039&quot;}\" data-wp-interactive=\"core\/image\" data-wp-key=\"69e3c580a9039\" class=\"wp-block-image size-large wp-lightbox-container\"><img loading=\"lazy\" decoding=\"async\" width=\"645\" height=\"1024\" data-wp-class--hide=\"state.isContentHidden\" data-wp-class--show=\"state.isContentVisible\" data-wp-init=\"callbacks.setButtonStyles\" data-wp-on--click=\"actions.showLightbox\" data-wp-on--load=\"callbacks.setButtonStyles\" data-wp-on-window--resize=\"callbacks.setButtonStyles\" src=\"https:\/\/salamrassi.com\/wp-content\/uploads\/2024\/11\/sac07-645x1024.jpg\" alt=\"\" class=\"wp-image-394\" srcset=\"https:\/\/salamrassi.com\/wp-content\/uploads\/2024\/11\/sac07-645x1024.jpg 645w, https:\/\/salamrassi.com\/wp-content\/uploads\/2024\/11\/sac07-189x300.jpg 189w, https:\/\/salamrassi.com\/wp-content\/uploads\/2024\/11\/sac07-768x1219.jpg 768w, https:\/\/salamrassi.com\/wp-content\/uploads\/2024\/11\/sac07-8x12.jpg 8w, https:\/\/salamrassi.com\/wp-content\/uploads\/2024\/11\/sac07.jpg 840w\" sizes=\"auto, (max-width: 645px) 100vw, 645px\" \/><button\n\t\t\tclass=\"lightbox-trigger\"\n\t\t\ttype=\"button\"\n\t\t\taria-haspopup=\"dialog\"\n\t\t\taria-label=\"Enlarge\"\n\t\t\tdata-wp-init=\"callbacks.initTriggerButton\"\n\t\t\tdata-wp-on--click=\"actions.showLightbox\"\n\t\t\tdata-wp-style--right=\"state.imageButtonRight\"\n\t\t\tdata-wp-style--top=\"state.imageButtonTop\"\n\t\t>\n\t\t\t<svg xmlns=\"http:\/\/www.w3.org\/2000\/svg\" width=\"12\" height=\"12\" fill=\"none\" viewbox=\"0 0 12 12\">\n\t\t\t\t<path fill=\"#fff\" d=\"M2 0a2 2 0 0 0-2 2v2h1.5V2a.5.5 0 0 1 .5-.5h2V0H2Zm2 10.5H2a.5.5 0 0 1-.5-.5V8H0v2a2 2 0 0 0 2 2h2v-1.5ZM8 12v-1.5h2a.5.5 0 0 0 .5-.5V8H12v2a2 2 0 0 1-2 2H8Zm2-12a2 2 0 0 1 2 2v2h-1.5V2a.5.5 0 0 0-.5-.5H8V0h2Z\" \/>\n\t\t\t<\/svg>\n\t\t<\/button><\/figure>\n\n\n\n<figure data-wp-context=\"{&quot;imageId&quot;:&quot;69e3c580a91d8&quot;}\" data-wp-interactive=\"core\/image\" data-wp-key=\"69e3c580a91d8\" class=\"wp-block-image size-large wp-lightbox-container\"><img loading=\"lazy\" decoding=\"async\" width=\"1024\" height=\"764\" data-wp-class--hide=\"state.isContentHidden\" data-wp-class--show=\"state.isContentVisible\" data-wp-init=\"callbacks.setButtonStyles\" data-wp-on--click=\"actions.showLightbox\" data-wp-on--load=\"callbacks.setButtonStyles\" data-wp-on-window--resize=\"callbacks.setButtonStyles\" src=\"https:\/\/salamrassi.com\/wp-content\/uploads\/2024\/11\/tempImageVEOhgq-1024x764.jpg\" alt=\"\" class=\"wp-image-761\" srcset=\"https:\/\/salamrassi.com\/wp-content\/uploads\/2024\/11\/tempImageVEOhgq-1024x764.jpg 1024w, https:\/\/salamrassi.com\/wp-content\/uploads\/2024\/11\/tempImageVEOhgq-300x224.jpg 300w, https:\/\/salamrassi.com\/wp-content\/uploads\/2024\/11\/tempImageVEOhgq-768x573.jpg 768w, https:\/\/salamrassi.com\/wp-content\/uploads\/2024\/11\/tempImageVEOhgq-16x12.jpg 16w, https:\/\/salamrassi.com\/wp-content\/uploads\/2024\/11\/tempImageVEOhgq.jpg 1333w\" sizes=\"auto, (max-width: 1024px) 100vw, 1024px\" \/><button\n\t\t\tclass=\"lightbox-trigger\"\n\t\t\ttype=\"button\"\n\t\t\taria-haspopup=\"dialog\"\n\t\t\taria-label=\"Enlarge\"\n\t\t\tdata-wp-init=\"callbacks.initTriggerButton\"\n\t\t\tdata-wp-on--click=\"actions.showLightbox\"\n\t\t\tdata-wp-style--right=\"state.imageButtonRight\"\n\t\t\tdata-wp-style--top=\"state.imageButtonTop\"\n\t\t>\n\t\t\t<svg xmlns=\"http:\/\/www.w3.org\/2000\/svg\" width=\"12\" height=\"12\" fill=\"none\" viewbox=\"0 0 12 12\">\n\t\t\t\t<path fill=\"#fff\" d=\"M2 0a2 2 0 0 0-2 2v2h1.5V2a.5.5 0 0 1 .5-.5h2V0H2Zm2 10.5H2a.5.5 0 0 1-.5-.5V8H0v2a2 2 0 0 0 2 2h2v-1.5ZM8 12v-1.5h2a.5.5 0 0 0 .5-.5V8H12v2a2 2 0 0 1-2 2H8Zm2-12a2 2 0 0 1 2 2v2h-1.5V2a.5.5 0 0 0-.5-.5H8V0h2Z\" \/>\n\t\t\t<\/svg>\n\t\t<\/button><\/figure>\n<\/div>\n<\/div><\/div>\n\n\n\n<figure class=\"wp-block-image size-large\"><img loading=\"lazy\" decoding=\"async\" width=\"1024\" height=\"768\" src=\"https:\/\/salamrassi.com\/wp-content\/uploads\/2025\/01\/blaireau-1024x768.jpg\" alt=\"\" class=\"wp-image-1045\" srcset=\"https:\/\/salamrassi.com\/wp-content\/uploads\/2025\/01\/blaireau-1024x768.jpg 1024w, https:\/\/salamrassi.com\/wp-content\/uploads\/2025\/01\/blaireau-300x225.jpg 300w, https:\/\/salamrassi.com\/wp-content\/uploads\/2025\/01\/blaireau-768x576.jpg 768w, https:\/\/salamrassi.com\/wp-content\/uploads\/2025\/01\/blaireau-16x12.jpg 16w, https:\/\/salamrassi.com\/wp-content\/uploads\/2025\/01\/blaireau.jpg 1333w\" sizes=\"auto, (max-width: 1024px) 100vw, 1024px\" \/><\/figure>\n<\/div><\/div>\n<\/div><\/div>\n\n\n<style>.kadence-column783_26b667-35 > .kt-inside-inner-col,.kadence-column783_26b667-35 > .kt-inside-inner-col:before{border-top-left-radius:0px;border-top-right-radius:0px;border-bottom-right-radius:0px;border-bottom-left-radius:0px;}.kadence-column783_26b667-35 > .kt-inside-inner-col{column-gap:var(--global-kb-gap-sm, 1rem);}.kadence-column783_26b667-35 > .kt-inside-inner-col{flex-direction:column;}.kadence-column783_26b667-35 > .kt-inside-inner-col > .aligncenter{width:100%;}.kadence-column783_26b667-35 > .kt-inside-inner-col:before{opacity:0.3;}.kadence-column783_26b667-35{position:relative;}@media all and (max-width: 1024px){.kadence-column783_26b667-35 > .kt-inside-inner-col{flex-direction:column;justify-content:center;}}@media all and (max-width: 767px){.kadence-column783_26b667-35 > .kt-inside-inner-col{flex-direction:column;justify-content:center;}}<\/style>\n<div class=\"wp-block-kadence-column kadence-column783_26b667-35\"><div class=\"kt-inside-inner-col\">\n<div style=\"height:24px\" aria-hidden=\"true\" class=\"wp-block-spacer\"><\/div>\n\n\n\n<h2 class=\"wp-block-heading has-large-font-size\">Arctic Fox Badger<\/h2>\n\n\n\n<p class=\"has-text-align-left has-medium-font-size\">CA$ 240.00<\/p>\n\n\n\n<p class=\"has-text-align-left has-small-font-size\" style=\"font-style:normal;font-weight:300\">Versatile handbag with small interior pocket, featuring a removable leather flap and an interchangeable fur flap, allowing you to personalize your style according to your daily mood.<\/p>\n\n\n\n<ul class=\"wp-block-list\">\n<li class=\"has-small-font-size\" style=\"font-style:normal;font-weight:400\">Composition: Cow leather, Arctic Fox and Badger fur.  Stainless steel hardware.<\/li>\n\n\n\n<li class=\"has-small-font-size\" style=\"font-style:normal;font-weight:400\">Dimensions: 7&Prime; X 8&Prime; X 2&Prime;<\/li>\n<\/ul>\n<\/div><\/div>\n\n\n<style>.kadence-column783_a1e874-90 > .kt-inside-inner-col,.kadence-column783_a1e874-90 > .kt-inside-inner-col:before{border-top-left-radius:0px;border-top-right-radius:0px;border-bottom-right-radius:0px;border-bottom-left-radius:0px;}.kadence-column783_a1e874-90 > .kt-inside-inner-col{column-gap:var(--global-kb-gap-sm, 1rem);}.kadence-column783_a1e874-90 > .kt-inside-inner-col{flex-direction:column;}.kadence-column783_a1e874-90 > .kt-inside-inner-col > .aligncenter{width:100%;}.kadence-column783_a1e874-90 > .kt-inside-inner-col:before{opacity:0.3;}.kadence-column783_a1e874-90{position:relative;}@media all and (max-width: 1024px){.kadence-column783_a1e874-90 > .kt-inside-inner-col{flex-direction:column;justify-content:center;}}@media all and (max-width: 767px){.kadence-column783_a1e874-90 > .kt-inside-inner-col{flex-direction:column;justify-content:center;}}<\/style>\n<div class=\"wp-block-kadence-column kadence-column783_a1e874-90\"><div class=\"kt-inside-inner-col\"><\/div><\/div>\n\n<\/div><\/div>\n\n\n<p><\/p>","protected":false},"excerpt":{"rendered":"<p>Renard Arctique Blaireau CA$ 240.00 Sac \u00e0 main polyvalent avec petite poche int\u00e9rieure, dot\u00e9 d&rsquo;un rabat en cuir amovible et d&rsquo;un rabat en fourrure interchangeable, permettant de personnaliser votre style selon vos envies du jour.<\/p>","protected":false},"author":2,"featured_media":0,"parent":175,"menu_order":0,"comment_status":"closed","ping_status":"closed","template":"","meta":{"om_disable_all_campaigns":false,"_monsterinsights_skip_tracking":false,"_monsterinsights_sitenote_active":false,"_monsterinsights_sitenote_note":"","_monsterinsights_sitenote_category":0,"_kad_post_transparent":"","_kad_post_title":"","_kad_post_layout":"","_kad_post_sidebar_id":"","_kad_post_content_style":"","_kad_post_vertical_padding":"","_kad_post_feature":"","_kad_post_feature_position":"","_kad_post_header":false,"_kad_post_footer":false,"_kad_post_classname":"","footnotes":""},"class_list":["post-783","page","type-page","status-publish","hentry"],"aioseo_notices":[],"_links":{"self":[{"href":"https:\/\/salamrassi.com\/en\/wp-json\/wp\/v2\/pages\/783","targetHints":{"allow":["GET"]}}],"collection":[{"href":"https:\/\/salamrassi.com\/en\/wp-json\/wp\/v2\/pages"}],"about":[{"href":"https:\/\/salamrassi.com\/en\/wp-json\/wp\/v2\/types\/page"}],"author":[{"embeddable":true,"href":"https:\/\/salamrassi.com\/en\/wp-json\/wp\/v2\/users\/2"}],"replies":[{"embeddable":true,"href":"https:\/\/salamrassi.com\/en\/wp-json\/wp\/v2\/comments?post=783"}],"version-history":[{"count":11,"href":"https:\/\/salamrassi.com\/en\/wp-json\/wp\/v2\/pages\/783\/revisions"}],"predecessor-version":[{"id":1479,"href":"https:\/\/salamrassi.com\/en\/wp-json\/wp\/v2\/pages\/783\/revisions\/1479"}],"up":[{"embeddable":true,"href":"https:\/\/salamrassi.com\/en\/wp-json\/wp\/v2\/pages\/175"}],"wp:attachment":[{"href":"https:\/\/salamrassi.com\/en\/wp-json\/wp\/v2\/media?parent=783"}],"curies":[{"name":"wp","href":"https:\/\/api.w.org\/{rel}","templated":true}]}}