{"id":802,"date":"2024-11-23T19:02:11","date_gmt":"2024-11-23T19:02:11","guid":{"rendered":"https:\/\/salamrassi.com\/?page_id=802"},"modified":"2025-01-11T15:13:59","modified_gmt":"2025-01-11T15:13:59","slug":"noyer-noir-acajou-cerisier","status":"publish","type":"page","link":"https:\/\/salamrassi.com\/en\/blocs\/noyer-noir-acajou-cerisier\/","title":{"rendered":"BLACK WALNUT MAHOGANY CHERRY"},"content":{"rendered":"<div style=\"height:75px\" aria-hidden=\"true\" class=\"wp-block-spacer colored-spacer\"><\/div>\n\n\n\n<div style=\"height:30px\" aria-hidden=\"true\" class=\"wp-block-spacer\"><\/div>\n\n\n\n<p class=\"has-text-align-center\"><\/p>\n\n\n<style>.kb-row-layout-id802_7a38f9-23 > .kt-row-column-wrap{align-content:start;}:where(.kb-row-layout-id802_7a38f9-23 > .kt-row-column-wrap) > .wp-block-kadence-column{justify-content:start;}.kb-row-layout-id802_7a38f9-23 > .kt-row-column-wrap{column-gap:var(--global-kb-gap-md, 2rem);row-gap:var(--global-kb-gap-md, 2rem);padding-top:var(--global-kb-spacing-sm, 1.5rem);padding-bottom:var(--global-kb-spacing-sm, 1.5rem);grid-template-columns:minmax(0, calc(10% - ((var(--global-kb-gap-md, 2rem) * 2 )\/3)))minmax(0, calc(75% - ((var(--global-kb-gap-md, 2rem) * 2 )\/3)))minmax(0, calc(15% - ((var(--global-kb-gap-md, 2rem) * 2 )\/3)));}.kb-row-layout-id802_7a38f9-23 > .kt-row-layout-overlay{opacity:0.30;}@media all and (max-width: 1024px){.kb-row-layout-id802_7a38f9-23 > .kt-row-column-wrap > div:not(.added-for-specificity){grid-column:initial;}}@media all and (max-width: 1024px){.kb-row-layout-id802_7a38f9-23 > .kt-row-column-wrap{grid-template-columns:minmax(0, 1fr) minmax(0, 6fr) minmax(0, 1fr);}}@media all and (max-width: 767px){.kb-row-layout-id802_7a38f9-23 > .kt-row-column-wrap > div:not(.added-for-specificity){grid-column:initial;}.kb-row-layout-id802_7a38f9-23 > .kt-row-column-wrap{grid-template-columns:minmax(0, 1fr);}}<\/style><div class=\"kb-row-layout-wrap kb-row-layout-id802_7a38f9-23 alignnone wp-block-kadence-rowlayout\"><div class=\"kt-row-column-wrap kt-has-3-columns kt-row-layout-center-exwide kt-tab-layout-inherit kt-mobile-layout-row kt-row-valign-top\">\n<style>.kadence-column802_1ab8f0-1b > .kt-inside-inner-col,.kadence-column802_1ab8f0-1b > .kt-inside-inner-col:before{border-top-left-radius:0px;border-top-right-radius:0px;border-bottom-right-radius:0px;border-bottom-left-radius:0px;}.kadence-column802_1ab8f0-1b > .kt-inside-inner-col{column-gap:var(--global-kb-gap-sm, 1rem);}.kadence-column802_1ab8f0-1b > .kt-inside-inner-col{flex-direction:column;}.kadence-column802_1ab8f0-1b > .kt-inside-inner-col > .aligncenter{width:100%;}.kadence-column802_1ab8f0-1b > .kt-inside-inner-col:before{opacity:0.3;}.kadence-column802_1ab8f0-1b{position:relative;}@media all and (max-width: 1024px){.kadence-column802_1ab8f0-1b > .kt-inside-inner-col{flex-direction:column;justify-content:center;}}@media all and (max-width: 767px){.kadence-column802_1ab8f0-1b > .kt-inside-inner-col{flex-direction:column;justify-content:center;}}<\/style>\n<div class=\"wp-block-kadence-column kadence-column802_1ab8f0-1b\"><div class=\"kt-inside-inner-col\"><\/div><\/div>\n\n\n<style>.kadence-column802_6233b4-14 > .kt-inside-inner-col,.kadence-column802_6233b4-14 > .kt-inside-inner-col:before{border-top-left-radius:0px;border-top-right-radius:0px;border-bottom-right-radius:0px;border-bottom-left-radius:0px;}.kadence-column802_6233b4-14 > .kt-inside-inner-col{column-gap:var(--global-kb-gap-sm, 1rem);}.kadence-column802_6233b4-14 > .kt-inside-inner-col{flex-direction:column;}.kadence-column802_6233b4-14 > .kt-inside-inner-col > .aligncenter{width:100%;}.kadence-column802_6233b4-14 > .kt-inside-inner-col:before{opacity:0.3;}.kadence-column802_6233b4-14{position:relative;}@media all and (max-width: 1024px){.kadence-column802_6233b4-14 > .kt-inside-inner-col{flex-direction:column;justify-content:center;}}@media all and (max-width: 767px){.kadence-column802_6233b4-14 > .kt-inside-inner-col{padding-left:var(--global-kb-spacing-sm, 1.5rem);flex-direction:column;justify-content:center;}}<\/style>\n<div class=\"wp-block-kadence-column kadence-column802_6233b4-14\"><div class=\"kt-inside-inner-col\"><div class=\"aioseo-breadcrumbs\"><span class=\"aioseo-breadcrumb\">\n\t\t\t<a href=\"https:\/\/salamrassi.com\/en\" title=\"Home\">Home<\/a>\n\t\t<\/span><\/div><\/div><\/div>\n\n\n<style>.kadence-column802_4f7a62-53 > .kt-inside-inner-col,.kadence-column802_4f7a62-53 > .kt-inside-inner-col:before{border-top-left-radius:0px;border-top-right-radius:0px;border-bottom-right-radius:0px;border-bottom-left-radius:0px;}.kadence-column802_4f7a62-53 > .kt-inside-inner-col{column-gap:var(--global-kb-gap-sm, 1rem);}.kadence-column802_4f7a62-53 > .kt-inside-inner-col{flex-direction:column;}.kadence-column802_4f7a62-53 > .kt-inside-inner-col > .aligncenter{width:100%;}.kadence-column802_4f7a62-53 > .kt-inside-inner-col:before{opacity:0.3;}.kadence-column802_4f7a62-53{position:relative;}@media all and (max-width: 1024px){.kadence-column802_4f7a62-53 > .kt-inside-inner-col{flex-direction:column;justify-content:center;}}@media all and (max-width: 767px){.kadence-column802_4f7a62-53 > .kt-inside-inner-col{flex-direction:column;justify-content:center;}}<\/style>\n<div class=\"wp-block-kadence-column kadence-column802_4f7a62-53\"><div class=\"kt-inside-inner-col\"><\/div><\/div>\n\n<\/div><\/div>\n\n<style>.kb-row-layout-id802_a1cb7e-47 > .kt-row-column-wrap{align-content:start;}:where(.kb-row-layout-id802_a1cb7e-47 > .kt-row-column-wrap) > .wp-block-kadence-column{justify-content:start;}.kb-row-layout-id802_a1cb7e-47 > .kt-row-column-wrap{column-gap:var(--global-kb-gap-md, 2rem);row-gap:var(--global-kb-gap-md, 2rem);padding-top:var(--global-kb-spacing-sm, 1.5rem);padding-bottom:var(--global-kb-spacing-sm, 1.5rem);grid-template-columns:minmax(0, calc(10% - ((var(--global-kb-gap-md, 2rem) * 3 )\/4)))minmax(0, calc(57.4% - ((var(--global-kb-gap-md, 2rem) * 3 )\/4)))minmax(0, calc(22.6% - ((var(--global-kb-gap-md, 2rem) * 3 )\/4)))minmax(0, calc(10% - ((var(--global-kb-gap-md, 2rem) * 3 )\/4)));}.kb-row-layout-id802_a1cb7e-47 > .kt-row-layout-overlay{opacity:0.30;}@media all and (max-width: 1024px){.kb-row-layout-id802_a1cb7e-47 > .kt-row-column-wrap > div:not(.added-for-specificity){grid-column:initial;}}@media all and (max-width: 1024px){.kb-row-layout-id802_a1cb7e-47 > .kt-row-column-wrap{grid-template-columns:repeat(4, minmax(0, 1fr));}}@media all and (max-width: 767px){.kb-row-layout-id802_a1cb7e-47 > .kt-row-column-wrap{padding-right:var(--global-kb-spacing-xs, 1rem);padding-left:var(--global-kb-spacing-xs, 1rem);grid-template-columns:minmax(0, 1fr);}.kb-row-layout-id802_a1cb7e-47 > .kt-row-column-wrap > div:not(.added-for-specificity){grid-column:initial;}}<\/style><div class=\"kb-row-layout-wrap kb-row-layout-id802_a1cb7e-47 alignnone wp-block-kadence-rowlayout\"><div class=\"kt-row-column-wrap kt-has-4-columns kt-row-layout-equal kt-tab-layout-inherit kt-mobile-layout-row kt-row-valign-top\">\n<style>.kadence-column802_e21ffb-a7 > .kt-inside-inner-col,.kadence-column802_e21ffb-a7 > .kt-inside-inner-col:before{border-top-left-radius:0px;border-top-right-radius:0px;border-bottom-right-radius:0px;border-bottom-left-radius:0px;}.kadence-column802_e21ffb-a7 > .kt-inside-inner-col{column-gap:var(--global-kb-gap-sm, 1rem);}.kadence-column802_e21ffb-a7 > .kt-inside-inner-col{flex-direction:column;}.kadence-column802_e21ffb-a7 > .kt-inside-inner-col > .aligncenter{width:100%;}.kadence-column802_e21ffb-a7 > .kt-inside-inner-col:before{opacity:0.3;}.kadence-column802_e21ffb-a7{position:relative;}@media all and (max-width: 1024px){.kadence-column802_e21ffb-a7 > .kt-inside-inner-col{flex-direction:column;justify-content:center;}}@media all and (max-width: 767px){.kadence-column802_e21ffb-a7 > .kt-inside-inner-col{flex-direction:column;justify-content:center;}}<\/style>\n<div class=\"wp-block-kadence-column kadence-column802_e21ffb-a7\"><div class=\"kt-inside-inner-col\"><\/div><\/div>\n\n\n<style>.kadence-column802_5afe6f-b1 > .kt-inside-inner-col,.kadence-column802_5afe6f-b1 > .kt-inside-inner-col:before{border-top-left-radius:0px;border-top-right-radius:0px;border-bottom-right-radius:0px;border-bottom-left-radius:0px;}.kadence-column802_5afe6f-b1 > .kt-inside-inner-col{column-gap:var(--global-kb-gap-sm, 1rem);}.kadence-column802_5afe6f-b1 > .kt-inside-inner-col{flex-direction:column;}.kadence-column802_5afe6f-b1 > .kt-inside-inner-col > .aligncenter{width:100%;}.kadence-column802_5afe6f-b1 > .kt-inside-inner-col:before{opacity:0.3;}.kadence-column802_5afe6f-b1{position:relative;}@media all and (max-width: 1024px){.kadence-column802_5afe6f-b1 > .kt-inside-inner-col{flex-direction:column;justify-content:center;}}@media all and (max-width: 767px){.kadence-column802_5afe6f-b1 > .kt-inside-inner-col{flex-direction:column;justify-content:center;}}<\/style>\n<div class=\"wp-block-kadence-column kadence-column802_5afe6f-b1\"><div class=\"kt-inside-inner-col\"><style>.kadence-column802_193981-cd > .kt-inside-inner-col,.kadence-column802_193981-cd > .kt-inside-inner-col:before{border-top-left-radius:0px;border-top-right-radius:0px;border-bottom-right-radius:0px;border-bottom-left-radius:0px;}.kadence-column802_193981-cd > .kt-inside-inner-col{column-gap:var(--global-kb-gap-sm, 1rem);}.kadence-column802_193981-cd > .kt-inside-inner-col{flex-direction:column;}.kadence-column802_193981-cd > .kt-inside-inner-col > .aligncenter{width:100%;}.kadence-column802_193981-cd > .kt-inside-inner-col:before{opacity:0.3;}.kadence-column802_193981-cd{position:relative;}@media all and (max-width: 1024px){.kadence-column802_193981-cd > .kt-inside-inner-col{flex-direction:column;justify-content:center;}}@media all and (max-width: 767px){.kadence-column802_193981-cd > .kt-inside-inner-col{flex-direction:column;justify-content:center;}}<\/style>\n<div class=\"wp-block-kadence-column kadence-column802_193981-cd\"><div class=\"kt-inside-inner-col\">\n<figure data-wp-context=\"{&quot;imageId&quot;:&quot;69e3c56f80d01&quot;}\" data-wp-interactive=\"core\/image\" data-wp-key=\"69e3c56f80d01\" class=\"wp-block-image size-full wp-lightbox-container\"><img loading=\"lazy\" decoding=\"async\" width=\"1000\" height=\"1000\" data-wp-class--hide=\"state.isContentHidden\" data-wp-class--show=\"state.isContentVisible\" data-wp-init=\"callbacks.setButtonStyles\" data-wp-on--click=\"actions.showLightbox\" data-wp-on--load=\"callbacks.setButtonStyles\" data-wp-on-window--resize=\"callbacks.setButtonStyles\" src=\"https:\/\/salamrassi.com\/wp-content\/uploads\/2024\/11\/bl001.jpg\" alt=\"\" class=\"wp-image-338\" srcset=\"https:\/\/salamrassi.com\/wp-content\/uploads\/2024\/11\/bl001.jpg 1000w, https:\/\/salamrassi.com\/wp-content\/uploads\/2024\/11\/bl001-300x300.jpg 300w, https:\/\/salamrassi.com\/wp-content\/uploads\/2024\/11\/bl001-150x150.jpg 150w, https:\/\/salamrassi.com\/wp-content\/uploads\/2024\/11\/bl001-768x768.jpg 768w, https:\/\/salamrassi.com\/wp-content\/uploads\/2024\/11\/bl001-12x12.jpg 12w\" sizes=\"auto, (max-width: 1000px) 100vw, 1000px\" \/><button\n\t\t\tclass=\"lightbox-trigger\"\n\t\t\ttype=\"button\"\n\t\t\taria-haspopup=\"dialog\"\n\t\t\taria-label=\"Enlarge\"\n\t\t\tdata-wp-init=\"callbacks.initTriggerButton\"\n\t\t\tdata-wp-on--click=\"actions.showLightbox\"\n\t\t\tdata-wp-style--right=\"state.imageButtonRight\"\n\t\t\tdata-wp-style--top=\"state.imageButtonTop\"\n\t\t>\n\t\t\t<svg xmlns=\"http:\/\/www.w3.org\/2000\/svg\" width=\"12\" height=\"12\" fill=\"none\" viewbox=\"0 0 12 12\">\n\t\t\t\t<path fill=\"#fff\" d=\"M2 0a2 2 0 0 0-2 2v2h1.5V2a.5.5 0 0 1 .5-.5h2V0H2Zm2 10.5H2a.5.5 0 0 1-.5-.5V8H0v2a2 2 0 0 0 2 2h2v-1.5ZM8 12v-1.5h2a.5.5 0 0 0 .5-.5V8H12v2a2 2 0 0 1-2 2H8Zm2-12a2 2 0 0 1 2 2v2h-1.5V2a.5.5 0 0 0-.5-.5H8V0h2Z\" \/>\n\t\t\t<\/svg>\n\t\t<\/button><\/figure>\n<\/div><\/div>\n\n\n<style>.kadence-column802_537d5d-79 > .kt-inside-inner-col,.kadence-column802_537d5d-79 > .kt-inside-inner-col:before{border-top-left-radius:0px;border-top-right-radius:0px;border-bottom-right-radius:0px;border-bottom-left-radius:0px;}.kadence-column802_537d5d-79 > .kt-inside-inner-col{column-gap:var(--global-kb-gap-sm, 1rem);}.kadence-column802_537d5d-79 > .kt-inside-inner-col{flex-direction:column;}.kadence-column802_537d5d-79 > .kt-inside-inner-col > .aligncenter{width:100%;}.kadence-column802_537d5d-79 > .kt-inside-inner-col:before{opacity:0.3;}.kadence-column802_537d5d-79{position:relative;}@media all and (max-width: 1024px){.kadence-column802_537d5d-79 > .kt-inside-inner-col{flex-direction:column;justify-content:center;}}@media all and (max-width: 767px){.kadence-column802_537d5d-79 > .kt-inside-inner-col{flex-direction:column;justify-content:center;}}<\/style>\n<div class=\"wp-block-kadence-column kadence-column802_537d5d-79\"><div class=\"kt-inside-inner-col\">\n<div class=\"wp-block-group is-layout-grid wp-container-core-group-is-layout-baef362d wp-block-group-is-layout-grid\">\n<figure data-wp-context=\"{&quot;imageId&quot;:&quot;69e3c56f80f9b&quot;}\" data-wp-interactive=\"core\/image\" data-wp-key=\"69e3c56f80f9b\" class=\"wp-block-image size-full wp-lightbox-container\"><img loading=\"lazy\" decoding=\"async\" width=\"785\" height=\"941\" data-wp-class--hide=\"state.isContentHidden\" data-wp-class--show=\"state.isContentVisible\" data-wp-init=\"callbacks.setButtonStyles\" data-wp-on--click=\"actions.showLightbox\" data-wp-on--load=\"callbacks.setButtonStyles\" data-wp-on-window--resize=\"callbacks.setButtonStyles\" src=\"https:\/\/salamrassi.com\/wp-content\/uploads\/2024\/11\/bloc_noyer_acajou_cerisier.jpg\" alt=\"\" class=\"wp-image-804\" srcset=\"https:\/\/salamrassi.com\/wp-content\/uploads\/2024\/11\/bloc_noyer_acajou_cerisier.jpg 785w, https:\/\/salamrassi.com\/wp-content\/uploads\/2024\/11\/bloc_noyer_acajou_cerisier-250x300.jpg 250w, https:\/\/salamrassi.com\/wp-content\/uploads\/2024\/11\/bloc_noyer_acajou_cerisier-768x921.jpg 768w, https:\/\/salamrassi.com\/wp-content\/uploads\/2024\/11\/bloc_noyer_acajou_cerisier-10x12.jpg 10w\" sizes=\"auto, (max-width: 785px) 100vw, 785px\" \/><button\n\t\t\tclass=\"lightbox-trigger\"\n\t\t\ttype=\"button\"\n\t\t\taria-haspopup=\"dialog\"\n\t\t\taria-label=\"Enlarge\"\n\t\t\tdata-wp-init=\"callbacks.initTriggerButton\"\n\t\t\tdata-wp-on--click=\"actions.showLightbox\"\n\t\t\tdata-wp-style--right=\"state.imageButtonRight\"\n\t\t\tdata-wp-style--top=\"state.imageButtonTop\"\n\t\t>\n\t\t\t<svg xmlns=\"http:\/\/www.w3.org\/2000\/svg\" width=\"12\" height=\"12\" fill=\"none\" viewbox=\"0 0 12 12\">\n\t\t\t\t<path fill=\"#fff\" d=\"M2 0a2 2 0 0 0-2 2v2h1.5V2a.5.5 0 0 1 .5-.5h2V0H2Zm2 10.5H2a.5.5 0 0 1-.5-.5V8H0v2a2 2 0 0 0 2 2h2v-1.5ZM8 12v-1.5h2a.5.5 0 0 0 .5-.5V8H12v2a2 2 0 0 1-2 2H8Zm2-12a2 2 0 0 1 2 2v2h-1.5V2a.5.5 0 0 0-.5-.5H8V0h2Z\" \/>\n\t\t\t<\/svg>\n\t\t<\/button><\/figure>\n<\/div>\n<\/div><\/div>\n<\/div><\/div>\n\n\n<style>.kadence-column802_5f0662-eb > .kt-inside-inner-col,.kadence-column802_5f0662-eb > .kt-inside-inner-col:before{border-top-left-radius:0px;border-top-right-radius:0px;border-bottom-right-radius:0px;border-bottom-left-radius:0px;}.kadence-column802_5f0662-eb > .kt-inside-inner-col{column-gap:var(--global-kb-gap-sm, 1rem);}.kadence-column802_5f0662-eb > .kt-inside-inner-col{flex-direction:column;}.kadence-column802_5f0662-eb > .kt-inside-inner-col > .aligncenter{width:100%;}.kadence-column802_5f0662-eb > .kt-inside-inner-col:before{opacity:0.3;}.kadence-column802_5f0662-eb{position:relative;}@media all and (max-width: 1024px){.kadence-column802_5f0662-eb > .kt-inside-inner-col{flex-direction:column;justify-content:center;}}@media all and (max-width: 767px){.kadence-column802_5f0662-eb > .kt-inside-inner-col{flex-direction:column;justify-content:center;}}<\/style>\n<div class=\"wp-block-kadence-column kadence-column802_5f0662-eb\"><div class=\"kt-inside-inner-col\">\n<div style=\"height:24px\" aria-hidden=\"true\" class=\"wp-block-spacer\"><\/div>\n\n\n\n<h2 class=\"wp-block-heading has-large-font-size\">Black Walnut Mahogany Cherry<\/h2>\n\n\n\n<p><\/p>\n\n\n\n<p class=\"has-text-align-left has-medium-font-size\">CA$ 425.00<\/p>\n\n\n\n<p class=\"has-text-align-left has-small-font-size\" style=\"font-style:normal;font-weight:300\">At the heart of your culinary space, this artisanal creation stands as a true functional jewel. Its captivating design skillfully blends geometric patterns and warm hues, offering a unique visual spectacle. The end-grain technique gives it exceptional durability, resisting repeated knife assaults while developing a charm that accentuates over time. Versatile, it excels both as a butcher block for cutting your succulent meats and your fruits and vegetables, as well as an elegant serving platter during your feasts. This piece thus combines refined aesthetics and everyday practicality, quickly establishing itself as an essential element in your kitchen.<\/p>\n\n\n\n<ul class=\"wp-block-list\">\n<li class=\"has-small-font-size\" style=\"font-style:normal;font-weight:400\">Composition: Black Walnut, Mahogany, Cherry<\/li>\n\n\n\n<li class=\"has-small-font-size\" style=\"font-style:normal;font-weight:400\">Dimensions:14-3\/4&Prime; X 16-3\/4&Prime; X 1-1\/2&Prime;<\/li>\n<\/ul>\n<\/div><\/div>\n\n\n<style>.kadence-column802_668a83-29 > .kt-inside-inner-col,.kadence-column802_668a83-29 > .kt-inside-inner-col:before{border-top-left-radius:0px;border-top-right-radius:0px;border-bottom-right-radius:0px;border-bottom-left-radius:0px;}.kadence-column802_668a83-29 > .kt-inside-inner-col{column-gap:var(--global-kb-gap-sm, 1rem);}.kadence-column802_668a83-29 > .kt-inside-inner-col{flex-direction:column;}.kadence-column802_668a83-29 > .kt-inside-inner-col > .aligncenter{width:100%;}.kadence-column802_668a83-29 > .kt-inside-inner-col:before{opacity:0.3;}.kadence-column802_668a83-29{position:relative;}@media all and (max-width: 1024px){.kadence-column802_668a83-29 > .kt-inside-inner-col{flex-direction:column;justify-content:center;}}@media all and (max-width: 767px){.kadence-column802_668a83-29 > .kt-inside-inner-col{flex-direction:column;justify-content:center;}}<\/style>\n<div class=\"wp-block-kadence-column kadence-column802_668a83-29\"><div class=\"kt-inside-inner-col\"><\/div><\/div>\n\n<\/div><\/div>\n\n\n<p><\/p>","protected":false},"excerpt":{"rendered":"<p>Noyer Noir Acajou Cerisier CA$ 425.00 Au c\u0153ur de votre espace culinaire, cette cr\u00e9ation artisanale s&rsquo;impose comme un v\u00e9ritable bijou fonctionnel. Son design captivant m\u00eale habilement motifs g\u00e9om\u00e9triques et teintes chaleureuses, offrant un spectacle visuel unique. La technique de fabrication en bois de bout lui conf\u00e8re une robustesse exceptionnelle, r\u00e9sistant aux assauts r\u00e9p\u00e9t\u00e9s du couteau&#8230;<\/p>","protected":false},"author":2,"featured_media":0,"parent":177,"menu_order":0,"comment_status":"closed","ping_status":"closed","template":"","meta":{"om_disable_all_campaigns":false,"_monsterinsights_skip_tracking":false,"_monsterinsights_sitenote_active":false,"_monsterinsights_sitenote_note":"","_monsterinsights_sitenote_category":0,"_kad_post_transparent":"","_kad_post_title":"","_kad_post_layout":"","_kad_post_sidebar_id":"","_kad_post_content_style":"","_kad_post_vertical_padding":"","_kad_post_feature":"","_kad_post_feature_position":"","_kad_post_header":false,"_kad_post_footer":false,"_kad_post_classname":"","footnotes":""},"class_list":["post-802","page","type-page","status-publish","hentry"],"aioseo_notices":[],"_links":{"self":[{"href":"https:\/\/salamrassi.com\/en\/wp-json\/wp\/v2\/pages\/802","targetHints":{"allow":["GET"]}}],"collection":[{"href":"https:\/\/salamrassi.com\/en\/wp-json\/wp\/v2\/pages"}],"about":[{"href":"https:\/\/salamrassi.com\/en\/wp-json\/wp\/v2\/types\/page"}],"author":[{"embeddable":true,"href":"https:\/\/salamrassi.com\/en\/wp-json\/wp\/v2\/users\/2"}],"replies":[{"embeddable":true,"href":"https:\/\/salamrassi.com\/en\/wp-json\/wp\/v2\/comments?post=802"}],"version-history":[{"count":6,"href":"https:\/\/salamrassi.com\/en\/wp-json\/wp\/v2\/pages\/802\/revisions"}],"predecessor-version":[{"id":1462,"href":"https:\/\/salamrassi.com\/en\/wp-json\/wp\/v2\/pages\/802\/revisions\/1462"}],"up":[{"embeddable":true,"href":"https:\/\/salamrassi.com\/en\/wp-json\/wp\/v2\/pages\/177"}],"wp:attachment":[{"href":"https:\/\/salamrassi.com\/en\/wp-json\/wp\/v2\/media?parent=802"}],"curies":[{"name":"wp","href":"https:\/\/api.w.org\/{rel}","templated":true}]}}