{"id":859,"date":"2024-11-28T14:16:27","date_gmt":"2024-11-28T14:16:27","guid":{"rendered":"https:\/\/salamrassi.com\/?page_id=859"},"modified":"2025-01-11T15:19:37","modified_gmt":"2025-01-11T15:19:37","slug":"nubuck","status":"publish","type":"page","link":"https:\/\/salamrassi.com\/en\/sacs\/nubuck\/","title":{"rendered":"PADBAG NUBUCK"},"content":{"rendered":"<div style=\"height:75px\" aria-hidden=\"true\" class=\"wp-block-spacer colored-spacer\"><\/div>\n\n\n\n<div style=\"height:30px\" aria-hidden=\"true\" class=\"wp-block-spacer\"><\/div>\n\n\n\n<p class=\"has-text-align-center\"><\/p>\n\n\n<style>.kb-row-layout-id859_82ddd0-1e > .kt-row-column-wrap{align-content:start;}:where(.kb-row-layout-id859_82ddd0-1e > .kt-row-column-wrap) > .wp-block-kadence-column{justify-content:start;}.kb-row-layout-id859_82ddd0-1e > .kt-row-column-wrap{column-gap:var(--global-kb-gap-md, 2rem);row-gap:var(--global-kb-gap-md, 2rem);padding-top:var(--global-kb-spacing-sm, 1.5rem);padding-bottom:var(--global-kb-spacing-sm, 1.5rem);grid-template-columns:minmax(0, calc(10% - ((var(--global-kb-gap-md, 2rem) * 2 )\/3)))minmax(0, calc(75% - ((var(--global-kb-gap-md, 2rem) * 2 )\/3)))minmax(0, calc(15% - ((var(--global-kb-gap-md, 2rem) * 2 )\/3)));}.kb-row-layout-id859_82ddd0-1e > .kt-row-layout-overlay{opacity:0.30;}@media all and (max-width: 1024px){.kb-row-layout-id859_82ddd0-1e > .kt-row-column-wrap > div:not(.added-for-specificity){grid-column:initial;}}@media all and (max-width: 1024px){.kb-row-layout-id859_82ddd0-1e > .kt-row-column-wrap{grid-template-columns:minmax(0, 1fr) minmax(0, 6fr) minmax(0, 1fr);}}@media all and (max-width: 767px){.kb-row-layout-id859_82ddd0-1e > .kt-row-column-wrap > div:not(.added-for-specificity){grid-column:initial;}.kb-row-layout-id859_82ddd0-1e > .kt-row-column-wrap{grid-template-columns:minmax(0, 1fr);}}<\/style><div class=\"kb-row-layout-wrap kb-row-layout-id859_82ddd0-1e alignnone wp-block-kadence-rowlayout\"><div class=\"kt-row-column-wrap kt-has-3-columns kt-row-layout-center-exwide kt-tab-layout-inherit kt-mobile-layout-row kt-row-valign-top\">\n<style>.kadence-column859_1b4689-ae > .kt-inside-inner-col,.kadence-column859_1b4689-ae > .kt-inside-inner-col:before{border-top-left-radius:0px;border-top-right-radius:0px;border-bottom-right-radius:0px;border-bottom-left-radius:0px;}.kadence-column859_1b4689-ae > .kt-inside-inner-col{column-gap:var(--global-kb-gap-sm, 1rem);}.kadence-column859_1b4689-ae > .kt-inside-inner-col{flex-direction:column;}.kadence-column859_1b4689-ae > .kt-inside-inner-col > .aligncenter{width:100%;}.kadence-column859_1b4689-ae > .kt-inside-inner-col:before{opacity:0.3;}.kadence-column859_1b4689-ae{position:relative;}@media all and (max-width: 1024px){.kadence-column859_1b4689-ae > .kt-inside-inner-col{flex-direction:column;justify-content:center;}}@media all and (max-width: 767px){.kadence-column859_1b4689-ae > .kt-inside-inner-col{flex-direction:column;justify-content:center;}}<\/style>\n<div class=\"wp-block-kadence-column kadence-column859_1b4689-ae\"><div class=\"kt-inside-inner-col\"><\/div><\/div>\n\n\n<style>.kadence-column859_6c3569-6b > .kt-inside-inner-col,.kadence-column859_6c3569-6b > .kt-inside-inner-col:before{border-top-left-radius:0px;border-top-right-radius:0px;border-bottom-right-radius:0px;border-bottom-left-radius:0px;}.kadence-column859_6c3569-6b > .kt-inside-inner-col{column-gap:var(--global-kb-gap-sm, 1rem);}.kadence-column859_6c3569-6b > .kt-inside-inner-col{flex-direction:column;}.kadence-column859_6c3569-6b > .kt-inside-inner-col > .aligncenter{width:100%;}.kadence-column859_6c3569-6b > .kt-inside-inner-col:before{opacity:0.3;}.kadence-column859_6c3569-6b{position:relative;}@media all and (max-width: 1024px){.kadence-column859_6c3569-6b > .kt-inside-inner-col{flex-direction:column;justify-content:center;}}@media all and (max-width: 767px){.kadence-column859_6c3569-6b > .kt-inside-inner-col{padding-left:var(--global-kb-spacing-sm, 1.5rem);flex-direction:column;justify-content:center;}}<\/style>\n<div class=\"wp-block-kadence-column kadence-column859_6c3569-6b\"><div class=\"kt-inside-inner-col\"><div class=\"aioseo-breadcrumbs\"><span class=\"aioseo-breadcrumb\">\n\t\t\t<a href=\"https:\/\/salamrassi.com\/en\" title=\"Home\">Home<\/a>\n\t\t<\/span><\/div><\/div><\/div>\n\n\n<style>.kadence-column859_f484fd-1d > .kt-inside-inner-col,.kadence-column859_f484fd-1d > .kt-inside-inner-col:before{border-top-left-radius:0px;border-top-right-radius:0px;border-bottom-right-radius:0px;border-bottom-left-radius:0px;}.kadence-column859_f484fd-1d > .kt-inside-inner-col{column-gap:var(--global-kb-gap-sm, 1rem);}.kadence-column859_f484fd-1d > .kt-inside-inner-col{flex-direction:column;}.kadence-column859_f484fd-1d > .kt-inside-inner-col > .aligncenter{width:100%;}.kadence-column859_f484fd-1d > .kt-inside-inner-col:before{opacity:0.3;}.kadence-column859_f484fd-1d{position:relative;}@media all and (max-width: 1024px){.kadence-column859_f484fd-1d > .kt-inside-inner-col{flex-direction:column;justify-content:center;}}@media all and (max-width: 767px){.kadence-column859_f484fd-1d > .kt-inside-inner-col{flex-direction:column;justify-content:center;}}<\/style>\n<div class=\"wp-block-kadence-column kadence-column859_f484fd-1d\"><div class=\"kt-inside-inner-col\"><\/div><\/div>\n\n<\/div><\/div>\n\n<style>.kb-row-layout-id859_7a7217-7f > .kt-row-column-wrap{align-content:start;}:where(.kb-row-layout-id859_7a7217-7f > .kt-row-column-wrap) > .wp-block-kadence-column{justify-content:start;}.kb-row-layout-id859_7a7217-7f > .kt-row-column-wrap{column-gap:var(--global-kb-gap-md, 2rem);row-gap:var(--global-kb-gap-md, 2rem);padding-top:var(--global-kb-spacing-sm, 1.5rem);padding-bottom:var(--global-kb-spacing-sm, 1.5rem);grid-template-columns:minmax(0, calc(10% - ((var(--global-kb-gap-md, 2rem) * 3 )\/4)))minmax(0, calc(57.4% - ((var(--global-kb-gap-md, 2rem) * 3 )\/4)))minmax(0, calc(22.6% - ((var(--global-kb-gap-md, 2rem) * 3 )\/4)))minmax(0, calc(10% - ((var(--global-kb-gap-md, 2rem) * 3 )\/4)));}.kb-row-layout-id859_7a7217-7f > .kt-row-layout-overlay{opacity:0.30;}@media all and (max-width: 1024px){.kb-row-layout-id859_7a7217-7f > .kt-row-column-wrap > div:not(.added-for-specificity){grid-column:initial;}}@media all and (max-width: 1024px){.kb-row-layout-id859_7a7217-7f > .kt-row-column-wrap{grid-template-columns:repeat(4, minmax(0, 1fr));}}@media all and (max-width: 767px){.kb-row-layout-id859_7a7217-7f > .kt-row-column-wrap{padding-right:var(--global-kb-spacing-xs, 1rem);padding-left:var(--global-kb-spacing-xs, 1rem);grid-template-columns:minmax(0, 1fr);}.kb-row-layout-id859_7a7217-7f > .kt-row-column-wrap > div:not(.added-for-specificity){grid-column:initial;}}<\/style><div class=\"kb-row-layout-wrap kb-row-layout-id859_7a7217-7f alignnone wp-block-kadence-rowlayout\"><div class=\"kt-row-column-wrap kt-has-4-columns kt-row-layout-equal kt-tab-layout-inherit kt-mobile-layout-row kt-row-valign-top\">\n<style>.kadence-column859_432af2-c0 > .kt-inside-inner-col,.kadence-column859_432af2-c0 > .kt-inside-inner-col:before{border-top-left-radius:0px;border-top-right-radius:0px;border-bottom-right-radius:0px;border-bottom-left-radius:0px;}.kadence-column859_432af2-c0 > .kt-inside-inner-col{column-gap:var(--global-kb-gap-sm, 1rem);}.kadence-column859_432af2-c0 > .kt-inside-inner-col{flex-direction:column;}.kadence-column859_432af2-c0 > .kt-inside-inner-col > .aligncenter{width:100%;}.kadence-column859_432af2-c0 > .kt-inside-inner-col:before{opacity:0.3;}.kadence-column859_432af2-c0{position:relative;}@media all and (max-width: 1024px){.kadence-column859_432af2-c0 > .kt-inside-inner-col{flex-direction:column;justify-content:center;}}@media all and (max-width: 767px){.kadence-column859_432af2-c0 > .kt-inside-inner-col{flex-direction:column;justify-content:center;}}<\/style>\n<div class=\"wp-block-kadence-column kadence-column859_432af2-c0\"><div class=\"kt-inside-inner-col\"><\/div><\/div>\n\n\n<style>.kadence-column859_a34067-96 > .kt-inside-inner-col,.kadence-column859_a34067-96 > .kt-inside-inner-col:before{border-top-left-radius:0px;border-top-right-radius:0px;border-bottom-right-radius:0px;border-bottom-left-radius:0px;}.kadence-column859_a34067-96 > .kt-inside-inner-col{column-gap:var(--global-kb-gap-sm, 1rem);}.kadence-column859_a34067-96 > .kt-inside-inner-col{flex-direction:column;}.kadence-column859_a34067-96 > .kt-inside-inner-col > .aligncenter{width:100%;}.kadence-column859_a34067-96 > .kt-inside-inner-col:before{opacity:0.3;}.kadence-column859_a34067-96{position:relative;}@media all and (max-width: 1024px){.kadence-column859_a34067-96 > .kt-inside-inner-col{flex-direction:column;justify-content:center;}}@media all and (max-width: 767px){.kadence-column859_a34067-96 > .kt-inside-inner-col{flex-direction:column;justify-content:center;}}<\/style>\n<div class=\"wp-block-kadence-column kadence-column859_a34067-96\"><div class=\"kt-inside-inner-col\"><style>.kadence-column859_236595-53 > .kt-inside-inner-col,.kadence-column859_236595-53 > .kt-inside-inner-col:before{border-top-left-radius:0px;border-top-right-radius:0px;border-bottom-right-radius:0px;border-bottom-left-radius:0px;}.kadence-column859_236595-53 > .kt-inside-inner-col{column-gap:var(--global-kb-gap-sm, 1rem);}.kadence-column859_236595-53 > .kt-inside-inner-col{flex-direction:column;}.kadence-column859_236595-53 > .kt-inside-inner-col > .aligncenter{width:100%;}.kadence-column859_236595-53 > .kt-inside-inner-col:before{opacity:0.3;}.kadence-column859_236595-53{position:relative;}@media all and (max-width: 1024px){.kadence-column859_236595-53 > .kt-inside-inner-col{flex-direction:column;justify-content:center;}}@media all and (max-width: 767px){.kadence-column859_236595-53 > .kt-inside-inner-col{flex-direction:column;justify-content:center;}}<\/style>\n<div class=\"wp-block-kadence-column kadence-column859_236595-53\"><div class=\"kt-inside-inner-col\">\n<figure data-wp-context=\"{&quot;imageId&quot;:&quot;69e3c0d2e680e&quot;}\" data-wp-interactive=\"core\/image\" data-wp-key=\"69e3c0d2e680e\" class=\"wp-block-image size-large wp-lightbox-container\"><img loading=\"lazy\" decoding=\"async\" width=\"645\" height=\"1024\" data-wp-class--hide=\"state.isContentHidden\" data-wp-class--show=\"state.isContentVisible\" data-wp-init=\"callbacks.setButtonStyles\" data-wp-on--click=\"actions.showLightbox\" data-wp-on--load=\"callbacks.setButtonStyles\" data-wp-on-window--resize=\"callbacks.setButtonStyles\" src=\"https:\/\/salamrassi.com\/wp-content\/uploads\/2024\/11\/sac12-645x1024.jpg\" alt=\"\" class=\"wp-image-406\" srcset=\"https:\/\/salamrassi.com\/wp-content\/uploads\/2024\/11\/sac12-645x1024.jpg 645w, https:\/\/salamrassi.com\/wp-content\/uploads\/2024\/11\/sac12-189x300.jpg 189w, https:\/\/salamrassi.com\/wp-content\/uploads\/2024\/11\/sac12-768x1219.jpg 768w, https:\/\/salamrassi.com\/wp-content\/uploads\/2024\/11\/sac12-8x12.jpg 8w, https:\/\/salamrassi.com\/wp-content\/uploads\/2024\/11\/sac12.jpg 840w\" sizes=\"auto, (max-width: 645px) 100vw, 645px\" \/><button\n\t\t\tclass=\"lightbox-trigger\"\n\t\t\ttype=\"button\"\n\t\t\taria-haspopup=\"dialog\"\n\t\t\taria-label=\"Enlarge\"\n\t\t\tdata-wp-init=\"callbacks.initTriggerButton\"\n\t\t\tdata-wp-on--click=\"actions.showLightbox\"\n\t\t\tdata-wp-style--right=\"state.imageButtonRight\"\n\t\t\tdata-wp-style--top=\"state.imageButtonTop\"\n\t\t>\n\t\t\t<svg xmlns=\"http:\/\/www.w3.org\/2000\/svg\" width=\"12\" height=\"12\" fill=\"none\" viewbox=\"0 0 12 12\">\n\t\t\t\t<path fill=\"#fff\" d=\"M2 0a2 2 0 0 0-2 2v2h1.5V2a.5.5 0 0 1 .5-.5h2V0H2Zm2 10.5H2a.5.5 0 0 1-.5-.5V8H0v2a2 2 0 0 0 2 2h2v-1.5ZM8 12v-1.5h2a.5.5 0 0 0 .5-.5V8H12v2a2 2 0 0 1-2 2H8Zm2-12a2 2 0 0 1 2 2v2h-1.5V2a.5.5 0 0 0-.5-.5H8V0h2Z\" \/>\n\t\t\t<\/svg>\n\t\t<\/button><\/figure>\n<\/div><\/div>\n\n\n<style>.kadence-column859_95486d-ed > .kt-inside-inner-col,.kadence-column859_95486d-ed > .kt-inside-inner-col:before{border-top-left-radius:0px;border-top-right-radius:0px;border-bottom-right-radius:0px;border-bottom-left-radius:0px;}.kadence-column859_95486d-ed > .kt-inside-inner-col{column-gap:var(--global-kb-gap-sm, 1rem);}.kadence-column859_95486d-ed > .kt-inside-inner-col{flex-direction:column;}.kadence-column859_95486d-ed > .kt-inside-inner-col > .aligncenter{width:100%;}.kadence-column859_95486d-ed > .kt-inside-inner-col:before{opacity:0.3;}.kadence-column859_95486d-ed{position:relative;}@media all and (max-width: 1024px){.kadence-column859_95486d-ed > .kt-inside-inner-col{flex-direction:column;justify-content:center;}}@media all and (max-width: 767px){.kadence-column859_95486d-ed > .kt-inside-inner-col{flex-direction:column;justify-content:center;}}<\/style>\n<div class=\"wp-block-kadence-column kadence-column859_95486d-ed\"><div class=\"kt-inside-inner-col\">\n<div class=\"wp-block-group is-layout-grid wp-container-core-group-is-layout-baef362d wp-block-group-is-layout-grid\"><style>.wp-block-kadence-spacer.kt-block-spacer-859_c722ff-af .kt-block-spacer{height:60px;}.wp-block-kadence-spacer.kt-block-spacer-859_c722ff-af .kt-divider{border-top-width:1px;height:1px;width:80%;border-top-style:solid;}<\/style>\n<div class=\"wp-block-kadence-spacer aligncenter kt-block-spacer-859_c722ff-af\"><div class=\"kt-block-spacer kt-block-spacer-halign-center\"><\/div><\/div>\n\n\n<style>.wp-block-kadence-spacer.kt-block-spacer-859_b8a37d-bb .kt-block-spacer{height:60px;}.wp-block-kadence-spacer.kt-block-spacer-859_b8a37d-bb .kt-divider{border-top-width:1px;height:1px;width:80%;border-top-style:solid;}<\/style>\n<div class=\"wp-block-kadence-spacer aligncenter kt-block-spacer-859_b8a37d-bb\"><div class=\"kt-block-spacer kt-block-spacer-halign-center\"><\/div><\/div>\n<\/div>\n<\/div><\/div>\n<\/div><\/div>\n\n\n<style>.kadence-column859_fa0b63-44 > .kt-inside-inner-col,.kadence-column859_fa0b63-44 > .kt-inside-inner-col:before{border-top-left-radius:0px;border-top-right-radius:0px;border-bottom-right-radius:0px;border-bottom-left-radius:0px;}.kadence-column859_fa0b63-44 > .kt-inside-inner-col{column-gap:var(--global-kb-gap-sm, 1rem);}.kadence-column859_fa0b63-44 > .kt-inside-inner-col{flex-direction:column;}.kadence-column859_fa0b63-44 > .kt-inside-inner-col > .aligncenter{width:100%;}.kadence-column859_fa0b63-44 > .kt-inside-inner-col:before{opacity:0.3;}.kadence-column859_fa0b63-44{position:relative;}@media all and (max-width: 1024px){.kadence-column859_fa0b63-44 > .kt-inside-inner-col{flex-direction:column;justify-content:center;}}@media all and (max-width: 767px){.kadence-column859_fa0b63-44 > .kt-inside-inner-col{flex-direction:column;justify-content:center;}}<\/style>\n<div class=\"wp-block-kadence-column kadence-column859_fa0b63-44\"><div class=\"kt-inside-inner-col\">\n<div style=\"height:24px\" aria-hidden=\"true\" class=\"wp-block-spacer\"><\/div>\n\n\n\n<h2 class=\"wp-block-heading has-large-font-size\">Nubuck<\/h2>\n\n\n\n<p class=\"has-text-align-left has-medium-font-size\">CA$ 240.00<\/p>\n\n\n\n<p class=\"has-text-align-left has-small-font-size\" style=\"font-style:normal;font-weight:300\">Chocolate-colored handbag with 2 exterior pockets, one on the back and one integrated into the flap. Note the natural contours of the leather skin on this piece.<\/p>\n\n\n\n<p><\/p>\n\n\n\n<ul class=\"wp-block-list\">\n<li class=\"has-small-font-size\" style=\"font-style:normal;font-weight:400\">Padbag<\/li>\n\n\n\n<li class=\"has-small-font-size\" style=\"font-style:normal;font-weight:400\">Composition: Cow leather and Red Fox fur, solid brass hardware.<\/li>\n\n\n\n<li class=\"has-small-font-size\" style=\"font-style:normal;font-weight:400\">Dimensions: 9\u2033 X 10-1\/2\u2033 X 3\u2033<\/li>\n<\/ul>\n<\/div><\/div>\n\n\n<style>.kadence-column859_a31f87-85 > .kt-inside-inner-col,.kadence-column859_a31f87-85 > .kt-inside-inner-col:before{border-top-left-radius:0px;border-top-right-radius:0px;border-bottom-right-radius:0px;border-bottom-left-radius:0px;}.kadence-column859_a31f87-85 > .kt-inside-inner-col{column-gap:var(--global-kb-gap-sm, 1rem);}.kadence-column859_a31f87-85 > .kt-inside-inner-col{flex-direction:column;}.kadence-column859_a31f87-85 > .kt-inside-inner-col > .aligncenter{width:100%;}.kadence-column859_a31f87-85 > .kt-inside-inner-col:before{opacity:0.3;}.kadence-column859_a31f87-85{position:relative;}@media all and (max-width: 1024px){.kadence-column859_a31f87-85 > .kt-inside-inner-col{flex-direction:column;justify-content:center;}}@media all and (max-width: 767px){.kadence-column859_a31f87-85 > .kt-inside-inner-col{flex-direction:column;justify-content:center;}}<\/style>\n<div class=\"wp-block-kadence-column kadence-column859_a31f87-85\"><div class=\"kt-inside-inner-col\"><\/div><\/div>\n\n<\/div><\/div>\n\n\n<p><\/p>","protected":false},"excerpt":{"rendered":"<p>Nubuck CA$ 240.00 Sac \u00e0 main couleur chocolat ayant 2 poches ext\u00e9rieures dont une au dos et une \u00e0 m\u00eame le rabat. Remarquez bien les contours naturels de la peau sur celui-ci.<\/p>","protected":false},"author":2,"featured_media":0,"parent":175,"menu_order":0,"comment_status":"closed","ping_status":"closed","template":"","meta":{"om_disable_all_campaigns":false,"_monsterinsights_skip_tracking":false,"_monsterinsights_sitenote_active":false,"_monsterinsights_sitenote_note":"","_monsterinsights_sitenote_category":0,"_kad_post_transparent":"","_kad_post_title":"","_kad_post_layout":"","_kad_post_sidebar_id":"","_kad_post_content_style":"","_kad_post_vertical_padding":"","_kad_post_feature":"","_kad_post_feature_position":"","_kad_post_header":false,"_kad_post_footer":false,"_kad_post_classname":"","footnotes":""},"class_list":["post-859","page","type-page","status-publish","hentry"],"aioseo_notices":[],"_links":{"self":[{"href":"https:\/\/salamrassi.com\/en\/wp-json\/wp\/v2\/pages\/859","targetHints":{"allow":["GET"]}}],"collection":[{"href":"https:\/\/salamrassi.com\/en\/wp-json\/wp\/v2\/pages"}],"about":[{"href":"https:\/\/salamrassi.com\/en\/wp-json\/wp\/v2\/types\/page"}],"author":[{"embeddable":true,"href":"https:\/\/salamrassi.com\/en\/wp-json\/wp\/v2\/users\/2"}],"replies":[{"embeddable":true,"href":"https:\/\/salamrassi.com\/en\/wp-json\/wp\/v2\/comments?post=859"}],"version-history":[{"count":5,"href":"https:\/\/salamrassi.com\/en\/wp-json\/wp\/v2\/pages\/859\/revisions"}],"predecessor-version":[{"id":1475,"href":"https:\/\/salamrassi.com\/en\/wp-json\/wp\/v2\/pages\/859\/revisions\/1475"}],"up":[{"embeddable":true,"href":"https:\/\/salamrassi.com\/en\/wp-json\/wp\/v2\/pages\/175"}],"wp:attachment":[{"href":"https:\/\/salamrassi.com\/en\/wp-json\/wp\/v2\/media?parent=859"}],"curies":[{"name":"wp","href":"https:\/\/api.w.org\/{rel}","templated":true}]}}