{"id":875,"date":"2024-11-28T14:31:03","date_gmt":"2024-11-28T14:31:03","guid":{"rendered":"https:\/\/salamrassi.com\/?page_id=875"},"modified":"2025-01-11T15:17:29","modified_gmt":"2025-01-11T15:17:29","slug":"cuir-embosse","status":"publish","type":"page","link":"https:\/\/salamrassi.com\/en\/sacs\/cuir-embosse\/","title":{"rendered":"MAILBAG EMBOSSED LEATHER"},"content":{"rendered":"<div style=\"height:75px\" aria-hidden=\"true\" class=\"wp-block-spacer colored-spacer\"><\/div>\n\n\n\n<div style=\"height:30px\" aria-hidden=\"true\" class=\"wp-block-spacer\"><\/div>\n\n\n\n<p class=\"has-text-align-center\"><\/p>\n\n\n<style>.kb-row-layout-id875_006ab1-d9 > .kt-row-column-wrap{align-content:start;}:where(.kb-row-layout-id875_006ab1-d9 > .kt-row-column-wrap) > .wp-block-kadence-column{justify-content:start;}.kb-row-layout-id875_006ab1-d9 > .kt-row-column-wrap{column-gap:var(--global-kb-gap-md, 2rem);row-gap:var(--global-kb-gap-md, 2rem);padding-top:var(--global-kb-spacing-sm, 1.5rem);padding-bottom:var(--global-kb-spacing-sm, 1.5rem);grid-template-columns:minmax(0, calc(10% - ((var(--global-kb-gap-md, 2rem) * 2 )\/3)))minmax(0, calc(75% - ((var(--global-kb-gap-md, 2rem) * 2 )\/3)))minmax(0, calc(15% - ((var(--global-kb-gap-md, 2rem) * 2 )\/3)));}.kb-row-layout-id875_006ab1-d9 > .kt-row-layout-overlay{opacity:0.30;}@media all and (max-width: 1024px){.kb-row-layout-id875_006ab1-d9 > .kt-row-column-wrap > div:not(.added-for-specificity){grid-column:initial;}}@media all and (max-width: 1024px){.kb-row-layout-id875_006ab1-d9 > .kt-row-column-wrap{grid-template-columns:minmax(0, 1fr) minmax(0, 6fr) minmax(0, 1fr);}}@media all and (max-width: 767px){.kb-row-layout-id875_006ab1-d9 > .kt-row-column-wrap > div:not(.added-for-specificity){grid-column:initial;}.kb-row-layout-id875_006ab1-d9 > .kt-row-column-wrap{grid-template-columns:minmax(0, 1fr);}}<\/style><div class=\"kb-row-layout-wrap kb-row-layout-id875_006ab1-d9 alignnone wp-block-kadence-rowlayout\"><div class=\"kt-row-column-wrap kt-has-3-columns kt-row-layout-center-exwide kt-tab-layout-inherit kt-mobile-layout-row kt-row-valign-top\">\n<style>.kadence-column875_6963d4-7a > .kt-inside-inner-col,.kadence-column875_6963d4-7a > .kt-inside-inner-col:before{border-top-left-radius:0px;border-top-right-radius:0px;border-bottom-right-radius:0px;border-bottom-left-radius:0px;}.kadence-column875_6963d4-7a > .kt-inside-inner-col{column-gap:var(--global-kb-gap-sm, 1rem);}.kadence-column875_6963d4-7a > .kt-inside-inner-col{flex-direction:column;}.kadence-column875_6963d4-7a > .kt-inside-inner-col > .aligncenter{width:100%;}.kadence-column875_6963d4-7a > .kt-inside-inner-col:before{opacity:0.3;}.kadence-column875_6963d4-7a{position:relative;}@media all and (max-width: 1024px){.kadence-column875_6963d4-7a > .kt-inside-inner-col{flex-direction:column;justify-content:center;}}@media all and (max-width: 767px){.kadence-column875_6963d4-7a > .kt-inside-inner-col{flex-direction:column;justify-content:center;}}<\/style>\n<div class=\"wp-block-kadence-column kadence-column875_6963d4-7a\"><div class=\"kt-inside-inner-col\"><\/div><\/div>\n\n\n<style>.kadence-column875_c0ec5f-3e > .kt-inside-inner-col,.kadence-column875_c0ec5f-3e > .kt-inside-inner-col:before{border-top-left-radius:0px;border-top-right-radius:0px;border-bottom-right-radius:0px;border-bottom-left-radius:0px;}.kadence-column875_c0ec5f-3e > .kt-inside-inner-col{column-gap:var(--global-kb-gap-sm, 1rem);}.kadence-column875_c0ec5f-3e > .kt-inside-inner-col{flex-direction:column;}.kadence-column875_c0ec5f-3e > .kt-inside-inner-col > .aligncenter{width:100%;}.kadence-column875_c0ec5f-3e > .kt-inside-inner-col:before{opacity:0.3;}.kadence-column875_c0ec5f-3e{position:relative;}@media all and (max-width: 1024px){.kadence-column875_c0ec5f-3e > .kt-inside-inner-col{flex-direction:column;justify-content:center;}}@media all and (max-width: 767px){.kadence-column875_c0ec5f-3e > .kt-inside-inner-col{padding-left:var(--global-kb-spacing-sm, 1.5rem);flex-direction:column;justify-content:center;}}<\/style>\n<div class=\"wp-block-kadence-column kadence-column875_c0ec5f-3e\"><div class=\"kt-inside-inner-col\"><div class=\"aioseo-breadcrumbs\"><span class=\"aioseo-breadcrumb\">\n\t\t\t<a href=\"https:\/\/salamrassi.com\/en\" title=\"Home\">Home<\/a>\n\t\t<\/span><\/div><\/div><\/div>\n\n\n<style>.kadence-column875_2ab291-c3 > .kt-inside-inner-col,.kadence-column875_2ab291-c3 > .kt-inside-inner-col:before{border-top-left-radius:0px;border-top-right-radius:0px;border-bottom-right-radius:0px;border-bottom-left-radius:0px;}.kadence-column875_2ab291-c3 > .kt-inside-inner-col{column-gap:var(--global-kb-gap-sm, 1rem);}.kadence-column875_2ab291-c3 > .kt-inside-inner-col{flex-direction:column;}.kadence-column875_2ab291-c3 > .kt-inside-inner-col > .aligncenter{width:100%;}.kadence-column875_2ab291-c3 > .kt-inside-inner-col:before{opacity:0.3;}.kadence-column875_2ab291-c3{position:relative;}@media all and (max-width: 1024px){.kadence-column875_2ab291-c3 > .kt-inside-inner-col{flex-direction:column;justify-content:center;}}@media all and (max-width: 767px){.kadence-column875_2ab291-c3 > .kt-inside-inner-col{flex-direction:column;justify-content:center;}}<\/style>\n<div class=\"wp-block-kadence-column kadence-column875_2ab291-c3\"><div class=\"kt-inside-inner-col\"><\/div><\/div>\n\n<\/div><\/div>\n\n<style>.kb-row-layout-id875_7fb92f-2d > .kt-row-column-wrap{align-content:start;}:where(.kb-row-layout-id875_7fb92f-2d > .kt-row-column-wrap) > .wp-block-kadence-column{justify-content:start;}.kb-row-layout-id875_7fb92f-2d > .kt-row-column-wrap{column-gap:var(--global-kb-gap-md, 2rem);row-gap:var(--global-kb-gap-md, 2rem);padding-top:var(--global-kb-spacing-sm, 1.5rem);padding-bottom:var(--global-kb-spacing-sm, 1.5rem);grid-template-columns:minmax(0, calc(10% - ((var(--global-kb-gap-md, 2rem) * 3 )\/4)))minmax(0, calc(57.4% - ((var(--global-kb-gap-md, 2rem) * 3 )\/4)))minmax(0, calc(22.6% - ((var(--global-kb-gap-md, 2rem) * 3 )\/4)))minmax(0, calc(10% - ((var(--global-kb-gap-md, 2rem) * 3 )\/4)));}.kb-row-layout-id875_7fb92f-2d > .kt-row-layout-overlay{opacity:0.30;}@media all and (max-width: 1024px){.kb-row-layout-id875_7fb92f-2d > .kt-row-column-wrap > div:not(.added-for-specificity){grid-column:initial;}}@media all and (max-width: 1024px){.kb-row-layout-id875_7fb92f-2d > .kt-row-column-wrap{grid-template-columns:repeat(4, minmax(0, 1fr));}}@media all and (max-width: 767px){.kb-row-layout-id875_7fb92f-2d > .kt-row-column-wrap{padding-right:var(--global-kb-spacing-xs, 1rem);padding-left:var(--global-kb-spacing-xs, 1rem);grid-template-columns:minmax(0, 1fr);}.kb-row-layout-id875_7fb92f-2d > .kt-row-column-wrap > div:not(.added-for-specificity){grid-column:initial;}}<\/style><div class=\"kb-row-layout-wrap kb-row-layout-id875_7fb92f-2d alignnone wp-block-kadence-rowlayout\"><div class=\"kt-row-column-wrap kt-has-4-columns kt-row-layout-equal kt-tab-layout-inherit kt-mobile-layout-row kt-row-valign-top\">\n<style>.kadence-column875_d3be67-11 > .kt-inside-inner-col,.kadence-column875_d3be67-11 > .kt-inside-inner-col:before{border-top-left-radius:0px;border-top-right-radius:0px;border-bottom-right-radius:0px;border-bottom-left-radius:0px;}.kadence-column875_d3be67-11 > .kt-inside-inner-col{column-gap:var(--global-kb-gap-sm, 1rem);}.kadence-column875_d3be67-11 > .kt-inside-inner-col{flex-direction:column;}.kadence-column875_d3be67-11 > .kt-inside-inner-col > .aligncenter{width:100%;}.kadence-column875_d3be67-11 > .kt-inside-inner-col:before{opacity:0.3;}.kadence-column875_d3be67-11{position:relative;}@media all and (max-width: 1024px){.kadence-column875_d3be67-11 > .kt-inside-inner-col{flex-direction:column;justify-content:center;}}@media all and (max-width: 767px){.kadence-column875_d3be67-11 > .kt-inside-inner-col{flex-direction:column;justify-content:center;}}<\/style>\n<div class=\"wp-block-kadence-column kadence-column875_d3be67-11\"><div class=\"kt-inside-inner-col\"><\/div><\/div>\n\n\n<style>.kadence-column875_5f1d53-48 > .kt-inside-inner-col,.kadence-column875_5f1d53-48 > .kt-inside-inner-col:before{border-top-left-radius:0px;border-top-right-radius:0px;border-bottom-right-radius:0px;border-bottom-left-radius:0px;}.kadence-column875_5f1d53-48 > .kt-inside-inner-col{column-gap:var(--global-kb-gap-sm, 1rem);}.kadence-column875_5f1d53-48 > .kt-inside-inner-col{flex-direction:column;}.kadence-column875_5f1d53-48 > .kt-inside-inner-col > .aligncenter{width:100%;}.kadence-column875_5f1d53-48 > .kt-inside-inner-col:before{opacity:0.3;}.kadence-column875_5f1d53-48{position:relative;}@media all and (max-width: 1024px){.kadence-column875_5f1d53-48 > .kt-inside-inner-col{flex-direction:column;justify-content:center;}}@media all and (max-width: 767px){.kadence-column875_5f1d53-48 > .kt-inside-inner-col{flex-direction:column;justify-content:center;}}<\/style>\n<div class=\"wp-block-kadence-column kadence-column875_5f1d53-48\"><div class=\"kt-inside-inner-col\"><style>.kadence-column875_f2b1e0-b4 > .kt-inside-inner-col,.kadence-column875_f2b1e0-b4 > .kt-inside-inner-col:before{border-top-left-radius:0px;border-top-right-radius:0px;border-bottom-right-radius:0px;border-bottom-left-radius:0px;}.kadence-column875_f2b1e0-b4 > .kt-inside-inner-col{column-gap:var(--global-kb-gap-sm, 1rem);}.kadence-column875_f2b1e0-b4 > .kt-inside-inner-col{flex-direction:column;}.kadence-column875_f2b1e0-b4 > .kt-inside-inner-col > .aligncenter{width:100%;}.kadence-column875_f2b1e0-b4 > .kt-inside-inner-col:before{opacity:0.3;}.kadence-column875_f2b1e0-b4{position:relative;}@media all and (max-width: 1024px){.kadence-column875_f2b1e0-b4 > .kt-inside-inner-col{flex-direction:column;justify-content:center;}}@media all and (max-width: 767px){.kadence-column875_f2b1e0-b4 > .kt-inside-inner-col{flex-direction:column;justify-content:center;}}<\/style>\n<div class=\"wp-block-kadence-column kadence-column875_f2b1e0-b4\"><div class=\"kt-inside-inner-col\">\n<figure data-wp-context=\"{&quot;imageId&quot;:&quot;69e3c580268c8&quot;}\" data-wp-interactive=\"core\/image\" data-wp-key=\"69e3c580268c8\" class=\"wp-block-image size-large wp-lightbox-container\"><img loading=\"lazy\" decoding=\"async\" width=\"645\" height=\"1024\" data-wp-class--hide=\"state.isContentHidden\" data-wp-class--show=\"state.isContentVisible\" data-wp-init=\"callbacks.setButtonStyles\" data-wp-on--click=\"actions.showLightbox\" data-wp-on--load=\"callbacks.setButtonStyles\" data-wp-on-window--resize=\"callbacks.setButtonStyles\" src=\"https:\/\/salamrassi.com\/wp-content\/uploads\/2024\/11\/sac11-645x1024.jpg\" alt=\"\" class=\"wp-image-415\" srcset=\"https:\/\/salamrassi.com\/wp-content\/uploads\/2024\/11\/sac11-645x1024.jpg 645w, https:\/\/salamrassi.com\/wp-content\/uploads\/2024\/11\/sac11-189x300.jpg 189w, https:\/\/salamrassi.com\/wp-content\/uploads\/2024\/11\/sac11-768x1219.jpg 768w, https:\/\/salamrassi.com\/wp-content\/uploads\/2024\/11\/sac11-8x12.jpg 8w, https:\/\/salamrassi.com\/wp-content\/uploads\/2024\/11\/sac11.jpg 840w\" sizes=\"auto, (max-width: 645px) 100vw, 645px\" \/><button\n\t\t\tclass=\"lightbox-trigger\"\n\t\t\ttype=\"button\"\n\t\t\taria-haspopup=\"dialog\"\n\t\t\taria-label=\"Enlarge\"\n\t\t\tdata-wp-init=\"callbacks.initTriggerButton\"\n\t\t\tdata-wp-on--click=\"actions.showLightbox\"\n\t\t\tdata-wp-style--right=\"state.imageButtonRight\"\n\t\t\tdata-wp-style--top=\"state.imageButtonTop\"\n\t\t>\n\t\t\t<svg xmlns=\"http:\/\/www.w3.org\/2000\/svg\" width=\"12\" height=\"12\" fill=\"none\" viewbox=\"0 0 12 12\">\n\t\t\t\t<path fill=\"#fff\" d=\"M2 0a2 2 0 0 0-2 2v2h1.5V2a.5.5 0 0 1 .5-.5h2V0H2Zm2 10.5H2a.5.5 0 0 1-.5-.5V8H0v2a2 2 0 0 0 2 2h2v-1.5ZM8 12v-1.5h2a.5.5 0 0 0 .5-.5V8H12v2a2 2 0 0 1-2 2H8Zm2-12a2 2 0 0 1 2 2v2h-1.5V2a.5.5 0 0 0-.5-.5H8V0h2Z\" \/>\n\t\t\t<\/svg>\n\t\t<\/button><\/figure>\n<\/div><\/div>\n\n\n<style>.kadence-column875_68f3eb-72 > .kt-inside-inner-col,.kadence-column875_68f3eb-72 > .kt-inside-inner-col:before{border-top-left-radius:0px;border-top-right-radius:0px;border-bottom-right-radius:0px;border-bottom-left-radius:0px;}.kadence-column875_68f3eb-72 > .kt-inside-inner-col{column-gap:var(--global-kb-gap-sm, 1rem);}.kadence-column875_68f3eb-72 > .kt-inside-inner-col{flex-direction:column;}.kadence-column875_68f3eb-72 > .kt-inside-inner-col > .aligncenter{width:100%;}.kadence-column875_68f3eb-72 > .kt-inside-inner-col:before{opacity:0.3;}.kadence-column875_68f3eb-72{position:relative;}@media all and (max-width: 1024px){.kadence-column875_68f3eb-72 > .kt-inside-inner-col{flex-direction:column;justify-content:center;}}@media all and (max-width: 767px){.kadence-column875_68f3eb-72 > .kt-inside-inner-col{flex-direction:column;justify-content:center;}}<\/style>\n<div class=\"wp-block-kadence-column kadence-column875_68f3eb-72\"><div class=\"kt-inside-inner-col\">\n<div class=\"wp-block-group is-layout-grid wp-container-core-group-is-layout-baef362d wp-block-group-is-layout-grid\"><style>.wp-block-kadence-spacer.kt-block-spacer-875_6873f5-82 .kt-block-spacer{height:60px;}.wp-block-kadence-spacer.kt-block-spacer-875_6873f5-82 .kt-divider{border-top-width:1px;height:1px;width:80%;border-top-style:solid;}<\/style>\n<div class=\"wp-block-kadence-spacer aligncenter kt-block-spacer-875_6873f5-82\"><div class=\"kt-block-spacer kt-block-spacer-halign-center\"><\/div><\/div>\n\n\n<style>.wp-block-kadence-spacer.kt-block-spacer-875_d115f9-ad .kt-block-spacer{height:60px;}.wp-block-kadence-spacer.kt-block-spacer-875_d115f9-ad .kt-divider{border-top-width:1px;height:1px;width:80%;border-top-style:solid;}<\/style>\n<div class=\"wp-block-kadence-spacer aligncenter kt-block-spacer-875_d115f9-ad\"><div class=\"kt-block-spacer kt-block-spacer-halign-center\"><\/div><\/div>\n<\/div>\n<\/div><\/div>\n<\/div><\/div>\n\n\n<style>.kadence-column875_d2ceb7-aa > .kt-inside-inner-col,.kadence-column875_d2ceb7-aa > .kt-inside-inner-col:before{border-top-left-radius:0px;border-top-right-radius:0px;border-bottom-right-radius:0px;border-bottom-left-radius:0px;}.kadence-column875_d2ceb7-aa > .kt-inside-inner-col{column-gap:var(--global-kb-gap-sm, 1rem);}.kadence-column875_d2ceb7-aa > .kt-inside-inner-col{flex-direction:column;}.kadence-column875_d2ceb7-aa > .kt-inside-inner-col > .aligncenter{width:100%;}.kadence-column875_d2ceb7-aa > .kt-inside-inner-col:before{opacity:0.3;}.kadence-column875_d2ceb7-aa{position:relative;}@media all and (max-width: 1024px){.kadence-column875_d2ceb7-aa > .kt-inside-inner-col{flex-direction:column;justify-content:center;}}@media all and (max-width: 767px){.kadence-column875_d2ceb7-aa > .kt-inside-inner-col{flex-direction:column;justify-content:center;}}<\/style>\n<div class=\"wp-block-kadence-column kadence-column875_d2ceb7-aa\"><div class=\"kt-inside-inner-col\">\n<div style=\"height:24px\" aria-hidden=\"true\" class=\"wp-block-spacer\"><\/div>\n\n\n\n<h2 class=\"wp-block-heading has-large-font-size\">Embossed leather<\/h2>\n\n\n\n<p class=\"has-text-align-left has-medium-font-size\">CA$ 280.00<\/p>\n\n\n\n<p class=\"has-text-align-left has-small-font-size\" style=\"font-style:normal;font-weight:300\">Special order.<\/p>\n\n\n\n<p class=\"has-text-align-left has-small-font-size\" style=\"font-style:normal;font-weight:300\">Versatile leather handbag\/satchel with interior separation and an integrated flap. Possibility to add a an interchangeable fur flap of your choice (price to be discussed).<\/p>\n\n\n\n<p><\/p>\n\n\n\n<ul class=\"wp-block-list\">\n<li class=\"has-small-font-size\" style=\"font-style:normal;font-weight:400\">Mailbag<\/li>\n\n\n\n<li class=\"has-small-font-size\" style=\"font-style:normal;font-weight:400\">Composition: Cow leather and stainless steel hardware.<\/li>\n\n\n\n<li class=\"has-small-font-size\" style=\"font-style:normal;font-weight:400\">Dimensions: 10&Prime; X 10-1\/2&Prime; X 3&Prime;<\/li>\n<\/ul>\n<\/div><\/div>\n\n\n<style>.kadence-column875_778be9-23 > .kt-inside-inner-col,.kadence-column875_778be9-23 > .kt-inside-inner-col:before{border-top-left-radius:0px;border-top-right-radius:0px;border-bottom-right-radius:0px;border-bottom-left-radius:0px;}.kadence-column875_778be9-23 > .kt-inside-inner-col{column-gap:var(--global-kb-gap-sm, 1rem);}.kadence-column875_778be9-23 > .kt-inside-inner-col{flex-direction:column;}.kadence-column875_778be9-23 > .kt-inside-inner-col > .aligncenter{width:100%;}.kadence-column875_778be9-23 > .kt-inside-inner-col:before{opacity:0.3;}.kadence-column875_778be9-23{position:relative;}@media all and (max-width: 1024px){.kadence-column875_778be9-23 > .kt-inside-inner-col{flex-direction:column;justify-content:center;}}@media all and (max-width: 767px){.kadence-column875_778be9-23 > .kt-inside-inner-col{flex-direction:column;justify-content:center;}}<\/style>\n<div class=\"wp-block-kadence-column kadence-column875_778be9-23\"><div class=\"kt-inside-inner-col\"><\/div><\/div>\n\n<\/div><\/div>\n\n\n<p><\/p>","protected":false},"excerpt":{"rendered":"<p>Cuir Emboss\u00e9 CA$ 280.00 Commande sp\u00e9ciale. Sac \u00e0 main polyvalent avec s\u00e9paration int\u00e9rieure, dot\u00e9 d&rsquo;un rabat en cuir.<\/p>","protected":false},"author":2,"featured_media":0,"parent":175,"menu_order":0,"comment_status":"closed","ping_status":"closed","template":"","meta":{"om_disable_all_campaigns":false,"_monsterinsights_skip_tracking":false,"_monsterinsights_sitenote_active":false,"_monsterinsights_sitenote_note":"","_monsterinsights_sitenote_category":0,"_kad_post_transparent":"","_kad_post_title":"","_kad_post_layout":"","_kad_post_sidebar_id":"","_kad_post_content_style":"","_kad_post_vertical_padding":"","_kad_post_feature":"","_kad_post_feature_position":"","_kad_post_header":false,"_kad_post_footer":false,"_kad_post_classname":"","footnotes":""},"class_list":["post-875","page","type-page","status-publish","hentry"],"aioseo_notices":[],"_links":{"self":[{"href":"https:\/\/salamrassi.com\/en\/wp-json\/wp\/v2\/pages\/875","targetHints":{"allow":["GET"]}}],"collection":[{"href":"https:\/\/salamrassi.com\/en\/wp-json\/wp\/v2\/pages"}],"about":[{"href":"https:\/\/salamrassi.com\/en\/wp-json\/wp\/v2\/types\/page"}],"author":[{"embeddable":true,"href":"https:\/\/salamrassi.com\/en\/wp-json\/wp\/v2\/users\/2"}],"replies":[{"embeddable":true,"href":"https:\/\/salamrassi.com\/en\/wp-json\/wp\/v2\/comments?post=875"}],"version-history":[{"count":3,"href":"https:\/\/salamrassi.com\/en\/wp-json\/wp\/v2\/pages\/875\/revisions"}],"predecessor-version":[{"id":1468,"href":"https:\/\/salamrassi.com\/en\/wp-json\/wp\/v2\/pages\/875\/revisions\/1468"}],"up":[{"embeddable":true,"href":"https:\/\/salamrassi.com\/en\/wp-json\/wp\/v2\/pages\/175"}],"wp:attachment":[{"href":"https:\/\/salamrassi.com\/en\/wp-json\/wp\/v2\/media?parent=875"}],"curies":[{"name":"wp","href":"https:\/\/api.w.org\/{rel}","templated":true}]}}