{"id":900,"date":"2024-11-28T15:17:25","date_gmt":"2024-11-28T15:17:25","guid":{"rendered":"https:\/\/salamrassi.com\/?page_id=900"},"modified":"2025-09-06T18:30:25","modified_gmt":"2025-09-06T18:30:25","slug":"noyer-noir-topographie","status":"publish","type":"page","link":"https:\/\/salamrassi.com\/en\/planches\/noyer-noir-topographie\/","title":{"rendered":"BLACK WALNUT TOPOGRAPHY"},"content":{"rendered":"<div style=\"height:75px\" aria-hidden=\"true\" class=\"wp-block-spacer colored-spacer\"><\/div>\n\n\n\n<div style=\"height:30px\" aria-hidden=\"true\" class=\"wp-block-spacer\"><\/div>\n\n\n\n<p class=\"has-text-align-center\"><\/p>\n\n\n<style>.kb-row-layout-id900_cb62bd-cd > .kt-row-column-wrap{align-content:start;}:where(.kb-row-layout-id900_cb62bd-cd > .kt-row-column-wrap) > .wp-block-kadence-column{justify-content:start;}.kb-row-layout-id900_cb62bd-cd > .kt-row-column-wrap{column-gap:var(--global-kb-gap-md, 2rem);row-gap:var(--global-kb-gap-md, 2rem);padding-top:var(--global-kb-spacing-sm, 1.5rem);padding-bottom:var(--global-kb-spacing-sm, 1.5rem);grid-template-columns:minmax(0, calc(10% - ((var(--global-kb-gap-md, 2rem) * 2 )\/3)))minmax(0, calc(75% - ((var(--global-kb-gap-md, 2rem) * 2 )\/3)))minmax(0, calc(15% - ((var(--global-kb-gap-md, 2rem) * 2 )\/3)));}.kb-row-layout-id900_cb62bd-cd > .kt-row-layout-overlay{opacity:0.30;}@media all and (max-width: 1024px){.kb-row-layout-id900_cb62bd-cd > .kt-row-column-wrap > div:not(.added-for-specificity){grid-column:initial;}}@media all and (max-width: 1024px){.kb-row-layout-id900_cb62bd-cd > .kt-row-column-wrap{grid-template-columns:minmax(0, 1fr) minmax(0, 6fr) minmax(0, 1fr);}}@media all and (max-width: 767px){.kb-row-layout-id900_cb62bd-cd > .kt-row-column-wrap > div:not(.added-for-specificity){grid-column:initial;}.kb-row-layout-id900_cb62bd-cd > .kt-row-column-wrap{grid-template-columns:minmax(0, 1fr);}}<\/style><div class=\"kb-row-layout-wrap kb-row-layout-id900_cb62bd-cd alignnone wp-block-kadence-rowlayout\"><div class=\"kt-row-column-wrap kt-has-3-columns kt-row-layout-center-exwide kt-tab-layout-inherit kt-mobile-layout-row kt-row-valign-top\">\n<style>.kadence-column900_c2a742-ab > .kt-inside-inner-col,.kadence-column900_c2a742-ab > .kt-inside-inner-col:before{border-top-left-radius:0px;border-top-right-radius:0px;border-bottom-right-radius:0px;border-bottom-left-radius:0px;}.kadence-column900_c2a742-ab > .kt-inside-inner-col{column-gap:var(--global-kb-gap-sm, 1rem);}.kadence-column900_c2a742-ab > .kt-inside-inner-col{flex-direction:column;}.kadence-column900_c2a742-ab > .kt-inside-inner-col > .aligncenter{width:100%;}.kadence-column900_c2a742-ab > .kt-inside-inner-col:before{opacity:0.3;}.kadence-column900_c2a742-ab{position:relative;}@media all and (max-width: 1024px){.kadence-column900_c2a742-ab > .kt-inside-inner-col{flex-direction:column;justify-content:center;}}@media all and (max-width: 767px){.kadence-column900_c2a742-ab > .kt-inside-inner-col{flex-direction:column;justify-content:center;}}<\/style>\n<div class=\"wp-block-kadence-column kadence-column900_c2a742-ab\"><div class=\"kt-inside-inner-col\"><\/div><\/div>\n\n\n<style>.kadence-column900_83910c-00 > .kt-inside-inner-col,.kadence-column900_83910c-00 > .kt-inside-inner-col:before{border-top-left-radius:0px;border-top-right-radius:0px;border-bottom-right-radius:0px;border-bottom-left-radius:0px;}.kadence-column900_83910c-00 > .kt-inside-inner-col{column-gap:var(--global-kb-gap-sm, 1rem);}.kadence-column900_83910c-00 > .kt-inside-inner-col{flex-direction:column;}.kadence-column900_83910c-00 > .kt-inside-inner-col > .aligncenter{width:100%;}.kadence-column900_83910c-00 > .kt-inside-inner-col:before{opacity:0.3;}.kadence-column900_83910c-00{position:relative;}@media all and (max-width: 1024px){.kadence-column900_83910c-00 > .kt-inside-inner-col{flex-direction:column;justify-content:center;}}@media all and (max-width: 767px){.kadence-column900_83910c-00 > .kt-inside-inner-col{padding-left:var(--global-kb-spacing-sm, 1.5rem);flex-direction:column;justify-content:center;}}<\/style>\n<div class=\"wp-block-kadence-column kadence-column900_83910c-00\"><div class=\"kt-inside-inner-col\"><div class=\"aioseo-breadcrumbs\"><span class=\"aioseo-breadcrumb\">\n\t\t\t<a href=\"https:\/\/salamrassi.com\/en\" title=\"Home\">Home<\/a>\n\t\t<\/span><\/div><\/div><\/div>\n\n\n<style>.kadence-column900_e47be8-9e > .kt-inside-inner-col,.kadence-column900_e47be8-9e > .kt-inside-inner-col:before{border-top-left-radius:0px;border-top-right-radius:0px;border-bottom-right-radius:0px;border-bottom-left-radius:0px;}.kadence-column900_e47be8-9e > .kt-inside-inner-col{column-gap:var(--global-kb-gap-sm, 1rem);}.kadence-column900_e47be8-9e > .kt-inside-inner-col{flex-direction:column;}.kadence-column900_e47be8-9e > .kt-inside-inner-col > .aligncenter{width:100%;}.kadence-column900_e47be8-9e > .kt-inside-inner-col:before{opacity:0.3;}.kadence-column900_e47be8-9e{position:relative;}@media all and (max-width: 1024px){.kadence-column900_e47be8-9e > .kt-inside-inner-col{flex-direction:column;justify-content:center;}}@media all and (max-width: 767px){.kadence-column900_e47be8-9e > .kt-inside-inner-col{flex-direction:column;justify-content:center;}}<\/style>\n<div class=\"wp-block-kadence-column kadence-column900_e47be8-9e\"><div class=\"kt-inside-inner-col\"><\/div><\/div>\n\n<\/div><\/div>\n\n<style>.kb-row-layout-id900_bbc30b-3b > .kt-row-column-wrap{align-content:start;}:where(.kb-row-layout-id900_bbc30b-3b > .kt-row-column-wrap) > .wp-block-kadence-column{justify-content:start;}.kb-row-layout-id900_bbc30b-3b > .kt-row-column-wrap{column-gap:var(--global-kb-gap-md, 2rem);row-gap:var(--global-kb-gap-md, 2rem);padding-top:var(--global-kb-spacing-sm, 1.5rem);padding-bottom:var(--global-kb-spacing-sm, 1.5rem);grid-template-columns:minmax(0, calc(10% - ((var(--global-kb-gap-md, 2rem) * 3 )\/4)))minmax(0, calc(57.4% - ((var(--global-kb-gap-md, 2rem) * 3 )\/4)))minmax(0, calc(22.6% - ((var(--global-kb-gap-md, 2rem) * 3 )\/4)))minmax(0, calc(10% - ((var(--global-kb-gap-md, 2rem) * 3 )\/4)));}.kb-row-layout-id900_bbc30b-3b > .kt-row-layout-overlay{opacity:0.30;}@media all and (max-width: 1024px){.kb-row-layout-id900_bbc30b-3b > .kt-row-column-wrap > div:not(.added-for-specificity){grid-column:initial;}}@media all and (max-width: 1024px){.kb-row-layout-id900_bbc30b-3b > .kt-row-column-wrap{grid-template-columns:repeat(4, minmax(0, 1fr));}}@media all and (max-width: 767px){.kb-row-layout-id900_bbc30b-3b > .kt-row-column-wrap{padding-right:var(--global-kb-spacing-xs, 1rem);padding-left:var(--global-kb-spacing-xs, 1rem);grid-template-columns:minmax(0, 1fr);}.kb-row-layout-id900_bbc30b-3b > .kt-row-column-wrap > div:not(.added-for-specificity){grid-column:initial;}}<\/style><div class=\"kb-row-layout-wrap kb-row-layout-id900_bbc30b-3b alignnone wp-block-kadence-rowlayout\"><div class=\"kt-row-column-wrap kt-has-4-columns kt-row-layout-equal kt-tab-layout-inherit kt-mobile-layout-row kt-row-valign-top\">\n<style>.kadence-column900_3fb120-0e > .kt-inside-inner-col,.kadence-column900_3fb120-0e > .kt-inside-inner-col:before{border-top-left-radius:0px;border-top-right-radius:0px;border-bottom-right-radius:0px;border-bottom-left-radius:0px;}.kadence-column900_3fb120-0e > .kt-inside-inner-col{column-gap:var(--global-kb-gap-sm, 1rem);}.kadence-column900_3fb120-0e > .kt-inside-inner-col{flex-direction:column;}.kadence-column900_3fb120-0e > .kt-inside-inner-col > .aligncenter{width:100%;}.kadence-column900_3fb120-0e > .kt-inside-inner-col:before{opacity:0.3;}.kadence-column900_3fb120-0e{position:relative;}@media all and (max-width: 1024px){.kadence-column900_3fb120-0e > .kt-inside-inner-col{flex-direction:column;justify-content:center;}}@media all and (max-width: 767px){.kadence-column900_3fb120-0e > .kt-inside-inner-col{flex-direction:column;justify-content:center;}}<\/style>\n<div class=\"wp-block-kadence-column kadence-column900_3fb120-0e\"><div class=\"kt-inside-inner-col\"><\/div><\/div>\n\n\n<style>.kadence-column900_d0187a-29 > .kt-inside-inner-col,.kadence-column900_d0187a-29 > .kt-inside-inner-col:before{border-top-left-radius:0px;border-top-right-radius:0px;border-bottom-right-radius:0px;border-bottom-left-radius:0px;}.kadence-column900_d0187a-29 > .kt-inside-inner-col{column-gap:var(--global-kb-gap-sm, 1rem);}.kadence-column900_d0187a-29 > .kt-inside-inner-col{flex-direction:column;}.kadence-column900_d0187a-29 > .kt-inside-inner-col > .aligncenter{width:100%;}.kadence-column900_d0187a-29 > .kt-inside-inner-col:before{opacity:0.3;}.kadence-column900_d0187a-29{position:relative;}@media all and (max-width: 1024px){.kadence-column900_d0187a-29 > .kt-inside-inner-col{flex-direction:column;justify-content:center;}}@media all and (max-width: 767px){.kadence-column900_d0187a-29 > .kt-inside-inner-col{flex-direction:column;justify-content:center;}}<\/style>\n<div class=\"wp-block-kadence-column kadence-column900_d0187a-29\"><div class=\"kt-inside-inner-col\"><style>.kadence-column900_cd6626-25 > .kt-inside-inner-col,.kadence-column900_cd6626-25 > .kt-inside-inner-col:before{border-top-left-radius:0px;border-top-right-radius:0px;border-bottom-right-radius:0px;border-bottom-left-radius:0px;}.kadence-column900_cd6626-25 > .kt-inside-inner-col{column-gap:var(--global-kb-gap-sm, 1rem);}.kadence-column900_cd6626-25 > .kt-inside-inner-col{flex-direction:column;}.kadence-column900_cd6626-25 > .kt-inside-inner-col > .aligncenter{width:100%;}.kadence-column900_cd6626-25 > .kt-inside-inner-col:before{opacity:0.3;}.kadence-column900_cd6626-25{position:relative;}@media all and (max-width: 1024px){.kadence-column900_cd6626-25 > .kt-inside-inner-col{flex-direction:column;justify-content:center;}}@media all and (max-width: 767px){.kadence-column900_cd6626-25 > .kt-inside-inner-col{flex-direction:column;justify-content:center;}}<\/style>\n<div class=\"wp-block-kadence-column kadence-column900_cd6626-25\"><div class=\"kt-inside-inner-col\">\n<figure data-wp-context=\"{&quot;imageId&quot;:&quot;69e3c082534c3&quot;}\" data-wp-interactive=\"core\/image\" data-wp-key=\"69e3c082534c3\" class=\"wp-block-image size-large wp-lightbox-container\"><img loading=\"lazy\" decoding=\"async\" width=\"768\" height=\"1024\" data-wp-class--hide=\"state.isContentHidden\" data-wp-class--show=\"state.isContentVisible\" data-wp-init=\"callbacks.setButtonStyles\" data-wp-on--click=\"actions.showLightbox\" data-wp-on--load=\"callbacks.setButtonStyles\" data-wp-on-window--resize=\"callbacks.setButtonStyles\" src=\"https:\/\/salamrassi.com\/wp-content\/uploads\/2024\/11\/pl07-768x1024.jpg\" alt=\"\" class=\"wp-image-369\" srcset=\"https:\/\/salamrassi.com\/wp-content\/uploads\/2024\/11\/pl07-768x1024.jpg 768w, https:\/\/salamrassi.com\/wp-content\/uploads\/2024\/11\/pl07-225x300.jpg 225w, https:\/\/salamrassi.com\/wp-content\/uploads\/2024\/11\/pl07-9x12.jpg 9w, https:\/\/salamrassi.com\/wp-content\/uploads\/2024\/11\/pl07.jpg 1000w\" sizes=\"auto, (max-width: 768px) 100vw, 768px\" \/><button\n\t\t\tclass=\"lightbox-trigger\"\n\t\t\ttype=\"button\"\n\t\t\taria-haspopup=\"dialog\"\n\t\t\taria-label=\"Enlarge\"\n\t\t\tdata-wp-init=\"callbacks.initTriggerButton\"\n\t\t\tdata-wp-on--click=\"actions.showLightbox\"\n\t\t\tdata-wp-style--right=\"state.imageButtonRight\"\n\t\t\tdata-wp-style--top=\"state.imageButtonTop\"\n\t\t>\n\t\t\t<svg xmlns=\"http:\/\/www.w3.org\/2000\/svg\" width=\"12\" height=\"12\" fill=\"none\" viewbox=\"0 0 12 12\">\n\t\t\t\t<path fill=\"#fff\" d=\"M2 0a2 2 0 0 0-2 2v2h1.5V2a.5.5 0 0 1 .5-.5h2V0H2Zm2 10.5H2a.5.5 0 0 1-.5-.5V8H0v2a2 2 0 0 0 2 2h2v-1.5ZM8 12v-1.5h2a.5.5 0 0 0 .5-.5V8H12v2a2 2 0 0 1-2 2H8Zm2-12a2 2 0 0 1 2 2v2h-1.5V2a.5.5 0 0 0-.5-.5H8V0h2Z\" \/>\n\t\t\t<\/svg>\n\t\t<\/button><\/figure>\n<\/div><\/div>\n\n\n<style>.kadence-column900_d3065d-29 > .kt-inside-inner-col,.kadence-column900_d3065d-29 > .kt-inside-inner-col:before{border-top-left-radius:0px;border-top-right-radius:0px;border-bottom-right-radius:0px;border-bottom-left-radius:0px;}.kadence-column900_d3065d-29 > .kt-inside-inner-col{column-gap:var(--global-kb-gap-sm, 1rem);}.kadence-column900_d3065d-29 > .kt-inside-inner-col{flex-direction:column;}.kadence-column900_d3065d-29 > .kt-inside-inner-col > .aligncenter{width:100%;}.kadence-column900_d3065d-29 > .kt-inside-inner-col:before{opacity:0.3;}.kadence-column900_d3065d-29{position:relative;}@media all and (max-width: 1024px){.kadence-column900_d3065d-29 > .kt-inside-inner-col{flex-direction:column;justify-content:center;}}@media all and (max-width: 767px){.kadence-column900_d3065d-29 > .kt-inside-inner-col{flex-direction:column;justify-content:center;}}<\/style>\n<div class=\"wp-block-kadence-column kadence-column900_d3065d-29\"><div class=\"kt-inside-inner-col\">\n<div class=\"wp-block-group is-layout-grid wp-container-core-group-is-layout-baef362d wp-block-group-is-layout-grid\">\n<div style=\"height:20px\" aria-hidden=\"true\" class=\"wp-block-spacer\"><\/div>\n\n\n\n<div style=\"height:20px\" aria-hidden=\"true\" class=\"wp-block-spacer\"><\/div>\n<\/div>\n<\/div><\/div>\n<\/div><\/div>\n\n\n<style>.kadence-column900_c3162e-b6 > .kt-inside-inner-col,.kadence-column900_c3162e-b6 > .kt-inside-inner-col:before{border-top-left-radius:0px;border-top-right-radius:0px;border-bottom-right-radius:0px;border-bottom-left-radius:0px;}.kadence-column900_c3162e-b6 > .kt-inside-inner-col{column-gap:var(--global-kb-gap-sm, 1rem);}.kadence-column900_c3162e-b6 > .kt-inside-inner-col{flex-direction:column;}.kadence-column900_c3162e-b6 > .kt-inside-inner-col > .aligncenter{width:100%;}.kadence-column900_c3162e-b6 > .kt-inside-inner-col:before{opacity:0.3;}.kadence-column900_c3162e-b6{position:relative;}@media all and (max-width: 1024px){.kadence-column900_c3162e-b6 > .kt-inside-inner-col{flex-direction:column;justify-content:center;}}@media all and (max-width: 767px){.kadence-column900_c3162e-b6 > .kt-inside-inner-col{flex-direction:column;justify-content:center;}}<\/style>\n<div class=\"wp-block-kadence-column kadence-column900_c3162e-b6\"><div class=\"kt-inside-inner-col\">\n<div style=\"height:24px\" aria-hidden=\"true\" class=\"wp-block-spacer\"><\/div>\n\n\n\n<h2 class=\"wp-block-heading has-large-font-size\">Black Walnut Topography<\/h2>\n\n\n\n<p><\/p>\n\n\n\n<p class=\"has-text-align-left has-theme-palette-2-color has-text-color has-link-color has-small-font-size wp-elements-7ab2a525299a27921cb3bef8b879042a\">Thank you for your interest \u2014 this piece now belongs to a private collection. Browse other works <a href=\"https:\/\/salamrassi.com\/en\/planches\/\" title=\"\">here.<\/a><\/p>\n\n\n\n<p class=\"has-text-align-left has-small-font-size\" style=\"font-style:normal;font-weight:300\">This elegant board adapts perfectly to your most refined culinary creations. Its versatility makes it an essential accessory in the kitchen, whether for preparation or presentation of your dishes. Ideal for showcasing local products such as cheeses and cured meats, as well as nuts and fruits, it transforms each meal into a gastronomic experience, from appetizers to final sweet treats. It's both a practical and aesthetic object that will enhance your table and impress your guests. To avoid knife marks, it is strongly recommended to do your cutting on a board designed for that purpose.<\/p>\n\n\n\n<ul class=\"wp-block-list\">\n<li class=\"has-small-font-size\" style=\"font-style:normal;font-weight:400\">Composition: Black Walnut and epoxy.<\/li>\n\n\n\n<li class=\"has-small-font-size\" style=\"font-style:normal;font-weight:400\">Dimensions: 15&Prime; X 17&Prime; X 1\/2&Prime;<\/li>\n\n\n\n<li class=\"has-small-font-size\" style=\"font-style:normal;font-weight:400\">Cleaning: Wash with mild soap and wipe dry<\/li>\n<\/ul>\n<\/div><\/div>\n\n\n<style>.kadence-column900_b99221-cb > .kt-inside-inner-col,.kadence-column900_b99221-cb > .kt-inside-inner-col:before{border-top-left-radius:0px;border-top-right-radius:0px;border-bottom-right-radius:0px;border-bottom-left-radius:0px;}.kadence-column900_b99221-cb > .kt-inside-inner-col{column-gap:var(--global-kb-gap-sm, 1rem);}.kadence-column900_b99221-cb > .kt-inside-inner-col{flex-direction:column;}.kadence-column900_b99221-cb > .kt-inside-inner-col > .aligncenter{width:100%;}.kadence-column900_b99221-cb > .kt-inside-inner-col:before{opacity:0.3;}.kadence-column900_b99221-cb{position:relative;}@media all and (max-width: 1024px){.kadence-column900_b99221-cb > .kt-inside-inner-col{flex-direction:column;justify-content:center;}}@media all and (max-width: 767px){.kadence-column900_b99221-cb > .kt-inside-inner-col{flex-direction:column;justify-content:center;}}<\/style>\n<div class=\"wp-block-kadence-column kadence-column900_b99221-cb\"><div class=\"kt-inside-inner-col\"><\/div><\/div>\n\n<\/div><\/div>\n\n\n<p><\/p>","protected":false},"excerpt":{"rendered":"<p>Noyer Noir Topographie Merci de votre int\u00e9r\u00eat \u2014 cette planche appartient d\u00e9sormais \u00e0 une collection priv\u00e9e. D\u00e9couvrez d&rsquo;autres planches ici. Cette \u00e9l\u00e9gante planche s&rsquo;adapte parfaitement \u00e0 vos cr\u00e9ations culinaires les plus raffin\u00e9es. Sa polyvalence en fait un accessoire indispensable en cuisine, que ce soit pour la pr\u00e9paration ou la pr\u00e9sentation de vos mets. Id\u00e9ale pour&#8230;<\/p>","protected":false},"author":2,"featured_media":0,"parent":181,"menu_order":0,"comment_status":"closed","ping_status":"closed","template":"","meta":{"om_disable_all_campaigns":false,"_monsterinsights_skip_tracking":false,"_monsterinsights_sitenote_active":false,"_monsterinsights_sitenote_note":"","_monsterinsights_sitenote_category":0,"_kad_post_transparent":"","_kad_post_title":"","_kad_post_layout":"","_kad_post_sidebar_id":"","_kad_post_content_style":"","_kad_post_vertical_padding":"","_kad_post_feature":"","_kad_post_feature_position":"","_kad_post_header":false,"_kad_post_footer":false,"_kad_post_classname":"","footnotes":""},"class_list":["post-900","page","type-page","status-publish","hentry"],"aioseo_notices":[],"_links":{"self":[{"href":"https:\/\/salamrassi.com\/en\/wp-json\/wp\/v2\/pages\/900","targetHints":{"allow":["GET"]}}],"collection":[{"href":"https:\/\/salamrassi.com\/en\/wp-json\/wp\/v2\/pages"}],"about":[{"href":"https:\/\/salamrassi.com\/en\/wp-json\/wp\/v2\/types\/page"}],"author":[{"embeddable":true,"href":"https:\/\/salamrassi.com\/en\/wp-json\/wp\/v2\/users\/2"}],"replies":[{"embeddable":true,"href":"https:\/\/salamrassi.com\/en\/wp-json\/wp\/v2\/comments?post=900"}],"version-history":[{"count":5,"href":"https:\/\/salamrassi.com\/en\/wp-json\/wp\/v2\/pages\/900\/revisions"}],"predecessor-version":[{"id":1596,"href":"https:\/\/salamrassi.com\/en\/wp-json\/wp\/v2\/pages\/900\/revisions\/1596"}],"up":[{"embeddable":true,"href":"https:\/\/salamrassi.com\/en\/wp-json\/wp\/v2\/pages\/181"}],"wp:attachment":[{"href":"https:\/\/salamrassi.com\/en\/wp-json\/wp\/v2\/media?parent=900"}],"curies":[{"name":"wp","href":"https:\/\/api.w.org\/{rel}","templated":true}]}}