{"id":909,"date":"2024-11-28T15:24:47","date_gmt":"2024-11-28T15:24:47","guid":{"rendered":"https:\/\/salamrassi.com\/?page_id=909"},"modified":"2025-01-11T15:05:25","modified_gmt":"2025-01-11T15:05:25","slug":"noyer-noir-duo-table-2","status":"publish","type":"page","link":"https:\/\/salamrassi.com\/en\/planches\/noyer-noir-duo-table-2\/","title":{"rendered":"BLACK WALNUT TABLE DUO 2"},"content":{"rendered":"<div style=\"height:75px\" aria-hidden=\"true\" class=\"wp-block-spacer colored-spacer\"><\/div>\n\n\n\n<div style=\"height:30px\" aria-hidden=\"true\" class=\"wp-block-spacer\"><\/div>\n\n\n<style>.kb-row-layout-id909_9c1699-47 > .kt-row-column-wrap{align-content:start;}:where(.kb-row-layout-id909_9c1699-47 > .kt-row-column-wrap) > .wp-block-kadence-column{justify-content:start;}.kb-row-layout-id909_9c1699-47 > .kt-row-column-wrap{column-gap:var(--global-kb-gap-md, 2rem);row-gap:var(--global-kb-gap-md, 2rem);padding-top:var(--global-kb-spacing-sm, 1.5rem);padding-bottom:var(--global-kb-spacing-sm, 1.5rem);grid-template-columns:minmax(0, calc(10% - ((var(--global-kb-gap-md, 2rem) * 2 )\/3)))minmax(0, calc(75% - ((var(--global-kb-gap-md, 2rem) * 2 )\/3)))minmax(0, calc(15% - ((var(--global-kb-gap-md, 2rem) * 2 )\/3)));}.kb-row-layout-id909_9c1699-47 > .kt-row-layout-overlay{opacity:0.30;}@media all and (max-width: 1024px){.kb-row-layout-id909_9c1699-47 > .kt-row-column-wrap > div:not(.added-for-specificity){grid-column:initial;}}@media all and (max-width: 1024px){.kb-row-layout-id909_9c1699-47 > .kt-row-column-wrap{grid-template-columns:minmax(0, 1fr) minmax(0, 6fr) minmax(0, 1fr);}}@media all and (max-width: 767px){.kb-row-layout-id909_9c1699-47 > .kt-row-column-wrap > div:not(.added-for-specificity){grid-column:initial;}.kb-row-layout-id909_9c1699-47 > .kt-row-column-wrap{grid-template-columns:minmax(0, 1fr);}}<\/style><div class=\"kb-row-layout-wrap kb-row-layout-id909_9c1699-47 alignnone wp-block-kadence-rowlayout\"><div class=\"kt-row-column-wrap kt-has-3-columns kt-row-layout-center-exwide kt-tab-layout-inherit kt-mobile-layout-row kt-row-valign-top\">\n<style>.kadence-column909_42918c-96 > .kt-inside-inner-col,.kadence-column909_42918c-96 > .kt-inside-inner-col:before{border-top-left-radius:0px;border-top-right-radius:0px;border-bottom-right-radius:0px;border-bottom-left-radius:0px;}.kadence-column909_42918c-96 > .kt-inside-inner-col{column-gap:var(--global-kb-gap-sm, 1rem);}.kadence-column909_42918c-96 > .kt-inside-inner-col{flex-direction:column;}.kadence-column909_42918c-96 > .kt-inside-inner-col > .aligncenter{width:100%;}.kadence-column909_42918c-96 > .kt-inside-inner-col:before{opacity:0.3;}.kadence-column909_42918c-96{position:relative;}@media all and (max-width: 1024px){.kadence-column909_42918c-96 > .kt-inside-inner-col{flex-direction:column;justify-content:center;}}@media all and (max-width: 767px){.kadence-column909_42918c-96 > .kt-inside-inner-col{flex-direction:column;justify-content:center;}}<\/style>\n<div class=\"wp-block-kadence-column kadence-column909_42918c-96\"><div class=\"kt-inside-inner-col\"><\/div><\/div>\n\n\n<style>.kadence-column909_8b66a9-e3 > .kt-inside-inner-col,.kadence-column909_8b66a9-e3 > .kt-inside-inner-col:before{border-top-left-radius:0px;border-top-right-radius:0px;border-bottom-right-radius:0px;border-bottom-left-radius:0px;}.kadence-column909_8b66a9-e3 > .kt-inside-inner-col{column-gap:var(--global-kb-gap-sm, 1rem);}.kadence-column909_8b66a9-e3 > .kt-inside-inner-col{flex-direction:column;}.kadence-column909_8b66a9-e3 > .kt-inside-inner-col > .aligncenter{width:100%;}.kadence-column909_8b66a9-e3 > .kt-inside-inner-col:before{opacity:0.3;}.kadence-column909_8b66a9-e3{position:relative;}@media all and (max-width: 1024px){.kadence-column909_8b66a9-e3 > .kt-inside-inner-col{flex-direction:column;justify-content:center;}}@media all and (max-width: 767px){.kadence-column909_8b66a9-e3 > .kt-inside-inner-col{padding-left:var(--global-kb-spacing-sm, 1.5rem);flex-direction:column;justify-content:center;}}<\/style>\n<div class=\"wp-block-kadence-column kadence-column909_8b66a9-e3\"><div class=\"kt-inside-inner-col\"><div class=\"aioseo-breadcrumbs\"><span class=\"aioseo-breadcrumb\">\n\t\t\t<a href=\"https:\/\/salamrassi.com\/en\" title=\"Home\">Home<\/a>\n\t\t<\/span><\/div><\/div><\/div>\n\n\n<style>.kadence-column909_6d380d-b6 > .kt-inside-inner-col,.kadence-column909_6d380d-b6 > .kt-inside-inner-col:before{border-top-left-radius:0px;border-top-right-radius:0px;border-bottom-right-radius:0px;border-bottom-left-radius:0px;}.kadence-column909_6d380d-b6 > .kt-inside-inner-col{column-gap:var(--global-kb-gap-sm, 1rem);}.kadence-column909_6d380d-b6 > .kt-inside-inner-col{flex-direction:column;}.kadence-column909_6d380d-b6 > .kt-inside-inner-col > .aligncenter{width:100%;}.kadence-column909_6d380d-b6 > .kt-inside-inner-col:before{opacity:0.3;}.kadence-column909_6d380d-b6{position:relative;}@media all and (max-width: 1024px){.kadence-column909_6d380d-b6 > .kt-inside-inner-col{flex-direction:column;justify-content:center;}}@media all and (max-width: 767px){.kadence-column909_6d380d-b6 > .kt-inside-inner-col{flex-direction:column;justify-content:center;}}<\/style>\n<div class=\"wp-block-kadence-column kadence-column909_6d380d-b6\"><div class=\"kt-inside-inner-col\"><\/div><\/div>\n\n<\/div><\/div>\n\n<style>.kb-row-layout-id909_ed7658-ef > .kt-row-column-wrap{align-content:start;}:where(.kb-row-layout-id909_ed7658-ef > .kt-row-column-wrap) > .wp-block-kadence-column{justify-content:start;}.kb-row-layout-id909_ed7658-ef > .kt-row-column-wrap{column-gap:var(--global-kb-gap-md, 2rem);row-gap:var(--global-kb-gap-md, 2rem);padding-top:var(--global-kb-spacing-sm, 1.5rem);padding-bottom:var(--global-kb-spacing-sm, 1.5rem);grid-template-columns:minmax(0, calc(10% - ((var(--global-kb-gap-md, 2rem) * 3 )\/4)))minmax(0, calc(57.4% - ((var(--global-kb-gap-md, 2rem) * 3 )\/4)))minmax(0, calc(22.6% - ((var(--global-kb-gap-md, 2rem) * 3 )\/4)))minmax(0, calc(10% - ((var(--global-kb-gap-md, 2rem) * 3 )\/4)));}.kb-row-layout-id909_ed7658-ef > .kt-row-layout-overlay{opacity:0.30;}@media all and (max-width: 1024px){.kb-row-layout-id909_ed7658-ef > .kt-row-column-wrap > div:not(.added-for-specificity){grid-column:initial;}}@media all and (max-width: 1024px){.kb-row-layout-id909_ed7658-ef > .kt-row-column-wrap{grid-template-columns:repeat(4, minmax(0, 1fr));}}@media all and (max-width: 767px){.kb-row-layout-id909_ed7658-ef > .kt-row-column-wrap{padding-right:var(--global-kb-spacing-xs, 1rem);padding-left:var(--global-kb-spacing-xs, 1rem);grid-template-columns:minmax(0, 1fr);}.kb-row-layout-id909_ed7658-ef > .kt-row-column-wrap > div:not(.added-for-specificity){grid-column:initial;}}<\/style><div class=\"kb-row-layout-wrap kb-row-layout-id909_ed7658-ef alignnone wp-block-kadence-rowlayout\"><div class=\"kt-row-column-wrap kt-has-4-columns kt-row-layout-equal kt-tab-layout-inherit kt-mobile-layout-row kt-row-valign-top\">\n<style>.kadence-column909_ddc745-47 > .kt-inside-inner-col,.kadence-column909_ddc745-47 > .kt-inside-inner-col:before{border-top-left-radius:0px;border-top-right-radius:0px;border-bottom-right-radius:0px;border-bottom-left-radius:0px;}.kadence-column909_ddc745-47 > .kt-inside-inner-col{column-gap:var(--global-kb-gap-sm, 1rem);}.kadence-column909_ddc745-47 > .kt-inside-inner-col{flex-direction:column;}.kadence-column909_ddc745-47 > .kt-inside-inner-col > .aligncenter{width:100%;}.kadence-column909_ddc745-47 > .kt-inside-inner-col:before{opacity:0.3;}.kadence-column909_ddc745-47{position:relative;}@media all and (max-width: 1024px){.kadence-column909_ddc745-47 > .kt-inside-inner-col{flex-direction:column;justify-content:center;}}@media all and (max-width: 767px){.kadence-column909_ddc745-47 > .kt-inside-inner-col{flex-direction:column;justify-content:center;}}<\/style>\n<div class=\"wp-block-kadence-column kadence-column909_ddc745-47\"><div class=\"kt-inside-inner-col\"><\/div><\/div>\n\n\n<style>.kadence-column909_c8f501-15 > .kt-inside-inner-col,.kadence-column909_c8f501-15 > .kt-inside-inner-col:before{border-top-left-radius:0px;border-top-right-radius:0px;border-bottom-right-radius:0px;border-bottom-left-radius:0px;}.kadence-column909_c8f501-15 > .kt-inside-inner-col{column-gap:var(--global-kb-gap-sm, 1rem);}.kadence-column909_c8f501-15 > .kt-inside-inner-col{flex-direction:column;}.kadence-column909_c8f501-15 > .kt-inside-inner-col > .aligncenter{width:100%;}.kadence-column909_c8f501-15 > .kt-inside-inner-col:before{opacity:0.3;}.kadence-column909_c8f501-15{position:relative;}@media all and (max-width: 1024px){.kadence-column909_c8f501-15 > .kt-inside-inner-col{flex-direction:column;justify-content:center;}}@media all and (max-width: 767px){.kadence-column909_c8f501-15 > .kt-inside-inner-col{flex-direction:column;justify-content:center;}}<\/style>\n<div class=\"wp-block-kadence-column kadence-column909_c8f501-15\"><div class=\"kt-inside-inner-col\"><style>.kadence-column909_d81407-9a > .kt-inside-inner-col,.kadence-column909_d81407-9a > .kt-inside-inner-col:before{border-top-left-radius:0px;border-top-right-radius:0px;border-bottom-right-radius:0px;border-bottom-left-radius:0px;}.kadence-column909_d81407-9a > .kt-inside-inner-col{column-gap:var(--global-kb-gap-sm, 1rem);}.kadence-column909_d81407-9a > .kt-inside-inner-col{flex-direction:column;}.kadence-column909_d81407-9a > .kt-inside-inner-col > .aligncenter{width:100%;}.kadence-column909_d81407-9a > .kt-inside-inner-col:before{opacity:0.3;}.kadence-column909_d81407-9a{position:relative;}@media all and (max-width: 1024px){.kadence-column909_d81407-9a > .kt-inside-inner-col{flex-direction:column;justify-content:center;}}@media all and (max-width: 767px){.kadence-column909_d81407-9a > .kt-inside-inner-col{flex-direction:column;justify-content:center;}}<\/style>\n<div class=\"wp-block-kadence-column kadence-column909_d81407-9a\"><div class=\"kt-inside-inner-col\">\n<figure data-wp-context=\"{&quot;imageId&quot;:&quot;69e3c0e2612d4&quot;}\" data-wp-interactive=\"core\/image\" data-wp-key=\"69e3c0e2612d4\" class=\"wp-block-image size-large wp-lightbox-container\"><img loading=\"lazy\" decoding=\"async\" width=\"1024\" height=\"768\" data-wp-class--hide=\"state.isContentHidden\" data-wp-class--show=\"state.isContentVisible\" data-wp-init=\"callbacks.setButtonStyles\" data-wp-on--click=\"actions.showLightbox\" data-wp-on--load=\"callbacks.setButtonStyles\" data-wp-on-window--resize=\"callbacks.setButtonStyles\" src=\"https:\/\/salamrassi.com\/wp-content\/uploads\/2024\/11\/duo02-1024x768.jpg\" alt=\"\" class=\"wp-image-373\" srcset=\"https:\/\/salamrassi.com\/wp-content\/uploads\/2024\/11\/duo02-1024x768.jpg 1024w, https:\/\/salamrassi.com\/wp-content\/uploads\/2024\/11\/duo02-300x225.jpg 300w, https:\/\/salamrassi.com\/wp-content\/uploads\/2024\/11\/duo02-768x576.jpg 768w, https:\/\/salamrassi.com\/wp-content\/uploads\/2024\/11\/duo02-16x12.jpg 16w, https:\/\/salamrassi.com\/wp-content\/uploads\/2024\/11\/duo02.jpg 1333w\" sizes=\"auto, (max-width: 1024px) 100vw, 1024px\" \/><button\n\t\t\tclass=\"lightbox-trigger\"\n\t\t\ttype=\"button\"\n\t\t\taria-haspopup=\"dialog\"\n\t\t\taria-label=\"Enlarge\"\n\t\t\tdata-wp-init=\"callbacks.initTriggerButton\"\n\t\t\tdata-wp-on--click=\"actions.showLightbox\"\n\t\t\tdata-wp-style--right=\"state.imageButtonRight\"\n\t\t\tdata-wp-style--top=\"state.imageButtonTop\"\n\t\t>\n\t\t\t<svg xmlns=\"http:\/\/www.w3.org\/2000\/svg\" width=\"12\" height=\"12\" fill=\"none\" viewbox=\"0 0 12 12\">\n\t\t\t\t<path fill=\"#fff\" d=\"M2 0a2 2 0 0 0-2 2v2h1.5V2a.5.5 0 0 1 .5-.5h2V0H2Zm2 10.5H2a.5.5 0 0 1-.5-.5V8H0v2a2 2 0 0 0 2 2h2v-1.5ZM8 12v-1.5h2a.5.5 0 0 0 .5-.5V8H12v2a2 2 0 0 1-2 2H8Zm2-12a2 2 0 0 1 2 2v2h-1.5V2a.5.5 0 0 0-.5-.5H8V0h2Z\" \/>\n\t\t\t<\/svg>\n\t\t<\/button><\/figure>\n\n\n<style>.wp-block-kadence-spacer.kt-block-spacer-909_089875-d7 .kt-block-spacer{height:6px;}.wp-block-kadence-spacer.kt-block-spacer-909_089875-d7 .kt-divider{border-top-width:1px;height:1px;border-top-color:#eee;width:80%;border-top-style:solid;}<\/style>\n<div class=\"wp-block-kadence-spacer aligncenter kt-block-spacer-909_089875-d7\"><div class=\"kt-block-spacer kt-block-spacer-halign-center\"><\/div><\/div>\n<\/div><\/div>\n\n\n\n<figure class=\"wp-block-image size-large\"><img loading=\"lazy\" decoding=\"async\" width=\"1024\" height=\"768\" src=\"https:\/\/salamrassi.com\/wp-content\/uploads\/2024\/11\/duo2_planches_noyer-1024x768.jpg\" alt=\"\" class=\"wp-image-949\" srcset=\"https:\/\/salamrassi.com\/wp-content\/uploads\/2024\/11\/duo2_planches_noyer-1024x768.jpg 1024w, https:\/\/salamrassi.com\/wp-content\/uploads\/2024\/11\/duo2_planches_noyer-300x225.jpg 300w, https:\/\/salamrassi.com\/wp-content\/uploads\/2024\/11\/duo2_planches_noyer-768x576.jpg 768w, https:\/\/salamrassi.com\/wp-content\/uploads\/2024\/11\/duo2_planches_noyer-16x12.jpg 16w, https:\/\/salamrassi.com\/wp-content\/uploads\/2024\/11\/duo2_planches_noyer.jpg 1333w\" sizes=\"auto, (max-width: 1024px) 100vw, 1024px\" \/><\/figure>\n\n\n<style>.wp-block-kadence-spacer.kt-block-spacer-909_2c34aa-9e .kt-block-spacer{height:6px;}.wp-block-kadence-spacer.kt-block-spacer-909_2c34aa-9e .kt-divider{border-top-width:1px;height:1px;border-top-color:#eee;width:80%;border-top-style:solid;}<\/style>\n<div class=\"wp-block-kadence-spacer aligncenter kt-block-spacer-909_2c34aa-9e\"><div class=\"kt-block-spacer kt-block-spacer-halign-center\"><\/div><\/div>\n\n\n\n<figure class=\"wp-block-image size-large\"><img loading=\"lazy\" decoding=\"async\" width=\"1024\" height=\"767\" src=\"https:\/\/salamrassi.com\/wp-content\/uploads\/2025\/01\/duo9-1024x767.jpg\" alt=\"\" class=\"wp-image-1212\" srcset=\"https:\/\/salamrassi.com\/wp-content\/uploads\/2025\/01\/duo9-1024x767.jpg 1024w, https:\/\/salamrassi.com\/wp-content\/uploads\/2025\/01\/duo9-300x225.jpg 300w, https:\/\/salamrassi.com\/wp-content\/uploads\/2025\/01\/duo9-768x576.jpg 768w, https:\/\/salamrassi.com\/wp-content\/uploads\/2025\/01\/duo9-16x12.jpg 16w, https:\/\/salamrassi.com\/wp-content\/uploads\/2025\/01\/duo9.jpg 1333w\" sizes=\"auto, (max-width: 1024px) 100vw, 1024px\" \/><\/figure>\n<\/div><\/div>\n\n\n<style>.kadence-column907_1e5b83-a3 > .kt-inside-inner-col,.kadence-column907_1e5b83-a3 > .kt-inside-inner-col:before{border-top-left-radius:0px;border-top-right-radius:0px;border-bottom-right-radius:0px;border-bottom-left-radius:0px;}.kadence-column907_1e5b83-a3 > .kt-inside-inner-col{column-gap:var(--global-kb-gap-sm, 1rem);}.kadence-column907_1e5b83-a3 > .kt-inside-inner-col{flex-direction:column;}.kadence-column907_1e5b83-a3 > .kt-inside-inner-col > .aligncenter{width:100%;}.kadence-column907_1e5b83-a3 > .kt-inside-inner-col:before{opacity:0.3;}.kadence-column907_1e5b83-a3{position:relative;}@media all and (max-width: 1024px){.kadence-column907_1e5b83-a3 > .kt-inside-inner-col{flex-direction:column;justify-content:center;}}@media all and (max-width: 767px){.kadence-column907_1e5b83-a3 > .kt-inside-inner-col{flex-direction:column;justify-content:center;}}<\/style>\n<div class=\"wp-block-kadence-column kadence-column907_1e5b83-a3\"><div class=\"kt-inside-inner-col\">\n<div style=\"height:24px\" aria-hidden=\"true\" class=\"wp-block-spacer\"><\/div>\n\n\n\n<h2 class=\"wp-block-heading has-large-font-size\">Black Walnut Table Duo 2<\/h2>\n\n\n\n<p class=\"has-text-align-left has-medium-font-size\">CA$ 240.00<\/p>\n\n\n\n<p class=\"has-text-align-left has-small-font-size\" style=\"font-style:normal;font-weight:300\">These elegant boards adapt perfectly to your most refined culinary creations. Their versatility makes it an essential accessory in the kitchen, whether for preparation or presentation of your dishes. Ideal for showcasing local products such as cheeses and cured meats, as well as nuts and fruits, it transforms each meal into a gastronomic experience, from appetizers to final sweet treats. It's both a practical and aesthetic object that will enhance your table and impress your guests. To avoid knife marks, it is strongly recommended to do your cutting on a board designed for that purpose.<\/p>\n\n\n\n<ul class=\"wp-block-list\">\n<li class=\"has-small-font-size\" style=\"font-style:normal;font-weight:400\">Composition: Black Walnut<\/li>\n\n\n\n<li class=\"has-small-font-size\" style=\"font-style:normal;font-weight:400\">Dimensions: L: 14-1\/2\u2033 X 21-1\/2\u2033\u2033 X 3\/4\u2033 R: 12-1\/4\u2033 X 21-1\/4\u2033 X 3\/4\u2033<\/li>\n\n\n\n<li class=\"has-small-font-size\" style=\"font-style:normal;font-weight:400\">Cleaning: Wash with mild soap and wipe dry<\/li>\n<\/ul>\n<\/div><\/div>\n\n\n<style>.kadence-column909_5f2072-cb > .kt-inside-inner-col,.kadence-column909_5f2072-cb > .kt-inside-inner-col:before{border-top-left-radius:0px;border-top-right-radius:0px;border-bottom-right-radius:0px;border-bottom-left-radius:0px;}.kadence-column909_5f2072-cb > .kt-inside-inner-col{column-gap:var(--global-kb-gap-sm, 1rem);}.kadence-column909_5f2072-cb > .kt-inside-inner-col{flex-direction:column;}.kadence-column909_5f2072-cb > .kt-inside-inner-col > .aligncenter{width:100%;}.kadence-column909_5f2072-cb > .kt-inside-inner-col:before{opacity:0.3;}.kadence-column909_5f2072-cb{position:relative;}@media all and (max-width: 1024px){.kadence-column909_5f2072-cb > .kt-inside-inner-col{flex-direction:column;justify-content:center;}}@media all and (max-width: 767px){.kadence-column909_5f2072-cb > .kt-inside-inner-col{flex-direction:column;justify-content:center;}}<\/style>\n<div class=\"wp-block-kadence-column kadence-column909_5f2072-cb\"><div class=\"kt-inside-inner-col\"><\/div><\/div>\n\n<\/div><\/div>","protected":false},"excerpt":{"rendered":"<p>Noyer Noir Duo Table 2 CA$ 240.00 Ces \u00e9l\u00e9gantes planches s&rsquo;adaptent parfaitement \u00e0 vos cr\u00e9ations culinaires les plus raffin\u00e9es. Leur polyvalence en fait un accessoire indispensable en cuisine, que ce soit pour la pr\u00e9paration ou la pr\u00e9sentation de vos mets. Id\u00e9ales pour mettre en valeur les produits du terroir tels que fromages et charcuteries agr\u00e9ment\u00e9s&#8230;<\/p>","protected":false},"author":2,"featured_media":0,"parent":181,"menu_order":0,"comment_status":"closed","ping_status":"closed","template":"","meta":{"om_disable_all_campaigns":false,"_monsterinsights_skip_tracking":false,"_monsterinsights_sitenote_active":false,"_monsterinsights_sitenote_note":"","_monsterinsights_sitenote_category":0,"_kad_post_transparent":"","_kad_post_title":"","_kad_post_layout":"","_kad_post_sidebar_id":"","_kad_post_content_style":"","_kad_post_vertical_padding":"","_kad_post_feature":"","_kad_post_feature_position":"","_kad_post_header":false,"_kad_post_footer":false,"_kad_post_classname":"","footnotes":""},"class_list":["post-909","page","type-page","status-publish","hentry"],"aioseo_notices":[],"_links":{"self":[{"href":"https:\/\/salamrassi.com\/en\/wp-json\/wp\/v2\/pages\/909","targetHints":{"allow":["GET"]}}],"collection":[{"href":"https:\/\/salamrassi.com\/en\/wp-json\/wp\/v2\/pages"}],"about":[{"href":"https:\/\/salamrassi.com\/en\/wp-json\/wp\/v2\/types\/page"}],"author":[{"embeddable":true,"href":"https:\/\/salamrassi.com\/en\/wp-json\/wp\/v2\/users\/2"}],"replies":[{"embeddable":true,"href":"https:\/\/salamrassi.com\/en\/wp-json\/wp\/v2\/comments?post=909"}],"version-history":[{"count":16,"href":"https:\/\/salamrassi.com\/en\/wp-json\/wp\/v2\/pages\/909\/revisions"}],"predecessor-version":[{"id":1451,"href":"https:\/\/salamrassi.com\/en\/wp-json\/wp\/v2\/pages\/909\/revisions\/1451"}],"up":[{"embeddable":true,"href":"https:\/\/salamrassi.com\/en\/wp-json\/wp\/v2\/pages\/181"}],"wp:attachment":[{"href":"https:\/\/salamrassi.com\/en\/wp-json\/wp\/v2\/media?parent=909"}],"curies":[{"name":"wp","href":"https:\/\/api.w.org\/{rel}","templated":true}]}}